{"id":93772,"date":"2019-07-11T13:55:08","date_gmt":"2019-07-11T13:55:08","guid":{"rendered":"https:\/\/www.3p-gmbh.de\/produkt\/wohlenberg-cut-tec-115-machine-a-decouper\/"},"modified":"2019-07-11T13:55:08","modified_gmt":"2019-07-11T13:55:08","slug":"machine-de-decoupe-7","status":"publish","type":"product","link":"https:\/\/www.3p-gmbh.de\/fr\/produkt\/machine-de-decoupe-7\/","title":{"rendered":"Wohlenberg cut-tec 115 Machine \u00e0 d\u00e9couper"},"content":{"rendered":"<ul>\n<li>r\u00e9vis\u00e9 en atelier<\/li>\n<li>Largeur de coupe 115 cm<\/li>\n<li>avec \u00e9cran (passif)<\/li>\n<li>protection en plexiglas sur la table arri\u00e8re<\/li>\n<li>Tables de caisson d&rsquo;air en acier inoxydable \u00e0 gauche et \u00e0 droite<\/li>\n<\/ul>\n","protected":false},"excerpt":{"rendered":"<p>r\u00e9vis\u00e9 en atelier Largeur de coupe 115 cm avec \u00e9cran (passif) protection en plexiglas sur la table arri\u00e8re Tables de caisson d&rsquo;air en acier inoxydable \u00e0 gauche et \u00e0 droite<\/p>\n","protected":false},"featured_media":55366,"template":"","meta":[],"product_brand":[],"product_cat":[3016],"product_tag":[],"class_list":{"0":"post-93772","1":"product","2":"type-product","3":"status-publish","4":"has-post-thumbnail","6":"product_cat-machines-de-decoupe","7":"pa_baujahr-158","8":"pa_hersteller-wohlenberg","9":"pa_typ-cut-tec-115","11":"first","12":"instock","13":"sold-individually","14":"taxable","15":"shipping-taxable","16":"purchasable","17":"product-type-simple"},"jetpack_sharing_enabled":true,"_links":{"self":[{"href":"https:\/\/www.3p-gmbh.de\/fr\/wp-json\/wp\/v2\/product\/93772","targetHints":{"allow":["GET"]}}],"collection":[{"href":"https:\/\/www.3p-gmbh.de\/fr\/wp-json\/wp\/v2\/product"}],"about":[{"href":"https:\/\/www.3p-gmbh.de\/fr\/wp-json\/wp\/v2\/types\/product"}],"wp:featuredmedia":[{"embeddable":true,"href":"https:\/\/www.3p-gmbh.de\/fr\/wp-json\/wp\/v2\/media\/55366"}],"wp:attachment":[{"href":"https:\/\/www.3p-gmbh.de\/fr\/wp-json\/wp\/v2\/media?parent=93772"}],"wp:term":[{"taxonomy":"product_brand","embeddable":true,"href":"https:\/\/www.3p-gmbh.de\/fr\/wp-json\/wp\/v2\/product_brand?post=93772"},{"taxonomy":"product_cat","embeddable":true,"href":"https:\/\/www.3p-gmbh.de\/fr\/wp-json\/wp\/v2\/product_cat?post=93772"},{"taxonomy":"product_tag","embeddable":true,"href":"https:\/\/www.3p-gmbh.de\/fr\/wp-json\/wp\/v2\/product_tag?post=93772"}],"curies":[{"name":"wp","href":"https:\/\/api.w.org\/{rel}","templated":true}]}}