{"id":93767,"date":"2019-07-11T13:55:19","date_gmt":"2019-07-11T13:55:19","guid":{"rendered":"https:\/\/www.3p-gmbh.de\/produkt\/horizon-ht-30-c-coupeuse-automatique-rotative-a-trois-lames\/"},"modified":"2019-07-11T13:55:19","modified_gmt":"2019-07-11T13:55:19","slug":"coupeuse-automatique-rotative-a-trois-lames","status":"publish","type":"product","link":"https:\/\/www.3p-gmbh.de\/fr\/produkt\/coupeuse-automatique-rotative-a-trois-lames\/","title":{"rendered":"Horizon HT-30 C coupeuse automatique rotative \u00e0 trois lames"},"content":{"rendered":"<p><strong>Horizon HT-30 C coupeuse automatique rotative \u00e0 trois lames<br \/>\nd&rsquo;environ 2017 &#8211; un total de 813 544 coupes<\/strong><\/p>\n<p>Sa rentabilit\u00e9 fait de ce massicot rotatif automatique une v\u00e9ritable alternative aux machines automatiques \u00e0 trois couteaux pour le traitement hors ligne de petits tirages. Il travaille de mani\u00e8re totalement autonome et sans supervision. Il suffit d&rsquo;entrer les formats de livres sur l&rsquo;\u00e9cran tactile, ainsi que le nombre de livres pour l&rsquo;op\u00e9ration &#8211; la machine fait le reste.<br \/>\nLe HT-30c coupe les livres sur trois c\u00f4t\u00e9s : proprement, avec pr\u00e9cision &#8211; avec un seul couteau, toujours dans la reliure sans l&rsquo;endommager.<\/p>\n<ul>\n<li>Vitesse 220 &#8211; 520 cycles \/ h<\/li>\n<li>Pression d&rsquo;application 1,5 &#8211; 8 kN<\/li>\n<li>Dimensions de la machine 2.350 x 1.160 x 1.370 mm (L x P x H)<\/li>\n<li>max. Format non coup\u00e9 320 x 235mm<\/li>\n<li>min. format non mont\u00e9 200 x 134 mm<\/li>\n<li>max. Format recadr\u00e9 305 x 230 mm<\/li>\n<li>min. Format recadr\u00e9 200 x 134 mm<\/li>\n<li>max. \u00c9paisseur du bloc 51mm<\/li>\n<\/ul>\n<p>380V<br \/>\nDimensions (LxlxH) : 235x116x137<br \/>\nPoids : 1040kg<\/p>\n","protected":false},"excerpt":{"rendered":"<p>Horizon HT-30 C coupeuse automatique rotative \u00e0 trois lames d&rsquo;environ 2017 &#8211; un total de 813 544 coupes Sa rentabilit\u00e9 fait de ce massicot rotatif automatique une v\u00e9ritable alternative aux machines automatiques \u00e0 trois couteaux pour le traitement hors ligne de petits tirages. Il travaille de mani\u00e8re totalement autonome et sans supervision. Il suffit d&rsquo;entrer [&hellip;]<\/p>\n","protected":false},"featured_media":60830,"template":"","meta":[],"product_brand":[],"product_cat":[3016],"product_tag":[],"class_list":{"0":"post-93767","1":"product","2":"type-product","3":"status-publish","4":"has-post-thumbnail","6":"product_cat-machines-de-decoupe","7":"pa_baujahr-711","8":"pa_hersteller-horizon","9":"pa_typ-ht-30c","11":"first","12":"instock","13":"sold-individually","14":"taxable","15":"shipping-taxable","16":"purchasable","17":"product-type-simple"},"jetpack_sharing_enabled":true,"_links":{"self":[{"href":"https:\/\/www.3p-gmbh.de\/fr\/wp-json\/wp\/v2\/product\/93767","targetHints":{"allow":["GET"]}}],"collection":[{"href":"https:\/\/www.3p-gmbh.de\/fr\/wp-json\/wp\/v2\/product"}],"about":[{"href":"https:\/\/www.3p-gmbh.de\/fr\/wp-json\/wp\/v2\/types\/product"}],"wp:featuredmedia":[{"embeddable":true,"href":"https:\/\/www.3p-gmbh.de\/fr\/wp-json\/wp\/v2\/media\/60830"}],"wp:attachment":[{"href":"https:\/\/www.3p-gmbh.de\/fr\/wp-json\/wp\/v2\/media?parent=93767"}],"wp:term":[{"taxonomy":"product_brand","embeddable":true,"href":"https:\/\/www.3p-gmbh.de\/fr\/wp-json\/wp\/v2\/product_brand?post=93767"},{"taxonomy":"product_cat","embeddable":true,"href":"https:\/\/www.3p-gmbh.de\/fr\/wp-json\/wp\/v2\/product_cat?post=93767"},{"taxonomy":"product_tag","embeddable":true,"href":"https:\/\/www.3p-gmbh.de\/fr\/wp-json\/wp\/v2\/product_tag?post=93767"}],"curies":[{"name":"wp","href":"https:\/\/api.w.org\/{rel}","templated":true}]}}