{"id":93763,"date":"2019-07-11T13:55:08","date_gmt":"2019-07-11T13:55:08","guid":{"rendered":"https:\/\/www.3p-gmbh.de\/produkt\/cisaille-a-carton-schimanek-type-10-avec-support\/"},"modified":"2019-07-11T13:55:08","modified_gmt":"2019-07-11T13:55:08","slug":"ciseaux-en-carton-avec-support","status":"publish","type":"product","link":"https:\/\/www.3p-gmbh.de\/fr\/produkt\/ciseaux-en-carton-avec-support\/","title":{"rendered":"Cisaille \u00e0 carton Schimanek type 10 avec support"},"content":{"rendered":"<ul>\n<li>mod\u00e8le lourd avec table en fonte massive<\/li>\n<li>longueur de coupe 1200mm<\/li>\n<li>Largeur de la table 1000mm<\/li>\n<li>hauteur de table 800 mm<\/li>\n<li>But\u00e9e avant et couteau \u00e9troit<\/li>\n<li>Barre d&rsquo;appui et installation d&rsquo;angle mobile sur celle-ci<\/li>\n<li>\u00c9chelles de mesure en mm<\/li>\n<li>couteau inf\u00e9rieur r\u00e9glable<\/li>\n<li>Protection des couteaux<\/li>\n<li>angle crois\u00e9 et transversal d\u00e9pla\u00e7able<\/li>\n<li>Installation d&rsquo;angle grande avec angle transversal<\/li>\n<\/ul>\n","protected":false},"excerpt":{"rendered":"<p>mod\u00e8le lourd avec table en fonte massive longueur de coupe 1200mm Largeur de la table 1000mm hauteur de table 800 mm But\u00e9e avant et couteau \u00e9troit Barre d&rsquo;appui et installation d&rsquo;angle mobile sur celle-ci \u00c9chelles de mesure en mm couteau inf\u00e9rieur r\u00e9glable Protection des couteaux angle crois\u00e9 et transversal d\u00e9pla\u00e7able Installation d&rsquo;angle grande avec angle [&hellip;]<\/p>\n","protected":false},"featured_media":57109,"template":"","meta":[],"product_brand":[],"product_cat":[3016],"product_tag":[],"class_list":{"0":"post-93763","1":"product","2":"type-product","3":"status-publish","4":"has-post-thumbnail","6":"product_cat-machines-de-decoupe","7":"pa_baujahr-843","8":"pa_hersteller-schimanek-maschinenfabrik","9":"pa_typ-schimanek-typ-10","11":"first","12":"instock","13":"sold-individually","14":"taxable","15":"shipping-taxable","16":"purchasable","17":"product-type-simple"},"jetpack_sharing_enabled":true,"_links":{"self":[{"href":"https:\/\/www.3p-gmbh.de\/fr\/wp-json\/wp\/v2\/product\/93763","targetHints":{"allow":["GET"]}}],"collection":[{"href":"https:\/\/www.3p-gmbh.de\/fr\/wp-json\/wp\/v2\/product"}],"about":[{"href":"https:\/\/www.3p-gmbh.de\/fr\/wp-json\/wp\/v2\/types\/product"}],"wp:featuredmedia":[{"embeddable":true,"href":"https:\/\/www.3p-gmbh.de\/fr\/wp-json\/wp\/v2\/media\/57109"}],"wp:attachment":[{"href":"https:\/\/www.3p-gmbh.de\/fr\/wp-json\/wp\/v2\/media?parent=93763"}],"wp:term":[{"taxonomy":"product_brand","embeddable":true,"href":"https:\/\/www.3p-gmbh.de\/fr\/wp-json\/wp\/v2\/product_brand?post=93763"},{"taxonomy":"product_cat","embeddable":true,"href":"https:\/\/www.3p-gmbh.de\/fr\/wp-json\/wp\/v2\/product_cat?post=93763"},{"taxonomy":"product_tag","embeddable":true,"href":"https:\/\/www.3p-gmbh.de\/fr\/wp-json\/wp\/v2\/product_tag?post=93763"}],"curies":[{"name":"wp","href":"https:\/\/api.w.org\/{rel}","templated":true}]}}