{"id":93751,"date":"2019-07-11T13:55:23","date_gmt":"2019-07-11T13:55:23","guid":{"rendered":"https:\/\/www.3p-gmbh.de\/produkt\/heidelberg-stahl-t-36-6-4-kb-f-sa-plieuse-a-poches-petit-format\/"},"modified":"2019-07-11T13:55:23","modified_gmt":"2019-07-11T13:55:23","slug":"plieuse-a-poches-petit-format","status":"publish","type":"product","link":"https:\/\/www.3p-gmbh.de\/fr\/produkt\/plieuse-a-poches-petit-format\/","title":{"rendered":"Heidelberg \/ Stahl T 36-6-4-KB-F SA Plieuse \u00e0 poches petit format"},"content":{"rendered":"<ul>\n<li>Ann\u00e9e de construction 1991<\/li>\n<li>format minimal 10 x 15 cm<\/li>\n<li>format maximum 4 x 84 cm<\/li>\n<li>Margeur \u00e0 pile plate avec compteur \u00e0 pr\u00e9s\u00e9lection EVZ<\/li>\n<li>FW 1 avec 6 poches de pliage 36cm avec protection antibruit et arbre porte-lames en aval<\/li>\n<li>FW 1 avec 4 poches de pliage 36cm avec protection antibruit et arbre porte-lames en aval<\/li>\n<li>rupture de croix accrochable avec une \u00e9p\u00e9e<\/li>\n<li>sortie \u00e0 \u00e9cailles accrochable<\/li>\n<li>Compresseur \u00e0 vide sous pression<\/li>\n<\/ul>\n","protected":false},"excerpt":{"rendered":"<p>Ann\u00e9e de construction 1991 format minimal 10 x 15 cm format maximum 4 x 84 cm Margeur \u00e0 pile plate avec compteur \u00e0 pr\u00e9s\u00e9lection EVZ FW 1 avec 6 poches de pliage 36cm avec protection antibruit et arbre porte-lames en aval FW 1 avec 4 poches de pliage 36cm avec protection antibruit et arbre porte-lames [&hellip;]<\/p>\n","protected":false},"featured_media":54168,"template":"","meta":[],"product_brand":[],"product_cat":[2984],"product_tag":[],"class_list":{"0":"post-93751","1":"product","2":"type-product","3":"status-publish","4":"has-post-thumbnail","6":"product_cat-plieuses-fr","7":"pa_baujahr-404","8":"pa_hersteller-stahl-ludwigsburg","9":"pa_typ-stahl-t-36-6-4-kb-f-sa","11":"first","12":"instock","13":"sold-individually","14":"taxable","15":"shipping-taxable","16":"purchasable","17":"product-type-simple"},"jetpack_sharing_enabled":true,"_links":{"self":[{"href":"https:\/\/www.3p-gmbh.de\/fr\/wp-json\/wp\/v2\/product\/93751","targetHints":{"allow":["GET"]}}],"collection":[{"href":"https:\/\/www.3p-gmbh.de\/fr\/wp-json\/wp\/v2\/product"}],"about":[{"href":"https:\/\/www.3p-gmbh.de\/fr\/wp-json\/wp\/v2\/types\/product"}],"wp:featuredmedia":[{"embeddable":true,"href":"https:\/\/www.3p-gmbh.de\/fr\/wp-json\/wp\/v2\/media\/54168"}],"wp:attachment":[{"href":"https:\/\/www.3p-gmbh.de\/fr\/wp-json\/wp\/v2\/media?parent=93751"}],"wp:term":[{"taxonomy":"product_brand","embeddable":true,"href":"https:\/\/www.3p-gmbh.de\/fr\/wp-json\/wp\/v2\/product_brand?post=93751"},{"taxonomy":"product_cat","embeddable":true,"href":"https:\/\/www.3p-gmbh.de\/fr\/wp-json\/wp\/v2\/product_cat?post=93751"},{"taxonomy":"product_tag","embeddable":true,"href":"https:\/\/www.3p-gmbh.de\/fr\/wp-json\/wp\/v2\/product_tag?post=93751"}],"curies":[{"name":"wp","href":"https:\/\/api.w.org\/{rel}","templated":true}]}}