{"id":93742,"date":"2019-07-11T13:55:23","date_gmt":"2019-07-11T13:55:23","guid":{"rendered":"https:\/\/www.3p-gmbh.de\/produkt\/ernst-nagel-docufold-plieuse-de-poche\/"},"modified":"2019-07-11T13:55:23","modified_gmt":"2019-07-11T13:55:23","slug":"plieuse-a-deux-poches","status":"publish","type":"product","link":"https:\/\/www.3p-gmbh.de\/fr\/produkt\/plieuse-a-deux-poches\/","title":{"rendered":"Ernst Nagel Docufold Plieuse de poche"},"content":{"rendered":"<p>Le r\u00e9glage de la poche se fait ici uniquement par un volant depuis l&rsquo;ext\u00e9rieur et peut \u00eatre r\u00e9ajust\u00e9 en quelques secondes, la mise en place et le retrait se font \u00e9galement du m\u00eame c\u00f4t\u00e9. Les rouleaux de pliage s&rsquo;ajustent d&rsquo;eux-m\u00eames \u00e0 l&rsquo;\u00e9paisseur du papier et rendent tout r\u00e9glage inutile &#8211; une pr\u00e9vention des possibilit\u00e9s d&rsquo;erreur et un immense gain de temps. Une table d&rsquo;extension peut \u00eatre utilis\u00e9e pour les formats sup\u00e9rieurs.<\/p>\n","protected":false},"excerpt":{"rendered":"<p>Le r\u00e9glage de la poche se fait ici uniquement par un volant depuis l&rsquo;ext\u00e9rieur et peut \u00eatre r\u00e9ajust\u00e9 en quelques secondes, la mise en place et le retrait se font \u00e9galement du m\u00eame c\u00f4t\u00e9. Les rouleaux de pliage s&rsquo;ajustent d&rsquo;eux-m\u00eames \u00e0 l&rsquo;\u00e9paisseur du papier et rendent tout r\u00e9glage inutile &#8211; une pr\u00e9vention des possibilit\u00e9s d&rsquo;erreur [&hellip;]<\/p>\n","protected":false},"featured_media":55417,"template":"","meta":[],"product_brand":[],"product_cat":[2984],"product_tag":[],"class_list":{"0":"post-93742","1":"product","2":"type-product","3":"status-publish","4":"has-post-thumbnail","6":"product_cat-plieuses-fr","7":"pa_baujahr-143","8":"pa_hersteller-ernst-nagel","9":"pa_typ-docufold","11":"first","12":"instock","13":"sold-individually","14":"taxable","15":"shipping-taxable","16":"purchasable","17":"product-type-simple"},"jetpack_sharing_enabled":true,"_links":{"self":[{"href":"https:\/\/www.3p-gmbh.de\/fr\/wp-json\/wp\/v2\/product\/93742","targetHints":{"allow":["GET"]}}],"collection":[{"href":"https:\/\/www.3p-gmbh.de\/fr\/wp-json\/wp\/v2\/product"}],"about":[{"href":"https:\/\/www.3p-gmbh.de\/fr\/wp-json\/wp\/v2\/types\/product"}],"wp:featuredmedia":[{"embeddable":true,"href":"https:\/\/www.3p-gmbh.de\/fr\/wp-json\/wp\/v2\/media\/55417"}],"wp:attachment":[{"href":"https:\/\/www.3p-gmbh.de\/fr\/wp-json\/wp\/v2\/media?parent=93742"}],"wp:term":[{"taxonomy":"product_brand","embeddable":true,"href":"https:\/\/www.3p-gmbh.de\/fr\/wp-json\/wp\/v2\/product_brand?post=93742"},{"taxonomy":"product_cat","embeddable":true,"href":"https:\/\/www.3p-gmbh.de\/fr\/wp-json\/wp\/v2\/product_cat?post=93742"},{"taxonomy":"product_tag","embeddable":true,"href":"https:\/\/www.3p-gmbh.de\/fr\/wp-json\/wp\/v2\/product_tag?post=93742"}],"curies":[{"name":"wp","href":"https:\/\/api.w.org\/{rel}","templated":true}]}}