{"id":93739,"date":"2019-07-11T13:55:23","date_gmt":"2019-07-11T13:55:23","guid":{"rendered":"https:\/\/www.3p-gmbh.de\/produkt\/herzog-heymann-3e-station-m-7-40-plieuse-a-8-poches\/"},"modified":"2019-07-11T13:55:23","modified_gmt":"2019-07-11T13:55:23","slug":"plieuse-a-8-poches","status":"publish","type":"product","link":"https:\/\/www.3p-gmbh.de\/fr\/produkt\/plieuse-a-8-poches\/","title":{"rendered":"Herzog &amp; Heymann 3e station M 7.40 Plieuse \u00e0 8 poches"},"content":{"rendered":"<p>Dans les lignes de publipostage, le groupe de pliage se trouve toujours \u00e0 une position diff\u00e9rente. Parfois au d\u00e9but, au milieu ou \u00e0 la fin. En raison des agr\u00e9gats qui viennent avant ou apr\u00e8s le groupe de pliage, une adaptation de la hauteur est toujours n\u00e9cessaire. De m\u00eame, les plieuses devraient \u00eatre \u00e9quip\u00e9es d&rsquo;une commande et d&rsquo;un entra\u00eenement propres, afin de pouvoir \u00eatre utilis\u00e9es s\u00e9par\u00e9ment en cas de besoin.<\/p>\n<ul>\n<li>Entr\u00e9e de la r\u00e8gle comme 3e station<\/li>\n<li>Diam\u00e8tre des cylindres : 40 mm<\/li>\n<li>paire d&rsquo;arbres de coupe plac\u00e9e en amont<\/li>\n<li>r\u00e9glage motoris\u00e9 de la hauteur<\/li>\n<li>8 poches avec une largeur de travail de 64 cm<\/li>\n<li>paire d&rsquo;arbres de coupe double en aval<\/li>\n<li>Protection contre le bruit<\/li>\n<\/ul>\n","protected":false},"excerpt":{"rendered":"<p>Dans les lignes de publipostage, le groupe de pliage se trouve toujours \u00e0 une position diff\u00e9rente. Parfois au d\u00e9but, au milieu ou \u00e0 la fin. En raison des agr\u00e9gats qui viennent avant ou apr\u00e8s le groupe de pliage, une adaptation de la hauteur est toujours n\u00e9cessaire. De m\u00eame, les plieuses devraient \u00eatre \u00e9quip\u00e9es d&rsquo;une commande [&hellip;]<\/p>\n","protected":false},"featured_media":55402,"template":"","meta":[],"product_brand":[],"product_cat":[2924],"product_tag":[],"class_list":{"0":"post-93739","1":"product","2":"type-product","3":"status-publish","4":"has-post-thumbnail","6":"product_cat-plieuses","7":"pa_baujahr-158","8":"pa_hersteller-herzog-heymann","9":"pa_typ-3-station-m-7-40","11":"first","12":"instock","13":"sold-individually","14":"taxable","15":"shipping-taxable","16":"purchasable","17":"product-type-simple"},"jetpack_sharing_enabled":true,"_links":{"self":[{"href":"https:\/\/www.3p-gmbh.de\/fr\/wp-json\/wp\/v2\/product\/93739","targetHints":{"allow":["GET"]}}],"collection":[{"href":"https:\/\/www.3p-gmbh.de\/fr\/wp-json\/wp\/v2\/product"}],"about":[{"href":"https:\/\/www.3p-gmbh.de\/fr\/wp-json\/wp\/v2\/types\/product"}],"wp:featuredmedia":[{"embeddable":true,"href":"https:\/\/www.3p-gmbh.de\/fr\/wp-json\/wp\/v2\/media\/55402"}],"wp:attachment":[{"href":"https:\/\/www.3p-gmbh.de\/fr\/wp-json\/wp\/v2\/media?parent=93739"}],"wp:term":[{"taxonomy":"product_brand","embeddable":true,"href":"https:\/\/www.3p-gmbh.de\/fr\/wp-json\/wp\/v2\/product_brand?post=93739"},{"taxonomy":"product_cat","embeddable":true,"href":"https:\/\/www.3p-gmbh.de\/fr\/wp-json\/wp\/v2\/product_cat?post=93739"},{"taxonomy":"product_tag","embeddable":true,"href":"https:\/\/www.3p-gmbh.de\/fr\/wp-json\/wp\/v2\/product_tag?post=93739"}],"curies":[{"name":"wp","href":"https:\/\/api.w.org\/{rel}","templated":true}]}}