{"id":93736,"date":"2019-07-11T13:55:23","date_gmt":"2019-07-11T13:55:23","guid":{"rendered":"https:\/\/www.3p-gmbh.de\/produkt\/morgana-ernst-nagel-8000-poseuse-de-ventouses-sous-le-sol\/"},"modified":"2019-07-11T13:55:23","modified_gmt":"2019-07-11T13:55:23","slug":"poteau-daspiration-souterrain","status":"publish","type":"product","link":"https:\/\/www.3p-gmbh.de\/fr\/produkt\/poteau-daspiration-souterrain\/","title":{"rendered":"Morgana \/ Ernst Nagel 8000 Poseuse de ventouses sous le sol"},"content":{"rendered":"<p>Ce margeur par aspiration sous le sol avec table d&rsquo;alignement a une capacit\u00e9 allant jusqu&rsquo;\u00e0 5500 feuilles\/heure. L&rsquo;Universal Feeder est r\u00e9glable en hauteur et peut \u00eatre ajust\u00e9 \u00e0 la hauteur n\u00e9cessaire de l&rsquo;appareil qui le suit. Un syst\u00e8me d&rsquo;air enti\u00e8rement flexible et un contr\u00f4le de la double feuille permettent un passage calme et continu dans la machine qui suit. Cela permet d&rsquo;ajouter du papier en cours de processus. Le margeur \u00e0 succion puissant peut traiter une grande vari\u00e9t\u00e9 de formats et de grammages. Un registre de but\u00e9e lat\u00e9rale et un contr\u00f4le de vitesse sont d&rsquo;autres avantages du margeur. Avec une vitesse de plus de 5 500 feuilles par heure, m\u00eame les appareils qui suivent peuvent profiter de la capacit\u00e9 de l&rsquo;alimenteur universel.<\/p>\n","protected":false},"excerpt":{"rendered":"<p>Ce margeur par aspiration sous le sol avec table d&rsquo;alignement a une capacit\u00e9 allant jusqu&rsquo;\u00e0 5500 feuilles\/heure. L&rsquo;Universal Feeder est r\u00e9glable en hauteur et peut \u00eatre ajust\u00e9 \u00e0 la hauteur n\u00e9cessaire de l&rsquo;appareil qui le suit. Un syst\u00e8me d&rsquo;air enti\u00e8rement flexible et un contr\u00f4le de la double feuille permettent un passage calme et continu dans [&hellip;]<\/p>\n","protected":false},"featured_media":55393,"template":"","meta":[],"product_brand":[],"product_cat":[3029],"product_tag":[],"class_list":{"0":"post-93736","1":"product","2":"type-product","3":"status-publish","4":"has-post-thumbnail","6":"product_cat-investisseurs","7":"pa_baujahr-205","8":"pa_hersteller-morgana-ernst-nagel","9":"pa_typ-855","11":"first","12":"instock","13":"sold-individually","14":"taxable","15":"shipping-taxable","16":"purchasable","17":"product-type-simple"},"jetpack_sharing_enabled":true,"_links":{"self":[{"href":"https:\/\/www.3p-gmbh.de\/fr\/wp-json\/wp\/v2\/product\/93736","targetHints":{"allow":["GET"]}}],"collection":[{"href":"https:\/\/www.3p-gmbh.de\/fr\/wp-json\/wp\/v2\/product"}],"about":[{"href":"https:\/\/www.3p-gmbh.de\/fr\/wp-json\/wp\/v2\/types\/product"}],"wp:featuredmedia":[{"embeddable":true,"href":"https:\/\/www.3p-gmbh.de\/fr\/wp-json\/wp\/v2\/media\/55393"}],"wp:attachment":[{"href":"https:\/\/www.3p-gmbh.de\/fr\/wp-json\/wp\/v2\/media?parent=93736"}],"wp:term":[{"taxonomy":"product_brand","embeddable":true,"href":"https:\/\/www.3p-gmbh.de\/fr\/wp-json\/wp\/v2\/product_brand?post=93736"},{"taxonomy":"product_cat","embeddable":true,"href":"https:\/\/www.3p-gmbh.de\/fr\/wp-json\/wp\/v2\/product_cat?post=93736"},{"taxonomy":"product_tag","embeddable":true,"href":"https:\/\/www.3p-gmbh.de\/fr\/wp-json\/wp\/v2\/product_tag?post=93736"}],"curies":[{"name":"wp","href":"https:\/\/api.w.org\/{rel}","templated":true}]}}