{"id":93731,"date":"2019-07-11T13:55:23","date_gmt":"2019-07-11T13:55:23","guid":{"rendered":"https:\/\/www.3p-gmbh.de\/produkt\/tete-de-perforation-a-cycle-palamides-tk-30\/"},"modified":"2019-07-11T13:55:23","modified_gmt":"2019-07-11T13:55:23","slug":"tete-de-perforation-pneumatique-indexee","status":"publish","type":"product","link":"https:\/\/www.3p-gmbh.de\/fr\/produkt\/tete-de-perforation-pneumatique-indexee\/","title":{"rendered":"T\u00eate de perforation \u00e0 cycle Palamides TK-30"},"content":{"rendered":"<ul>\n<li>t\u00eate de perforation pneumatique cadenc\u00e9e TK-30<\/li>\n<li>disponible 2 t\u00eates et une bo\u00eete de distribution<\/li>\n<li>en option, appareils de commande adapt\u00e9s de HHS ou Heidelberg ACC 2.4<\/li>\n<\/ul>\n","protected":false},"excerpt":{"rendered":"<p>t\u00eate de perforation pneumatique cadenc\u00e9e TK-30 disponible 2 t\u00eates et une bo\u00eete de distribution en option, appareils de commande adapt\u00e9s de HHS ou Heidelberg ACC 2.4<\/p>\n","protected":false},"featured_media":57371,"template":"","meta":[],"product_brand":[],"product_cat":[2886],"product_tag":[],"class_list":{"0":"post-93731","1":"product","2":"type-product","3":"status-publish","4":"has-post-thumbnail","6":"product_cat-accessoires-pour-plieuses","7":"pa_baujahr-313","8":"pa_hersteller-palamides","9":"pa_typ-tk-30","11":"first","12":"instock","13":"sold-individually","14":"taxable","15":"shipping-taxable","16":"purchasable","17":"product-type-simple"},"jetpack_sharing_enabled":true,"_links":{"self":[{"href":"https:\/\/www.3p-gmbh.de\/fr\/wp-json\/wp\/v2\/product\/93731","targetHints":{"allow":["GET"]}}],"collection":[{"href":"https:\/\/www.3p-gmbh.de\/fr\/wp-json\/wp\/v2\/product"}],"about":[{"href":"https:\/\/www.3p-gmbh.de\/fr\/wp-json\/wp\/v2\/types\/product"}],"wp:featuredmedia":[{"embeddable":true,"href":"https:\/\/www.3p-gmbh.de\/fr\/wp-json\/wp\/v2\/media\/57371"}],"wp:attachment":[{"href":"https:\/\/www.3p-gmbh.de\/fr\/wp-json\/wp\/v2\/media?parent=93731"}],"wp:term":[{"taxonomy":"product_brand","embeddable":true,"href":"https:\/\/www.3p-gmbh.de\/fr\/wp-json\/wp\/v2\/product_brand?post=93731"},{"taxonomy":"product_cat","embeddable":true,"href":"https:\/\/www.3p-gmbh.de\/fr\/wp-json\/wp\/v2\/product_cat?post=93731"},{"taxonomy":"product_tag","embeddable":true,"href":"https:\/\/www.3p-gmbh.de\/fr\/wp-json\/wp\/v2\/product_tag?post=93731"}],"curies":[{"name":"wp","href":"https:\/\/api.w.org\/{rel}","templated":true}]}}