{"id":93720,"date":"2019-07-11T13:55:29","date_gmt":"2019-07-11T13:55:29","guid":{"rendered":"https:\/\/www.3p-gmbh.de\/produkt\/heidelberg-stahl-kd-94-6-ktl-pd-t-plieuse-combinee\/"},"modified":"2019-07-11T13:55:29","modified_gmt":"2019-07-11T13:55:29","slug":"plieuse-combinee","status":"publish","type":"product","link":"https:\/\/www.3p-gmbh.de\/fr\/produkt\/plieuse-combinee\/","title":{"rendered":"Heidelberg \/ Stahl KD 94-6-KTL-PD-T Plieuse combin\u00e9e"},"content":{"rendered":"<ul>\n<li>Margeur de palettes PD avec Tremat<\/li>\n<li>Commande DCT<\/li>\n<li>Plieuse 6 poches 94cm, arbre porte-couteaux en aval<\/li>\n<li>1 \u00e9p\u00e9e<\/li>\n<li>1 poche couch\u00e9e<\/li>\n<li>1 \u00e9p\u00e9e<\/li>\n<li>avec dispositif de collage \u00e0 froid HHS C 510<\/li>\n<li>3 rouleaux de pliage segment\u00e9s suppl\u00e9mentaires pour les travaux d&rsquo;encollage<\/li>\n<li>avec poche pliante \u00e0 fen\u00eatre 94cm<\/li>\n<li>Sortie \u00e0 \u00e9cailles SA 66 avec commande DCT<\/li>\n<\/ul>\n","protected":false},"excerpt":{"rendered":"<p>Margeur de palettes PD avec Tremat Commande DCT Plieuse 6 poches 94cm, arbre porte-couteaux en aval 1 \u00e9p\u00e9e 1 poche couch\u00e9e 1 \u00e9p\u00e9e avec dispositif de collage \u00e0 froid HHS C 510 3 rouleaux de pliage segment\u00e9s suppl\u00e9mentaires pour les travaux d&rsquo;encollage avec poche pliante \u00e0 fen\u00eatre 94cm Sortie \u00e0 \u00e9cailles SA 66 avec commande [&hellip;]<\/p>\n","protected":false},"featured_media":55424,"template":"","meta":[],"product_brand":[],"product_cat":[2984],"product_tag":[],"class_list":{"0":"post-93720","1":"product","2":"type-product","3":"status-publish","4":"has-post-thumbnail","6":"product_cat-plieuses-fr","7":"pa_baujahr-165","8":"pa_hersteller-heidelberg-stahl","9":"pa_typ-kd-94-6-ktl-pd-t-mit-sa-66","11":"first","12":"instock","13":"sold-individually","14":"taxable","15":"shipping-taxable","16":"purchasable","17":"product-type-simple"},"jetpack_sharing_enabled":true,"_links":{"self":[{"href":"https:\/\/www.3p-gmbh.de\/fr\/wp-json\/wp\/v2\/product\/93720","targetHints":{"allow":["GET"]}}],"collection":[{"href":"https:\/\/www.3p-gmbh.de\/fr\/wp-json\/wp\/v2\/product"}],"about":[{"href":"https:\/\/www.3p-gmbh.de\/fr\/wp-json\/wp\/v2\/types\/product"}],"wp:featuredmedia":[{"embeddable":true,"href":"https:\/\/www.3p-gmbh.de\/fr\/wp-json\/wp\/v2\/media\/55424"}],"wp:attachment":[{"href":"https:\/\/www.3p-gmbh.de\/fr\/wp-json\/wp\/v2\/media?parent=93720"}],"wp:term":[{"taxonomy":"product_brand","embeddable":true,"href":"https:\/\/www.3p-gmbh.de\/fr\/wp-json\/wp\/v2\/product_brand?post=93720"},{"taxonomy":"product_cat","embeddable":true,"href":"https:\/\/www.3p-gmbh.de\/fr\/wp-json\/wp\/v2\/product_cat?post=93720"},{"taxonomy":"product_tag","embeddable":true,"href":"https:\/\/www.3p-gmbh.de\/fr\/wp-json\/wp\/v2\/product_tag?post=93720"}],"curies":[{"name":"wp","href":"https:\/\/api.w.org\/{rel}","templated":true}]}}