{"id":93714,"date":"2019-07-11T13:55:23","date_gmt":"2019-07-11T13:55:23","guid":{"rendered":"https:\/\/www.3p-gmbh.de\/produkt\/heidelberg-acier-dispositif-de-collage-a-froid\/"},"modified":"2019-07-11T13:55:23","modified_gmt":"2019-07-11T13:55:23","slug":"dispositif-de-collage-a-froid","status":"publish","type":"product","link":"https:\/\/www.3p-gmbh.de\/fr\/produkt\/dispositif-de-collage-a-froid\/","title":{"rendered":"Heidelberg \/ acier Dispositif de collage \u00e0 froid"},"content":{"rendered":"<ul>\n<li>Dispositif de colle froide avec r\u00e9servoir de colle Acc 2.x Appareil de commande<\/li>\n<li>Encodeur rotatif et console machine adapt\u00e9s aux plieuses en acier<\/li>\n<li>Commande num\u00e9rique avec ACC 2.4 pour d\u00e9terminer avec pr\u00e9cision les moments de commutation<\/li>\n<li>Utilisation simple, temps de r\u00e9glage court<\/li>\n<li>Jusqu&rsquo;\u00e0 15 000 cycles par heure possibles en fonctionnement continu<\/li>\n<li>Espacement minimal des volets de 0,5 \u00e0 1 millim\u00e8tre selon l&rsquo;\u00e9paisseur du papier<\/li>\n<li>construction particuli\u00e8rement plate, utilisation dans chaque position de poche<\/li>\n<\/ul>\n","protected":false},"excerpt":{"rendered":"<p>Dispositif de colle froide avec r\u00e9servoir de colle Acc 2.x Appareil de commande Encodeur rotatif et console machine adapt\u00e9s aux plieuses en acier Commande num\u00e9rique avec ACC 2.4 pour d\u00e9terminer avec pr\u00e9cision les moments de commutation Utilisation simple, temps de r\u00e9glage court Jusqu&rsquo;\u00e0 15 000 cycles par heure possibles en fonctionnement continu Espacement minimal des [&hellip;]<\/p>\n","protected":false},"featured_media":55418,"template":"","meta":[],"product_brand":[],"product_cat":[2886],"product_tag":[],"class_list":{"0":"post-93714","1":"product","2":"type-product","3":"status-publish","4":"has-post-thumbnail","6":"product_cat-accessoires-pour-plieuses","7":"pa_baujahr-153","8":"pa_hersteller-heidelberg-stahl","9":"pa_typ-kaltleimeinrichtung","11":"first","12":"instock","13":"sold-individually","14":"taxable","15":"shipping-taxable","16":"purchasable","17":"product-type-simple"},"jetpack_sharing_enabled":true,"_links":{"self":[{"href":"https:\/\/www.3p-gmbh.de\/fr\/wp-json\/wp\/v2\/product\/93714","targetHints":{"allow":["GET"]}}],"collection":[{"href":"https:\/\/www.3p-gmbh.de\/fr\/wp-json\/wp\/v2\/product"}],"about":[{"href":"https:\/\/www.3p-gmbh.de\/fr\/wp-json\/wp\/v2\/types\/product"}],"wp:featuredmedia":[{"embeddable":true,"href":"https:\/\/www.3p-gmbh.de\/fr\/wp-json\/wp\/v2\/media\/55418"}],"wp:attachment":[{"href":"https:\/\/www.3p-gmbh.de\/fr\/wp-json\/wp\/v2\/media?parent=93714"}],"wp:term":[{"taxonomy":"product_brand","embeddable":true,"href":"https:\/\/www.3p-gmbh.de\/fr\/wp-json\/wp\/v2\/product_brand?post=93714"},{"taxonomy":"product_cat","embeddable":true,"href":"https:\/\/www.3p-gmbh.de\/fr\/wp-json\/wp\/v2\/product_cat?post=93714"},{"taxonomy":"product_tag","embeddable":true,"href":"https:\/\/www.3p-gmbh.de\/fr\/wp-json\/wp\/v2\/product_tag?post=93714"}],"curies":[{"name":"wp","href":"https:\/\/api.w.org\/{rel}","templated":true}]}}