{"id":93707,"date":"2019-07-11T13:55:29","date_gmt":"2019-07-11T13:55:29","guid":{"rendered":"https:\/\/www.3p-gmbh.de\/produkt\/heidelberg-acier-sb-46-mp-d-sortie-de-presse-a-arcades-debout\/"},"modified":"2019-07-11T13:55:29","modified_gmt":"2019-07-11T13:55:29","slug":"sortie-de-presse-a-feuilles-verticales","status":"publish","type":"product","link":"https:\/\/www.3p-gmbh.de\/fr\/produkt\/sortie-de-presse-a-feuilles-verticales\/","title":{"rendered":"Heidelberg \/ acier SB 46 MP.D Sortie de presse \u00e0 arcades debout"},"content":{"rendered":"<p>Commande DCT avec r\u00e9glage de l&rsquo;\u00e9paisseur de la signature<\/p>\n","protected":false},"excerpt":{"rendered":"<p>Commande DCT avec r\u00e9glage de l&rsquo;\u00e9paisseur de la signature<\/p>\n","protected":false},"featured_media":55431,"template":"","meta":[],"product_brand":[],"product_cat":[2916],"product_tag":[],"class_list":{"0":"post-93707","1":"product","2":"type-product","3":"status-publish","4":"has-post-thumbnail","6":"product_cat-depenses","7":"pa_baujahr-182","8":"pa_hersteller-heidelberg-stahl","9":"pa_typ-sb-46-mp-d","11":"first","12":"instock","13":"sold-individually","14":"taxable","15":"shipping-taxable","16":"purchasable","17":"product-type-simple"},"jetpack_sharing_enabled":true,"_links":{"self":[{"href":"https:\/\/www.3p-gmbh.de\/fr\/wp-json\/wp\/v2\/product\/93707","targetHints":{"allow":["GET"]}}],"collection":[{"href":"https:\/\/www.3p-gmbh.de\/fr\/wp-json\/wp\/v2\/product"}],"about":[{"href":"https:\/\/www.3p-gmbh.de\/fr\/wp-json\/wp\/v2\/types\/product"}],"wp:featuredmedia":[{"embeddable":true,"href":"https:\/\/www.3p-gmbh.de\/fr\/wp-json\/wp\/v2\/media\/55431"}],"wp:attachment":[{"href":"https:\/\/www.3p-gmbh.de\/fr\/wp-json\/wp\/v2\/media?parent=93707"}],"wp:term":[{"taxonomy":"product_brand","embeddable":true,"href":"https:\/\/www.3p-gmbh.de\/fr\/wp-json\/wp\/v2\/product_brand?post=93707"},{"taxonomy":"product_cat","embeddable":true,"href":"https:\/\/www.3p-gmbh.de\/fr\/wp-json\/wp\/v2\/product_cat?post=93707"},{"taxonomy":"product_tag","embeddable":true,"href":"https:\/\/www.3p-gmbh.de\/fr\/wp-json\/wp\/v2\/product_tag?post=93707"}],"curies":[{"name":"wp","href":"https:\/\/api.w.org\/{rel}","templated":true}]}}