{"id":93701,"date":"2019-07-11T13:55:29","date_gmt":"2019-07-11T13:55:29","guid":{"rendered":"https:\/\/www.3p-gmbh.de\/produkt\/heidelberg-acier-sbp-66-d-mke-sortie-en-arc-vertical\/"},"modified":"2019-07-11T13:55:29","modified_gmt":"2019-07-11T13:55:29","slug":"exposition-de-larc-debout","status":"publish","type":"product","link":"https:\/\/www.3p-gmbh.de\/fr\/produkt\/exposition-de-larc-debout\/","title":{"rendered":"Heidelberg \/ Acier SBP 66 D MKE Sortie en arc vertical"},"content":{"rendered":"<p>Le syst\u00e8me de sortie dispose d&rsquo;une grande capacit\u00e9 de stockage pour les cahiers pli\u00e9s ou agraf\u00e9s et est donc particuli\u00e8rement adapt\u00e9 au traitement de moyens et grands tirages.<\/p>\n<ul>\n<li>Grand volume d&#8217;empilage de produits pli\u00e9s ou agraf\u00e9s, m\u00eame avec des papiers difficiles<\/li>\n<li>Largeur de travail 66cm, jusqu&rsquo;\u00e0 3 utilisations<\/li>\n<li>R\u00e9glable en hauteur pour une utilisation sur les plieuses et les encarteuses-piqueuses<\/li>\n<li>Commande productive par une seule personne de l&rsquo;ensemble plieuse et syst\u00e8me de r\u00e9ception<\/li>\n<li>Dispositif de marquage<\/li>\n<li>Commande DCT<\/li>\n<li>hauteur d&rsquo;entr\u00e9e 36-96cm<\/li>\n<li>Longueur de pile max. 80cm<\/li>\n<li>max. format 66x30cm<\/li>\n<li>min. format 12x10cm<\/li>\n<li>\u00c9paisseur max. du produit 4 mm<\/li>\n<li>Force de compression 8000 N<\/li>\n<\/ul>\n","protected":false},"excerpt":{"rendered":"<p>Le syst\u00e8me de sortie dispose d&rsquo;une grande capacit\u00e9 de stockage pour les cahiers pli\u00e9s ou agraf\u00e9s et est donc particuli\u00e8rement adapt\u00e9 au traitement de moyens et grands tirages. Grand volume d&#8217;empilage de produits pli\u00e9s ou agraf\u00e9s, m\u00eame avec des papiers difficiles Largeur de travail 66cm, jusqu&rsquo;\u00e0 3 utilisations R\u00e9glable en hauteur pour une utilisation sur [&hellip;]<\/p>\n","protected":false},"featured_media":55434,"template":"","meta":[],"product_brand":[],"product_cat":[2916],"product_tag":[],"class_list":{"0":"post-93701","1":"product","2":"type-product","3":"status-publish","4":"has-post-thumbnail","6":"product_cat-depenses","7":"pa_baujahr-158","8":"pa_hersteller-heidelberg-stahl","9":"pa_typ-sbp-66-d-mke","11":"first","12":"instock","13":"sold-individually","14":"taxable","15":"shipping-taxable","16":"purchasable","17":"product-type-simple"},"jetpack_sharing_enabled":true,"_links":{"self":[{"href":"https:\/\/www.3p-gmbh.de\/fr\/wp-json\/wp\/v2\/product\/93701","targetHints":{"allow":["GET"]}}],"collection":[{"href":"https:\/\/www.3p-gmbh.de\/fr\/wp-json\/wp\/v2\/product"}],"about":[{"href":"https:\/\/www.3p-gmbh.de\/fr\/wp-json\/wp\/v2\/types\/product"}],"wp:featuredmedia":[{"embeddable":true,"href":"https:\/\/www.3p-gmbh.de\/fr\/wp-json\/wp\/v2\/media\/55434"}],"wp:attachment":[{"href":"https:\/\/www.3p-gmbh.de\/fr\/wp-json\/wp\/v2\/media?parent=93701"}],"wp:term":[{"taxonomy":"product_brand","embeddable":true,"href":"https:\/\/www.3p-gmbh.de\/fr\/wp-json\/wp\/v2\/product_brand?post=93701"},{"taxonomy":"product_cat","embeddable":true,"href":"https:\/\/www.3p-gmbh.de\/fr\/wp-json\/wp\/v2\/product_cat?post=93701"},{"taxonomy":"product_tag","embeddable":true,"href":"https:\/\/www.3p-gmbh.de\/fr\/wp-json\/wp\/v2\/product_tag?post=93701"}],"curies":[{"name":"wp","href":"https:\/\/api.w.org\/{rel}","templated":true}]}}