{"id":93694,"date":"2019-07-11T13:55:29","date_gmt":"2019-07-11T13:55:29","guid":{"rendered":"https:\/\/www.3p-gmbh.de\/produkt\/baeuerle-skm-36-b-sortie-petit-format-a-arc-vertical\/"},"modified":"2019-07-11T13:55:29","modified_gmt":"2019-07-11T13:55:29","slug":"presentation-petit-format-en-feuille-debout","status":"publish","type":"product","link":"https:\/\/www.3p-gmbh.de\/fr\/produkt\/presentation-petit-format-en-feuille-debout\/","title":{"rendered":"B\u00e4uerle SKM 36-B Sortie petit format \u00e0 arc vertical"},"content":{"rendered":"<ul>\n<li>pr\u00e9sentation mobile de petits formats en feuilles debout<\/li>\n<li>Largeur d&rsquo;entr\u00e9e 36 cm<\/li>\n<li>Formats : max. 36 x 12 cm, min. 5 x 1,8 cm<\/li>\n<li>hauteur d&rsquo;entr\u00e9e de 60 \u00e0 93 cm, r\u00e9glable en continu<\/li>\n<li>peut \u00eatre \u00e9quip\u00e9 ult\u00e9rieurement d&rsquo;une commande propre (potentiom\u00e8tre avec convertisseur de fr\u00e9quence) pour le raccordement d&rsquo;appareils d&rsquo;autres marques<\/li>\n<li>Marquage du comptage des pr\u00e9s\u00e9lections par des kickers<\/li>\n<\/ul>\n","protected":false},"excerpt":{"rendered":"<p>pr\u00e9sentation mobile de petits formats en feuilles debout Largeur d&rsquo;entr\u00e9e 36 cm Formats : max. 36 x 12 cm, min. 5 x 1,8 cm hauteur d&rsquo;entr\u00e9e de 60 \u00e0 93 cm, r\u00e9glable en continu peut \u00eatre \u00e9quip\u00e9 ult\u00e9rieurement d&rsquo;une commande propre (potentiom\u00e8tre avec convertisseur de fr\u00e9quence) pour le raccordement d&rsquo;appareils d&rsquo;autres marques Marquage du comptage [&hellip;]<\/p>\n","protected":false},"featured_media":57093,"template":"","meta":[],"product_brand":[],"product_cat":[2916],"product_tag":[],"class_list":{"0":"post-93694","1":"product","2":"type-product","3":"status-publish","4":"has-post-thumbnail","6":"product_cat-depenses","7":"pa_baujahr-130","8":"pa_hersteller-mathias-baeuerle","9":"pa_typ-skm-36-b","11":"first","12":"instock","13":"sold-individually","14":"taxable","15":"shipping-taxable","16":"purchasable","17":"product-type-simple"},"jetpack_sharing_enabled":true,"_links":{"self":[{"href":"https:\/\/www.3p-gmbh.de\/fr\/wp-json\/wp\/v2\/product\/93694","targetHints":{"allow":["GET"]}}],"collection":[{"href":"https:\/\/www.3p-gmbh.de\/fr\/wp-json\/wp\/v2\/product"}],"about":[{"href":"https:\/\/www.3p-gmbh.de\/fr\/wp-json\/wp\/v2\/types\/product"}],"wp:featuredmedia":[{"embeddable":true,"href":"https:\/\/www.3p-gmbh.de\/fr\/wp-json\/wp\/v2\/media\/57093"}],"wp:attachment":[{"href":"https:\/\/www.3p-gmbh.de\/fr\/wp-json\/wp\/v2\/media?parent=93694"}],"wp:term":[{"taxonomy":"product_brand","embeddable":true,"href":"https:\/\/www.3p-gmbh.de\/fr\/wp-json\/wp\/v2\/product_brand?post=93694"},{"taxonomy":"product_cat","embeddable":true,"href":"https:\/\/www.3p-gmbh.de\/fr\/wp-json\/wp\/v2\/product_cat?post=93694"},{"taxonomy":"product_tag","embeddable":true,"href":"https:\/\/www.3p-gmbh.de\/fr\/wp-json\/wp\/v2\/product_tag?post=93694"}],"curies":[{"name":"wp","href":"https:\/\/api.w.org\/{rel}","templated":true}]}}