{"id":93675,"date":"2019-07-11T13:55:29","date_gmt":"2019-07-11T13:55:29","guid":{"rendered":"https:\/\/www.3p-gmbh.de\/produkt\/ernst-nagel-digifold-machine-a-rainer-et-a-plier\/"},"modified":"2019-07-11T13:55:29","modified_gmt":"2019-07-11T13:55:29","slug":"plieuse-rainureuse","status":"publish","type":"product","link":"https:\/\/www.3p-gmbh.de\/fr\/produkt\/plieuse-rainureuse\/","title":{"rendered":"Ernst Nagel Digifold machine \u00e0 rainer et \u00e0 plier"},"content":{"rendered":"<p>Fini les ruptures de plis lors du pliage automatique ! Le Nagel Digifold combine la technologie de rainage \u00e9prouv\u00e9e du Nagel Auto-Rillnak avec un syst\u00e8me de pliage convaincant. Le risque de marquer ou de rayer des mat\u00e9riaux sensibles lors du traitement ult\u00e9rieur est ainsi r\u00e9duit et un pli parfaitement net et intact est produit. En combinant le rainage et le pliage en une seule unit\u00e9, on obtient un centre de finition mobile hautement productif et facile \u00e0 utiliser. Le margeur \u00e0 succion retire le papier par le bas.<\/p>\n<ul>\n<li>max. format 630 x 330mm<\/li>\n<li>min. format 210 x 140mm<\/li>\n<li>Vitesse max. 1 500 feuilles\/h<\/li>\n<li>Compteur \u00e0 pr\u00e9s\u00e9lection<\/li>\n<li>Compteur total<\/li>\n<li>Perforer<\/li>\n<li>Poids de papier max. (g\/m2) 400<\/li>\n<li>Poids du papier min. (g\/m2) 100<\/li>\n<li>Max. Nombre de rainures \/ feuille 9<\/li>\n<li>Max. Nombre de ruptures de plis \/ feuille 2<\/li>\n<li>Max. Nombre d&#8217;emplacements de m\u00e9moire de programme 9<\/li>\n<li>Min. Distance entre deux rainures (mm) 40<\/li>\n<li>Min. Distance entre deux ruptures de pli (mm) 70<\/li>\n<li>Min. Distance de rainage du bord avant de la feuille (mm) 50<\/li>\n<li>Min. Distance de pliage du bord avant de la feuille (mm) 50<\/li>\n<li>Min. Distance de rainage du bord arri\u00e8re de la feuille (mm) 50<\/li>\n<li>Min. Distance de pliage du bord arri\u00e8re de la feuille (mm) 50<\/li>\n<li>Min. Longueur du pli (mm) 70<\/li>\n<li>R\u00e9glage fin (pas de mm) 0,1<\/li>\n<\/ul>\n","protected":false},"excerpt":{"rendered":"<p>Fini les ruptures de plis lors du pliage automatique ! Le Nagel Digifold combine la technologie de rainage \u00e9prouv\u00e9e du Nagel Auto-Rillnak avec un syst\u00e8me de pliage convaincant. Le risque de marquer ou de rayer des mat\u00e9riaux sensibles lors du traitement ult\u00e9rieur est ainsi r\u00e9duit et un pli parfaitement net et intact est produit. En [&hellip;]<\/p>\n","protected":false},"featured_media":55451,"template":"","meta":[],"product_brand":[],"product_cat":[2984],"product_tag":[],"class_list":{"0":"post-93675","1":"product","2":"type-product","3":"status-publish","4":"has-post-thumbnail","6":"product_cat-plieuses-fr","7":"pa_baujahr-140","8":"pa_hersteller-ernst-nagel-morgana","9":"pa_typ-digifold-mit-schuppenauslage","11":"first","12":"instock","13":"sold-individually","14":"taxable","15":"shipping-taxable","16":"purchasable","17":"product-type-simple"},"jetpack_sharing_enabled":true,"_links":{"self":[{"href":"https:\/\/www.3p-gmbh.de\/fr\/wp-json\/wp\/v2\/product\/93675","targetHints":{"allow":["GET"]}}],"collection":[{"href":"https:\/\/www.3p-gmbh.de\/fr\/wp-json\/wp\/v2\/product"}],"about":[{"href":"https:\/\/www.3p-gmbh.de\/fr\/wp-json\/wp\/v2\/types\/product"}],"wp:featuredmedia":[{"embeddable":true,"href":"https:\/\/www.3p-gmbh.de\/fr\/wp-json\/wp\/v2\/media\/55451"}],"wp:attachment":[{"href":"https:\/\/www.3p-gmbh.de\/fr\/wp-json\/wp\/v2\/media?parent=93675"}],"wp:term":[{"taxonomy":"product_brand","embeddable":true,"href":"https:\/\/www.3p-gmbh.de\/fr\/wp-json\/wp\/v2\/product_brand?post=93675"},{"taxonomy":"product_cat","embeddable":true,"href":"https:\/\/www.3p-gmbh.de\/fr\/wp-json\/wp\/v2\/product_cat?post=93675"},{"taxonomy":"product_tag","embeddable":true,"href":"https:\/\/www.3p-gmbh.de\/fr\/wp-json\/wp\/v2\/product_tag?post=93675"}],"curies":[{"name":"wp","href":"https:\/\/api.w.org\/{rel}","templated":true}]}}