{"id":93674,"date":"2019-07-11T13:55:29","date_gmt":"2019-07-11T13:55:29","guid":{"rendered":"https:\/\/www.3p-gmbh.de\/produkt\/mbo-t-500-4-4-3x-f-avec-plieuse-a-poches-sa-530\/"},"modified":"2019-07-11T13:55:29","modified_gmt":"2019-07-11T13:55:29","slug":"plieuse-de-poche-3","status":"publish","type":"product","link":"https:\/\/www.3p-gmbh.de\/fr\/produkt\/plieuse-de-poche-3\/","title":{"rendered":"MBO T-500-4-4-3X-F avec plieuse \u00e0 poches SA 530"},"content":{"rendered":"<ul>\n<li>Margeur \u00e0 plat avec commande de contr\u00f4le MCC-3<\/li>\n<li>FW 1 avec 4 poches de pliage combin\u00e9es, largeur d&rsquo;entr\u00e9e 52 cm, arbre porte-couteaux en aval, dispositif anti-bruit<\/li>\n<li>FW 2 avec 4 poches de pliage combin\u00e9es Largeur d&rsquo;entr\u00e9e 52 cm, arbre porte-couteaux en aval, dispositif anti-bruit<\/li>\n<li>FW 3 \u00e9p\u00e9e mobile<\/li>\n<\/ul>\n","protected":false},"excerpt":{"rendered":"<p>Margeur \u00e0 plat avec commande de contr\u00f4le MCC-3 FW 1 avec 4 poches de pliage combin\u00e9es, largeur d&rsquo;entr\u00e9e 52 cm, arbre porte-couteaux en aval, dispositif anti-bruit FW 2 avec 4 poches de pliage combin\u00e9es Largeur d&rsquo;entr\u00e9e 52 cm, arbre porte-couteaux en aval, dispositif anti-bruit FW 3 \u00e9p\u00e9e mobile<\/p>\n","protected":false},"featured_media":55456,"template":"","meta":[],"product_brand":[],"product_cat":[2984],"product_tag":[],"class_list":{"0":"post-93674","1":"product","2":"type-product","3":"status-publish","4":"has-post-thumbnail","6":"product_cat-plieuses-fr","7":"pa_baujahr-209","8":"pa_hersteller-mbo-oppenweiler","9":"pa_typ-t-500-4-4-3x-f-mit-sa-530","11":"first","12":"instock","13":"sold-individually","14":"taxable","15":"shipping-taxable","16":"purchasable","17":"product-type-simple"},"jetpack_sharing_enabled":true,"_links":{"self":[{"href":"https:\/\/www.3p-gmbh.de\/fr\/wp-json\/wp\/v2\/product\/93674","targetHints":{"allow":["GET"]}}],"collection":[{"href":"https:\/\/www.3p-gmbh.de\/fr\/wp-json\/wp\/v2\/product"}],"about":[{"href":"https:\/\/www.3p-gmbh.de\/fr\/wp-json\/wp\/v2\/types\/product"}],"wp:featuredmedia":[{"embeddable":true,"href":"https:\/\/www.3p-gmbh.de\/fr\/wp-json\/wp\/v2\/media\/55456"}],"wp:attachment":[{"href":"https:\/\/www.3p-gmbh.de\/fr\/wp-json\/wp\/v2\/media?parent=93674"}],"wp:term":[{"taxonomy":"product_brand","embeddable":true,"href":"https:\/\/www.3p-gmbh.de\/fr\/wp-json\/wp\/v2\/product_brand?post=93674"},{"taxonomy":"product_cat","embeddable":true,"href":"https:\/\/www.3p-gmbh.de\/fr\/wp-json\/wp\/v2\/product_cat?post=93674"},{"taxonomy":"product_tag","embeddable":true,"href":"https:\/\/www.3p-gmbh.de\/fr\/wp-json\/wp\/v2\/product_tag?post=93674"}],"curies":[{"name":"wp","href":"https:\/\/api.w.org\/{rel}","templated":true}]}}