{"id":93667,"date":"2019-07-11T13:55:29","date_gmt":"2019-07-11T13:55:29","guid":{"rendered":"https:\/\/www.3p-gmbh.de\/produkt\/heidelberg-acier-sbp-86-h-sortie-de-presse-a-arc-vertical\/"},"modified":"2019-07-11T13:55:29","modified_gmt":"2019-07-11T13:55:29","slug":"sortie-de-presse-a-arc-vertical-2","status":"publish","type":"product","link":"https:\/\/www.3p-gmbh.de\/fr\/produkt\/sortie-de-presse-a-arc-vertical-2\/","title":{"rendered":"Heidelberg \/ Acier SBP 86 H Sortie de presse \u00e0 arc vertical"},"content":{"rendered":"<ul>\n<li>Ann\u00e9e de construction 2007<\/li>\n<li>Largeur de travail 86 cm<\/li>\n<li>avec presse<\/li>\n<li>avec dispositif de marquage<\/li>\n<li>R\u00e9glage en continu de la hauteur<\/li>\n<li>Commande MCT avec connecteur rond<\/li>\n<li>Bo\u00eetier de couplage pour DCT disponible sur demande<\/li>\n<\/ul>\n","protected":false},"excerpt":{"rendered":"<p>Ann\u00e9e de construction 2007 Largeur de travail 86 cm avec presse avec dispositif de marquage R\u00e9glage en continu de la hauteur Commande MCT avec connecteur rond Bo\u00eetier de couplage pour DCT disponible sur demande<\/p>\n","protected":false},"featured_media":57095,"template":"","meta":[],"product_brand":[],"product_cat":[2916],"product_tag":[],"class_list":{"0":"post-93667","1":"product","2":"type-product","3":"status-publish","4":"has-post-thumbnail","6":"product_cat-depenses","7":"pa_baujahr-140","8":"pa_hersteller-heidelberg-stahl-ludwigsburg","9":"pa_typ-stahlfolder-sbp-86-h","11":"first","12":"instock","13":"sold-individually","14":"taxable","15":"shipping-taxable","16":"purchasable","17":"product-type-simple"},"jetpack_sharing_enabled":true,"_links":{"self":[{"href":"https:\/\/www.3p-gmbh.de\/fr\/wp-json\/wp\/v2\/product\/93667","targetHints":{"allow":["GET"]}}],"collection":[{"href":"https:\/\/www.3p-gmbh.de\/fr\/wp-json\/wp\/v2\/product"}],"about":[{"href":"https:\/\/www.3p-gmbh.de\/fr\/wp-json\/wp\/v2\/types\/product"}],"wp:featuredmedia":[{"embeddable":true,"href":"https:\/\/www.3p-gmbh.de\/fr\/wp-json\/wp\/v2\/media\/57095"}],"wp:attachment":[{"href":"https:\/\/www.3p-gmbh.de\/fr\/wp-json\/wp\/v2\/media?parent=93667"}],"wp:term":[{"taxonomy":"product_brand","embeddable":true,"href":"https:\/\/www.3p-gmbh.de\/fr\/wp-json\/wp\/v2\/product_brand?post=93667"},{"taxonomy":"product_cat","embeddable":true,"href":"https:\/\/www.3p-gmbh.de\/fr\/wp-json\/wp\/v2\/product_cat?post=93667"},{"taxonomy":"product_tag","embeddable":true,"href":"https:\/\/www.3p-gmbh.de\/fr\/wp-json\/wp\/v2\/product_tag?post=93667"}],"curies":[{"name":"wp","href":"https:\/\/api.w.org\/{rel}","templated":true}]}}