{"id":93661,"date":"2019-07-11T13:55:29","date_gmt":"2019-07-11T13:55:29","guid":{"rendered":"https:\/\/www.3p-gmbh.de\/produkt\/systeme-dapplication-de-colle-chaude-baumer-hhs-c-1100-4\/"},"modified":"2019-07-11T13:55:29","modified_gmt":"2019-07-11T13:55:29","slug":"systeme-dapplication-de-colle-chaude","status":"publish","type":"product","link":"https:\/\/www.3p-gmbh.de\/fr\/produkt\/systeme-dapplication-de-colle-chaude\/","title":{"rendered":"Syst\u00e8me d&rsquo;application de colle chaude Baumer HHS C-1100-4"},"content":{"rendered":"<ul>\n<li>2 unit\u00e9s de commande pour l&rsquo;encollage ou la perforation cadenc\u00e9e Baumer HHS C-1100-4 avec 4 canaux<\/li>\n<li>R\u00e9servoir de colle chaude Baumer HHS ProMelt HMP-04<\/li>\n<li>8 Kg<\/li>\n<li>4 raccords de tuyaux<\/li>\n<li>Chariot de transport<\/li>\n<\/ul>\n","protected":false},"excerpt":{"rendered":"<p>2 unit\u00e9s de commande pour l&rsquo;encollage ou la perforation cadenc\u00e9e Baumer HHS C-1100-4 avec 4 canaux R\u00e9servoir de colle chaude Baumer HHS ProMelt HMP-04 8 Kg 4 raccords de tuyaux Chariot de transport<\/p>\n","protected":false},"featured_media":55468,"template":"","meta":[],"product_brand":[],"product_cat":[2886],"product_tag":[],"class_list":{"0":"post-93661","1":"product","2":"type-product","3":"status-publish","4":"has-post-thumbnail","6":"product_cat-accessoires-pour-plieuses","7":"pa_baujahr-168","8":"pa_hersteller-baumer-hhs","9":"pa_typ-hhs-c-1100-4-mit-promelt-hmp-04","11":"first","12":"instock","13":"sold-individually","14":"taxable","15":"shipping-taxable","16":"purchasable","17":"product-type-simple"},"jetpack_sharing_enabled":true,"_links":{"self":[{"href":"https:\/\/www.3p-gmbh.de\/fr\/wp-json\/wp\/v2\/product\/93661","targetHints":{"allow":["GET"]}}],"collection":[{"href":"https:\/\/www.3p-gmbh.de\/fr\/wp-json\/wp\/v2\/product"}],"about":[{"href":"https:\/\/www.3p-gmbh.de\/fr\/wp-json\/wp\/v2\/types\/product"}],"wp:featuredmedia":[{"embeddable":true,"href":"https:\/\/www.3p-gmbh.de\/fr\/wp-json\/wp\/v2\/media\/55468"}],"wp:attachment":[{"href":"https:\/\/www.3p-gmbh.de\/fr\/wp-json\/wp\/v2\/media?parent=93661"}],"wp:term":[{"taxonomy":"product_brand","embeddable":true,"href":"https:\/\/www.3p-gmbh.de\/fr\/wp-json\/wp\/v2\/product_brand?post=93661"},{"taxonomy":"product_cat","embeddable":true,"href":"https:\/\/www.3p-gmbh.de\/fr\/wp-json\/wp\/v2\/product_cat?post=93661"},{"taxonomy":"product_tag","embeddable":true,"href":"https:\/\/www.3p-gmbh.de\/fr\/wp-json\/wp\/v2\/product_tag?post=93661"}],"curies":[{"name":"wp","href":"https:\/\/api.w.org\/{rel}","templated":true}]}}