{"id":93660,"date":"2019-07-11T13:55:29","date_gmt":"2019-07-11T13:55:29","guid":{"rendered":"https:\/\/www.3p-gmbh.de\/produkt\/mbo-t-530-6-4-x-r-sbap-46-me-plieuse-a-poches\/"},"modified":"2019-07-11T13:55:29","modified_gmt":"2019-07-11T13:55:29","slug":"plieuse-de-poche-4","status":"publish","type":"product","link":"https:\/\/www.3p-gmbh.de\/fr\/produkt\/plieuse-de-poche-4\/","title":{"rendered":"MBO T 530-6-4-X-R SBAP 46 ME Plieuse \u00e0 poches"},"content":{"rendered":"<ul>\n<li>Format max. 53 x 84 cm<\/li>\n<li>Format min. 10,5 x 10,5 cm<\/li>\n<li>Rendement : 10 &#8211; 205 m\/min<\/li>\n<li>Margeur \u00e0 pile ronde avec commande par navigateur<\/li>\n<li>FW 1 avec 6 poches de pliage combin\u00e9es r\u00e9glables par moteur, largeur d&rsquo;entr\u00e9e 53 cm, arbre porte-couteaux en aval par axes enfichables, dispositif d&rsquo;insonorisation<\/li>\n<li>FW 2 avec 4 poches de pliage combin\u00e9es r\u00e9glables par moteur, largeur d&rsquo;entr\u00e9e 53 cm, arbre porte-couteaux en aval par axes enfichables, dispositif d&rsquo;insonorisation<\/li>\n<li>FW 3 Ouvrage de rupture de croix mobile X avec une \u00e9p\u00e9e<\/li>\n<li>Exposition en \u00e9cailles<\/li>\n<li>Sortie de presse \u00e0 feuilles verticales SBAP 46 ME avec dispositif de marquage<\/li>\n<\/ul>\n","protected":false},"excerpt":{"rendered":"<p>Format max. 53 x 84 cm Format min. 10,5 x 10,5 cm Rendement : 10 &#8211; 205 m\/min Margeur \u00e0 pile ronde avec commande par navigateur FW 1 avec 6 poches de pliage combin\u00e9es r\u00e9glables par moteur, largeur d&rsquo;entr\u00e9e 53 cm, arbre porte-couteaux en aval par axes enfichables, dispositif d&rsquo;insonorisation FW 2 avec 4 poches [&hellip;]<\/p>\n","protected":false},"featured_media":55462,"template":"","meta":[],"product_brand":[],"product_cat":[2984],"product_tag":[],"class_list":{"0":"post-93660","1":"product","2":"type-product","3":"status-publish","4":"has-post-thumbnail","6":"product_cat-plieuses-fr","7":"pa_baujahr-130","8":"pa_hersteller-mbo","9":"pa_typ-t-530-6-4-x-r-sbap-46me","11":"first","12":"instock","13":"sold-individually","14":"taxable","15":"shipping-taxable","16":"purchasable","17":"product-type-simple"},"jetpack_sharing_enabled":true,"_links":{"self":[{"href":"https:\/\/www.3p-gmbh.de\/fr\/wp-json\/wp\/v2\/product\/93660","targetHints":{"allow":["GET"]}}],"collection":[{"href":"https:\/\/www.3p-gmbh.de\/fr\/wp-json\/wp\/v2\/product"}],"about":[{"href":"https:\/\/www.3p-gmbh.de\/fr\/wp-json\/wp\/v2\/types\/product"}],"wp:featuredmedia":[{"embeddable":true,"href":"https:\/\/www.3p-gmbh.de\/fr\/wp-json\/wp\/v2\/media\/55462"}],"wp:attachment":[{"href":"https:\/\/www.3p-gmbh.de\/fr\/wp-json\/wp\/v2\/media?parent=93660"}],"wp:term":[{"taxonomy":"product_brand","embeddable":true,"href":"https:\/\/www.3p-gmbh.de\/fr\/wp-json\/wp\/v2\/product_brand?post=93660"},{"taxonomy":"product_cat","embeddable":true,"href":"https:\/\/www.3p-gmbh.de\/fr\/wp-json\/wp\/v2\/product_cat?post=93660"},{"taxonomy":"product_tag","embeddable":true,"href":"https:\/\/www.3p-gmbh.de\/fr\/wp-json\/wp\/v2\/product_tag?post=93660"}],"curies":[{"name":"wp","href":"https:\/\/api.w.org\/{rel}","templated":true}]}}