{"id":93656,"date":"2019-07-11T13:55:29","date_gmt":"2019-07-11T13:55:29","guid":{"rendered":"https:\/\/www.3p-gmbh.de\/produkt\/heidelberg-stahl-td-52-4-4-fi-plieuse-automatique-a-poches\/"},"modified":"2019-07-11T13:55:29","modified_gmt":"2019-07-11T13:55:29","slug":"machine-automatique-a-plier-les-poches","status":"publish","type":"product","link":"https:\/\/www.3p-gmbh.de\/fr\/produkt\/machine-automatique-a-plier-les-poches\/","title":{"rendered":"Heidelberg \/ Stahl TD 52-4-4-Fi Plieuse automatique \u00e0 poches"},"content":{"rendered":"<ul>\n<li>Plieuse \u00e0 poches motoris\u00e9e Stahlfolder TD 52-4-4-Fi avec SA 66 MP.D<\/li>\n<li>Ann\u00e9e de construction 2001<\/li>\n<li>en ao\u00fbt 2014, tous les rouleaux de pliage, les roulements, les presses de lubrification ont \u00e9t\u00e9 remplac\u00e9s<\/li>\n<li>Format 52 x 84cm<\/li>\n<li>Margeur \u00e0 pile plate Fi 52 avec Tremat et souffleurs lat\u00e9raux<\/li>\n<li>1er mouvement 4 r\u00e8gles et poches r\u00e9glables par moteur 52cm et arbre porte-lames en aval, outils de rainage Tri-Craeser<\/li>\n<li>2. usine 4 r\u00e8gles et poches r\u00e9glables par moteur 52cm et arbre porte-lames en aval<\/li>\n<li>1 sortie mobile de pressage d&rsquo;\u00e9cailles SA 66MP.D avec dispositif de marquage<\/li>\n<li>1 DV Pompe dans l&rsquo;enceinte antibruit<\/li>\n<li>1 poche de pliage de fen\u00eatre pneumatique \u00e0 r\u00e9glage motoris\u00e9 avec bo\u00eetier de commande ACC2.4<\/li>\n<\/ul>\n","protected":false},"excerpt":{"rendered":"<p>Plieuse \u00e0 poches motoris\u00e9e Stahlfolder TD 52-4-4-Fi avec SA 66 MP.D Ann\u00e9e de construction 2001 en ao\u00fbt 2014, tous les rouleaux de pliage, les roulements, les presses de lubrification ont \u00e9t\u00e9 remplac\u00e9s Format 52 x 84cm Margeur \u00e0 pile plate Fi 52 avec Tremat et souffleurs lat\u00e9raux 1er mouvement 4 r\u00e8gles et poches r\u00e9glables par [&hellip;]<\/p>\n","protected":false},"featured_media":55474,"template":"","meta":[],"product_brand":[],"product_cat":[2984],"product_tag":[],"class_list":{"0":"post-93656","1":"product","2":"type-product","3":"status-publish","4":"has-post-thumbnail","6":"product_cat-plieuses-fr","7":"pa_baujahr-130","8":"pa_hersteller-heidelberg-stahl","9":"pa_typ-td-52-4-4-fi-mit-sa-66-mp-d","11":"first","12":"instock","13":"sold-individually","14":"taxable","15":"shipping-taxable","16":"purchasable","17":"product-type-simple"},"jetpack_sharing_enabled":true,"_links":{"self":[{"href":"https:\/\/www.3p-gmbh.de\/fr\/wp-json\/wp\/v2\/product\/93656","targetHints":{"allow":["GET"]}}],"collection":[{"href":"https:\/\/www.3p-gmbh.de\/fr\/wp-json\/wp\/v2\/product"}],"about":[{"href":"https:\/\/www.3p-gmbh.de\/fr\/wp-json\/wp\/v2\/types\/product"}],"wp:featuredmedia":[{"embeddable":true,"href":"https:\/\/www.3p-gmbh.de\/fr\/wp-json\/wp\/v2\/media\/55474"}],"wp:attachment":[{"href":"https:\/\/www.3p-gmbh.de\/fr\/wp-json\/wp\/v2\/media?parent=93656"}],"wp:term":[{"taxonomy":"product_brand","embeddable":true,"href":"https:\/\/www.3p-gmbh.de\/fr\/wp-json\/wp\/v2\/product_brand?post=93656"},{"taxonomy":"product_cat","embeddable":true,"href":"https:\/\/www.3p-gmbh.de\/fr\/wp-json\/wp\/v2\/product_cat?post=93656"},{"taxonomy":"product_tag","embeddable":true,"href":"https:\/\/www.3p-gmbh.de\/fr\/wp-json\/wp\/v2\/product_tag?post=93656"}],"curies":[{"name":"wp","href":"https:\/\/api.w.org\/{rel}","templated":true}]}}