{"id":93655,"date":"2019-07-11T13:55:29","date_gmt":"2019-07-11T13:55:29","guid":{"rendered":"https:\/\/www.3p-gmbh.de\/produkt\/horizon-afc-544-akt-plieuse-combinee\/"},"modified":"2019-07-11T13:55:29","modified_gmt":"2019-07-11T13:55:29","slug":"plieuse-combinee-avec-reglage-automatique","status":"publish","type":"product","link":"https:\/\/www.3p-gmbh.de\/fr\/produkt\/plieuse-combinee-avec-reglage-automatique\/","title":{"rendered":"Horizon AFC 544 AKT Plieuse combin\u00e9e"},"content":{"rendered":"<p>Plieuse combin\u00e9e \u00e0 haut rendement Horizon AFC-544 AKT avec r\u00e9glage automatique et margeur \u00e0 pile plate, ann\u00e9e de construction 2002, compos\u00e9e de 4 poches, 1 lame avec 2 poches (gauche\/droite) avec r\u00e9glage automatique<\/p>\n<ul>\n<li>  utilisation tr\u00e8s facile et claire gr\u00e2ce \u00e0 la technologie Touch&amp;work<\/li>\n<li>grand \u00e9cran 14 couleurs<\/li>\n<li>dix-sept types de plis standard, dont cinq avec des cassures en croix, sont programm\u00e9s de mani\u00e8re fixe<\/li>\n<li>R\u00e9glage automatique des but\u00e9es de poche et des aiguillages courbes<\/li>\n<li>R\u00e9glage automatique pour station de pliage de guide compl\u00e8te, y compris r\u00e8gle d&rsquo;entr\u00e9e<\/li>\n<li>calcul automatique du r\u00e9glage des rouleaux de pliage<\/li>\n<li>200 emplacements de programme librement programmables pour les t\u00e2ches r\u00e9p\u00e9titives<\/li>\n<li>encombrement minimal gr\u00e2ce \u00e0 une construction tr\u00e8s compacte<\/li>\n<li>une construction m\u00e9canique des plus solides avec des parois lat\u00e9rales en acier de 16 mm et des rouleaux de pliage \u00e0 quatre paliers<\/li>\n<li>garantit une dur\u00e9e de vie maximale<\/li>\n<li>les roues dent\u00e9es \u00e0 denture h\u00e9lico\u00efdale garantissent un fonctionnement synchrone et silencieux de la machine avec une usure minimale<\/li>\n<li>La plaque d&rsquo;engrenage avec embrayages \u00e0 disques int\u00e9gr\u00e9s assure un engr\u00e8nement id\u00e9al des roues dent\u00e9es d&rsquo;entra\u00eenement pour chaque type de pliage et chaque \u00e9paisseur de papier<\/li>\n<li>Margeur \u00e0 plat avec empilage automatique et t\u00eate de s\u00e9paration starLift<\/li>\n<li>Compatible r\u00e9seau gr\u00e2ce au logiciel de contr\u00f4le Horizon i2i (CIP3\/CIP4)<\/li>\n<li>d\u00e9tecteur \u00e9lectronique de double feuille<\/li>\n<li>Surveillance de la marche des feuilles avec affichage des dysfonctionnements sur le moniteur<\/li>\n<li>Compteur total et pr\u00e9s\u00e9lection avec fonction d&rsquo;arr\u00eat<\/li>\n<li>Graissage centralis\u00e9 pour l&rsquo;entra\u00eenement des rouleaux de pliage<\/li>\n<li>Indicateur de puissance<\/li>\n<li>Dispositif de rainage et de perforation<\/li>\n<li>r\u00e9glage \u00e9lectronique central et continu de la vitesse<\/li>\n<li>Rouleaux en acier Soft-PU<\/li>\n<li>Sortie avec bras pivotant<\/li>\n<li>dispositif anti-bruit et compresseur inclus<\/li>\n<\/ul>\n","protected":false},"excerpt":{"rendered":"<p>Plieuse combin\u00e9e \u00e0 haut rendement Horizon AFC-544 AKT avec r\u00e9glage automatique et margeur \u00e0 pile plate, ann\u00e9e de construction 2002, compos\u00e9e de 4 poches, 1 lame avec 2 poches (gauche\/droite) avec r\u00e9glage automatique utilisation tr\u00e8s facile et claire gr\u00e2ce \u00e0 la technologie Touch&amp;work grand \u00e9cran 14 couleurs dix-sept types de plis standard, dont cinq avec [&hellip;]<\/p>\n","protected":false},"featured_media":55479,"template":"","meta":[],"product_brand":[],"product_cat":[2984],"product_tag":[],"class_list":{"0":"post-93655","1":"product","2":"type-product","3":"status-publish","4":"has-post-thumbnail","6":"product_cat-plieuses-fr","7":"pa_baujahr-153","8":"pa_hersteller-horizon","9":"pa_typ-afc-544-akt","11":"first","12":"instock","13":"sold-individually","14":"taxable","15":"shipping-taxable","16":"purchasable","17":"product-type-simple"},"jetpack_sharing_enabled":true,"_links":{"self":[{"href":"https:\/\/www.3p-gmbh.de\/fr\/wp-json\/wp\/v2\/product\/93655","targetHints":{"allow":["GET"]}}],"collection":[{"href":"https:\/\/www.3p-gmbh.de\/fr\/wp-json\/wp\/v2\/product"}],"about":[{"href":"https:\/\/www.3p-gmbh.de\/fr\/wp-json\/wp\/v2\/types\/product"}],"wp:featuredmedia":[{"embeddable":true,"href":"https:\/\/www.3p-gmbh.de\/fr\/wp-json\/wp\/v2\/media\/55479"}],"wp:attachment":[{"href":"https:\/\/www.3p-gmbh.de\/fr\/wp-json\/wp\/v2\/media?parent=93655"}],"wp:term":[{"taxonomy":"product_brand","embeddable":true,"href":"https:\/\/www.3p-gmbh.de\/fr\/wp-json\/wp\/v2\/product_brand?post=93655"},{"taxonomy":"product_cat","embeddable":true,"href":"https:\/\/www.3p-gmbh.de\/fr\/wp-json\/wp\/v2\/product_cat?post=93655"},{"taxonomy":"product_tag","embeddable":true,"href":"https:\/\/www.3p-gmbh.de\/fr\/wp-json\/wp\/v2\/product_tag?post=93655"}],"curies":[{"name":"wp","href":"https:\/\/api.w.org\/{rel}","templated":true}]}}