{"id":93637,"date":"2019-07-11T13:54:40","date_gmt":"2019-07-11T13:54:40","guid":{"rendered":"https:\/\/www.3p-gmbh.de\/produkt\/systeme-depreuvage-epson-7600-stylus-pro-avec-proofmaster-rip\/"},"modified":"2019-07-11T13:54:40","modified_gmt":"2019-07-11T13:54:40","slug":"epson-proofsystem-avec-proofmaster-rip","status":"publish","type":"product","link":"https:\/\/www.3p-gmbh.de\/fr\/produkt\/epson-proofsystem-avec-proofmaster-rip\/","title":{"rendered":"Syst\u00e8me d&rsquo;\u00e9preuvage Epson 7600 Stylus Pro avec ProofMaster Rip"},"content":{"rendered":"<p>Dans le cadre de vos activit\u00e9s commerciales, vous ne pouvez prendre aucun risque avec vos clients. Vous devez ex\u00e9cuter les commandes de vos clients avec pr\u00e9cision et dans les d\u00e9lais. Vous ne voulez en aucun cas vous disputer avec vos clients pour savoir si les couleurs sont correctes ou ne pas respecter un d\u00e9lai de livraison parce qu&rsquo;il faut plus de temps pour les \u00e9preuves. Vous avez besoin d&rsquo;\u00e9preuves d&rsquo;une pr\u00e9cision prouv\u00e9e. Et un logiciel d&rsquo;\u00e9preuvage qui n&rsquo;est pas seulement facile \u00e0 utiliser, mais qui offre aussi la flexibilit\u00e9 n\u00e9cessaire \u00e0 votre m\u00e9thode de travail. Un appareil de mesure faisant partie du paquet sert \u00e0 calibrer l&rsquo;appareil ainsi qu&rsquo;\u00e0 mesurer diff\u00e9rents types de papier. En outre, l&rsquo;appareil est utilis\u00e9 pour l&rsquo;assurance qualit\u00e9 en cours de fonctionnement.<\/p>\n<ul>\n<li>Epson Stylus Pro 7600 appareil de table<\/li>\n<li>Imprimante \u00e0 jet d&rsquo;encre avec technologie d&rsquo;encre 7 couleurs EPSON UltraChrome(TM)<\/li>\n<li>Optimisation de l&rsquo;encre noire pour tous les besoins d&rsquo;impression<\/li>\n<li>Encre Lightblack pour une impression photo exceptionnelle<\/li>\n<li>technologie avanc\u00e9e de t\u00eate d&rsquo;impression Micro Piezo(TM) \u00e0 2880 dpi<\/li>\n<li>Haute qualit\u00e9 d&rsquo;impression, faibles co\u00fbts d&rsquo;impression<\/li>\n<li>Polyvalent, flexible et facile \u00e0 utiliser<\/li>\n<li>r\u00e9solution maximale 2880 x 1440 dpi<\/li>\n<li>Connexion parall\u00e8le\/USB<\/li>\n<li>Types de support : Feuille ou rouleau (largeur max. 61,0 cm)<\/li>\n<\/ul>\n<p>&nbsp;<\/p>\n<ul>\n<li>PerfectProof Proofmaster Rip 3.1<\/li>\n<li>Progiciel pour le pilotage de l&rsquo;Epson Stylus 7600<\/li>\n<li>Driver classe 3 (possibilit\u00e9 de piloter d&rsquo;autres p\u00e9riph\u00e9riques de sortie de plus grand format)<\/li>\n<li>Syst\u00e8me d&rsquo;exploitation Windows 2003 Server<\/li>\n<\/ul>\n<p>Appareil de mesure Gretag SpectroScan avec table de mesure Spectrolino<br \/>\nLe spectrophotom\u00e8tre Spectrolino est l&rsquo;instrument de mesure pr\u00e9cis pour tous les domaines de l&rsquo;industrie de l&rsquo;impression : r\u00e9mission, transmission et \u00e9mission ! Ainsi, les \u00e9chantillons de couleur et de papier, les diapositives, les colorcharts et les moniteurs peuvent toujours \u00eatre mesur\u00e9s rapidement, en toute s\u00e9curit\u00e9 et avec une pr\u00e9cision absolue. Cet appareil de mesure pratique vous permet d&rsquo;obtenir de grandes performances avec un minimum d&rsquo;efforts : une qualit\u00e9 continue, de la r\u00e9ception de la commande \u00e0 la livraison du produit final imprim\u00e9. Le Spectrolino est connect\u00e9 au PC via l&rsquo;interface RS 232C int\u00e9gr\u00e9e. Gr\u00e2ce au syst\u00e8me optique en anneau, la mesure est tout aussi fiable, m\u00eame sous diff\u00e9rents angles. Pour la mesure des \u00e9missions, le Spectrolino est fix\u00e9 en toute s\u00e9curit\u00e9 et en douceur sur l&rsquo;\u00e9cran \u00e0 l&rsquo;aide du support fourni. La table de mesure x\/y SpectroScan T transforme le Spectrolino en une station de travail enti\u00e8rement automatique pour la mesure des color charts.<\/p>\n","protected":false},"excerpt":{"rendered":"<p>Dans le cadre de vos activit\u00e9s commerciales, vous ne pouvez prendre aucun risque avec vos clients. Vous devez ex\u00e9cuter les commandes de vos clients avec pr\u00e9cision et dans les d\u00e9lais. Vous ne voulez en aucun cas vous disputer avec vos clients pour savoir si les couleurs sont correctes ou ne pas respecter un d\u00e9lai de [&hellip;]<\/p>\n","protected":false},"featured_media":55209,"template":"","meta":[],"product_brand":[],"product_cat":[2973],"product_tag":[],"class_list":{"0":"post-93637","1":"product","2":"type-product","3":"status-publish","4":"has-post-thumbnail","6":"product_cat-impression-numerique","7":"pa_baujahr-153","8":"pa_hersteller-epson-proofmaster","9":"pa_typ-stylus-7600","11":"first","12":"instock","13":"sold-individually","14":"taxable","15":"shipping-taxable","16":"purchasable","17":"product-type-simple"},"jetpack_sharing_enabled":true,"_links":{"self":[{"href":"https:\/\/www.3p-gmbh.de\/fr\/wp-json\/wp\/v2\/product\/93637","targetHints":{"allow":["GET"]}}],"collection":[{"href":"https:\/\/www.3p-gmbh.de\/fr\/wp-json\/wp\/v2\/product"}],"about":[{"href":"https:\/\/www.3p-gmbh.de\/fr\/wp-json\/wp\/v2\/types\/product"}],"wp:featuredmedia":[{"embeddable":true,"href":"https:\/\/www.3p-gmbh.de\/fr\/wp-json\/wp\/v2\/media\/55209"}],"wp:attachment":[{"href":"https:\/\/www.3p-gmbh.de\/fr\/wp-json\/wp\/v2\/media?parent=93637"}],"wp:term":[{"taxonomy":"product_brand","embeddable":true,"href":"https:\/\/www.3p-gmbh.de\/fr\/wp-json\/wp\/v2\/product_brand?post=93637"},{"taxonomy":"product_cat","embeddable":true,"href":"https:\/\/www.3p-gmbh.de\/fr\/wp-json\/wp\/v2\/product_cat?post=93637"},{"taxonomy":"product_tag","embeddable":true,"href":"https:\/\/www.3p-gmbh.de\/fr\/wp-json\/wp\/v2\/product_tag?post=93637"}],"curies":[{"name":"wp","href":"https:\/\/api.w.org\/{rel}","templated":true}]}}