{"id":93621,"date":"2019-07-11T13:54:40","date_gmt":"2019-07-11T13:54:40","guid":{"rendered":"https:\/\/www.3p-gmbh.de\/produkt\/haase-oe-47-machine-a-developper-les-plaques-ctp\/"},"modified":"2019-07-11T13:54:40","modified_gmt":"2019-07-11T13:54:40","slug":"machine-a-developper-les-plaques","status":"publish","type":"product","link":"https:\/\/www.3p-gmbh.de\/fr\/produkt\/machine-a-developper-les-plaques\/","title":{"rendered":"Haase OE 47 Machine \u00e0 d\u00e9velopper les plaques CtP"},"content":{"rendered":"<ul>\n<li>Largeur d&rsquo;entr\u00e9e 650 mm<\/li>\n<li>tr\u00e8s bon \u00e9tat<\/li>\n<li>utilis\u00e9 jusqu&rsquo;\u00e0 pr\u00e9sent sur le Trendsetter<\/li>\n<\/ul>\n","protected":false},"excerpt":{"rendered":"<p>Largeur d&rsquo;entr\u00e9e 650 mm tr\u00e8s bon \u00e9tat utilis\u00e9 jusqu&rsquo;\u00e0 pr\u00e9sent sur le Trendsetter<\/p>\n","protected":false},"featured_media":55224,"template":"","meta":[],"product_brand":[],"product_cat":[2995],"product_tag":[],"class_list":{"0":"post-93621","1":"product","2":"type-product","3":"status-publish","4":"has-post-thumbnail","6":"product_cat-traitement-des-plaques-dimpression-fr","7":"pa_baujahr-153","8":"pa_hersteller-haase","9":"pa_typ-oe-47-ctp","11":"first","12":"instock","13":"sold-individually","14":"taxable","15":"shipping-taxable","16":"purchasable","17":"product-type-simple"},"jetpack_sharing_enabled":true,"_links":{"self":[{"href":"https:\/\/www.3p-gmbh.de\/fr\/wp-json\/wp\/v2\/product\/93621","targetHints":{"allow":["GET"]}}],"collection":[{"href":"https:\/\/www.3p-gmbh.de\/fr\/wp-json\/wp\/v2\/product"}],"about":[{"href":"https:\/\/www.3p-gmbh.de\/fr\/wp-json\/wp\/v2\/types\/product"}],"wp:featuredmedia":[{"embeddable":true,"href":"https:\/\/www.3p-gmbh.de\/fr\/wp-json\/wp\/v2\/media\/55224"}],"wp:attachment":[{"href":"https:\/\/www.3p-gmbh.de\/fr\/wp-json\/wp\/v2\/media?parent=93621"}],"wp:term":[{"taxonomy":"product_brand","embeddable":true,"href":"https:\/\/www.3p-gmbh.de\/fr\/wp-json\/wp\/v2\/product_brand?post=93621"},{"taxonomy":"product_cat","embeddable":true,"href":"https:\/\/www.3p-gmbh.de\/fr\/wp-json\/wp\/v2\/product_cat?post=93621"},{"taxonomy":"product_tag","embeddable":true,"href":"https:\/\/www.3p-gmbh.de\/fr\/wp-json\/wp\/v2\/product_tag?post=93621"}],"curies":[{"name":"wp","href":"https:\/\/api.w.org\/{rel}","templated":true}]}}