{"id":93620,"date":"2019-07-11T13:54:40","date_gmt":"2019-07-11T13:54:40","guid":{"rendered":"https:\/\/www.3p-gmbh.de\/produkt\/machine-a-developper-les-films-agfa-rapiline\/"},"modified":"2019-07-11T13:54:40","modified_gmt":"2019-07-11T13:54:40","slug":"machine-de-developpement-de-films-8","status":"publish","type":"product","link":"https:\/\/www.3p-gmbh.de\/fr\/produkt\/machine-de-developpement-de-films-8\/","title":{"rendered":"Machine \u00e0 d\u00e9velopper les films Agfa Rapiline"},"content":{"rendered":"<ul>\n<li>largeur d&rsquo;entr\u00e9e de 72 cm ou 43 cm selon le mod\u00e8le<\/li>\n<li>ch\u00e2ssis ouvert<\/li>\n<li>Cassette lumi\u00e8re du jour<\/li>\n<li>Panier collecteur<\/li>\n<li>R\u00e9cipient de r\u00e9g\u00e9n\u00e9ration pour le r\u00e9v\u00e9lateur et le fixateur<\/li>\n<\/ul>\n","protected":false},"excerpt":{"rendered":"<p>largeur d&rsquo;entr\u00e9e de 72 cm ou 43 cm selon le mod\u00e8le ch\u00e2ssis ouvert Cassette lumi\u00e8re du jour Panier collecteur R\u00e9cipient de r\u00e9g\u00e9n\u00e9ration pour le r\u00e9v\u00e9lateur et le fixateur<\/p>\n","protected":false},"featured_media":55220,"template":"","meta":[],"product_brand":[],"product_cat":[2936],"product_tag":[],"class_list":{"0":"post-93620","1":"product","2":"type-product","3":"status-publish","4":"has-post-thumbnail","6":"product_cat-systemes-dexposition-et-de-developpement-de-films","7":"pa_hersteller-agfa","8":"pa_typ-rapiline-72-3-bzw-43-4","10":"first","11":"instock","12":"sold-individually","13":"taxable","14":"shipping-taxable","15":"purchasable","16":"product-type-simple"},"jetpack_sharing_enabled":true,"_links":{"self":[{"href":"https:\/\/www.3p-gmbh.de\/fr\/wp-json\/wp\/v2\/product\/93620","targetHints":{"allow":["GET"]}}],"collection":[{"href":"https:\/\/www.3p-gmbh.de\/fr\/wp-json\/wp\/v2\/product"}],"about":[{"href":"https:\/\/www.3p-gmbh.de\/fr\/wp-json\/wp\/v2\/types\/product"}],"wp:featuredmedia":[{"embeddable":true,"href":"https:\/\/www.3p-gmbh.de\/fr\/wp-json\/wp\/v2\/media\/55220"}],"wp:attachment":[{"href":"https:\/\/www.3p-gmbh.de\/fr\/wp-json\/wp\/v2\/media?parent=93620"}],"wp:term":[{"taxonomy":"product_brand","embeddable":true,"href":"https:\/\/www.3p-gmbh.de\/fr\/wp-json\/wp\/v2\/product_brand?post=93620"},{"taxonomy":"product_cat","embeddable":true,"href":"https:\/\/www.3p-gmbh.de\/fr\/wp-json\/wp\/v2\/product_cat?post=93620"},{"taxonomy":"product_tag","embeddable":true,"href":"https:\/\/www.3p-gmbh.de\/fr\/wp-json\/wp\/v2\/product_tag?post=93620"}],"curies":[{"name":"wp","href":"https:\/\/api.w.org\/{rel}","templated":true}]}}