{"id":93618,"date":"2019-07-11T13:54:40","date_gmt":"2019-07-11T13:54:40","guid":{"rendered":"https:\/\/www.3p-gmbh.de\/produkt\/four-de-cuisson-technografica-ebo-1250\/"},"modified":"2019-07-11T13:54:40","modified_gmt":"2019-07-11T13:54:40","slug":"four-de-cuisson-horizontal-a-plaques-de-pression","status":"publish","type":"product","link":"https:\/\/www.3p-gmbh.de\/fr\/produkt\/four-de-cuisson-horizontal-a-plaques-de-pression\/","title":{"rendered":"Four de cuisson Technografica EBO 1250"},"content":{"rendered":"<p>Le four de cuisson de plaques d&rsquo;impression Technografica EBO 1250, construit en 2001, convient pour le traitement de plaques d&rsquo;impression offset pr\u00e9rev\u00eatues d&rsquo;un c\u00f4t\u00e9 jusqu&rsquo;\u00e0 max. Largeur d&rsquo;entr\u00e9e 1250 mm. La cuisson avec le four de cuisson augmente la dur\u00e9e de vie des plaques d&rsquo;impression sur la machine \u00e0 imprimer. Un traitement thermique par circulation d&rsquo;air sur les deux faces permet d&rsquo;obtenir des plaques cuites uniform\u00e9ment avec une bonne plan\u00e9it\u00e9. La temp\u00e9rature est r\u00e9glable de mani\u00e8re variable de 0 \u00e0 300 \u00baC. La consommation d&rsquo;\u00e9nergie est minimis\u00e9e gr\u00e2ce \u00e0 un thermostat de r\u00e9gulation et \u00e0 une isolation sophistiqu\u00e9e.<\/p>\n<p>Disponibles en option : diverses tables de transport interm\u00e9diaires ZTA et des renvois d&rsquo;angle EKT<\/p>\n","protected":false},"excerpt":{"rendered":"<p>Le four de cuisson de plaques d&rsquo;impression Technografica EBO 1250, construit en 2001, convient pour le traitement de plaques d&rsquo;impression offset pr\u00e9rev\u00eatues d&rsquo;un c\u00f4t\u00e9 jusqu&rsquo;\u00e0 max. Largeur d&rsquo;entr\u00e9e 1250 mm. La cuisson avec le four de cuisson augmente la dur\u00e9e de vie des plaques d&rsquo;impression sur la machine \u00e0 imprimer. Un traitement thermique par circulation [&hellip;]<\/p>\n","protected":false},"featured_media":55214,"template":"","meta":[],"product_brand":[],"product_cat":[2995],"product_tag":[],"class_list":{"0":"post-93618","1":"product","2":"type-product","3":"status-publish","4":"has-post-thumbnail","6":"product_cat-traitement-des-plaques-dimpression-fr","7":"pa_baujahr-130","8":"pa_hersteller-techno-grafica","9":"pa_typ-diamant-ebo-1250-mit-spg","11":"first","12":"instock","13":"sold-individually","14":"taxable","15":"shipping-taxable","16":"purchasable","17":"product-type-simple"},"jetpack_sharing_enabled":true,"_links":{"self":[{"href":"https:\/\/www.3p-gmbh.de\/fr\/wp-json\/wp\/v2\/product\/93618","targetHints":{"allow":["GET"]}}],"collection":[{"href":"https:\/\/www.3p-gmbh.de\/fr\/wp-json\/wp\/v2\/product"}],"about":[{"href":"https:\/\/www.3p-gmbh.de\/fr\/wp-json\/wp\/v2\/types\/product"}],"wp:featuredmedia":[{"embeddable":true,"href":"https:\/\/www.3p-gmbh.de\/fr\/wp-json\/wp\/v2\/media\/55214"}],"wp:attachment":[{"href":"https:\/\/www.3p-gmbh.de\/fr\/wp-json\/wp\/v2\/media?parent=93618"}],"wp:term":[{"taxonomy":"product_brand","embeddable":true,"href":"https:\/\/www.3p-gmbh.de\/fr\/wp-json\/wp\/v2\/product_brand?post=93618"},{"taxonomy":"product_cat","embeddable":true,"href":"https:\/\/www.3p-gmbh.de\/fr\/wp-json\/wp\/v2\/product_cat?post=93618"},{"taxonomy":"product_tag","embeddable":true,"href":"https:\/\/www.3p-gmbh.de\/fr\/wp-json\/wp\/v2\/product_tag?post=93618"}],"curies":[{"name":"wp","href":"https:\/\/api.w.org\/{rel}","templated":true}]}}