{"id":93611,"date":"2019-07-11T13:54:40","date_gmt":"2019-07-11T13:54:40","guid":{"rendered":"https:\/\/www.3p-gmbh.de\/produkt\/gretag-viptronic-vipcam-122-appareil-de-mesure-de-la-plaque-dimpression\/"},"modified":"2019-07-11T13:54:40","modified_gmt":"2019-07-11T13:54:40","slug":"thermometre-a-plaque","status":"publish","type":"product","link":"https:\/\/www.3p-gmbh.de\/fr\/produkt\/thermometre-a-plaque\/","title":{"rendered":"Gretag\/Viptronic Vipcam 122 Appareil de mesure de la plaque d&rsquo;impression"},"content":{"rendered":"<ul>\n<li>pour un contr\u00f4le qualit\u00e9 rapide et pr\u00e9cis du processus CtP<\/li>\n<li>dans un coffret en plastique, mode d&#8217;emploi, c\u00e2ble de donn\u00e9es, CD avec logiciel Vipcam 122<\/li>\n<\/ul>\n","protected":false},"excerpt":{"rendered":"<p>pour un contr\u00f4le qualit\u00e9 rapide et pr\u00e9cis du processus CtP dans un coffret en plastique, mode d&#8217;emploi, c\u00e2ble de donn\u00e9es, CD avec logiciel Vipcam 122<\/p>\n","protected":false},"featured_media":55228,"template":"","meta":[],"product_brand":[],"product_cat":[2930],"product_tag":[],"class_list":{"0":"post-93611","1":"product","2":"type-product","3":"status-publish","4":"has-post-thumbnail","6":"product_cat-instruments-de-mesure-et-assurance-qualite","7":"pa_baujahr-198","8":"pa_hersteller-gretag-viptronic","9":"pa_typ-vipcam-122","11":"first","12":"instock","13":"sold-individually","14":"taxable","15":"shipping-taxable","16":"purchasable","17":"product-type-simple"},"jetpack_sharing_enabled":true,"_links":{"self":[{"href":"https:\/\/www.3p-gmbh.de\/fr\/wp-json\/wp\/v2\/product\/93611","targetHints":{"allow":["GET"]}}],"collection":[{"href":"https:\/\/www.3p-gmbh.de\/fr\/wp-json\/wp\/v2\/product"}],"about":[{"href":"https:\/\/www.3p-gmbh.de\/fr\/wp-json\/wp\/v2\/types\/product"}],"wp:featuredmedia":[{"embeddable":true,"href":"https:\/\/www.3p-gmbh.de\/fr\/wp-json\/wp\/v2\/media\/55228"}],"wp:attachment":[{"href":"https:\/\/www.3p-gmbh.de\/fr\/wp-json\/wp\/v2\/media?parent=93611"}],"wp:term":[{"taxonomy":"product_brand","embeddable":true,"href":"https:\/\/www.3p-gmbh.de\/fr\/wp-json\/wp\/v2\/product_brand?post=93611"},{"taxonomy":"product_cat","embeddable":true,"href":"https:\/\/www.3p-gmbh.de\/fr\/wp-json\/wp\/v2\/product_cat?post=93611"},{"taxonomy":"product_tag","embeddable":true,"href":"https:\/\/www.3p-gmbh.de\/fr\/wp-json\/wp\/v2\/product_tag?post=93611"}],"curies":[{"name":"wp","href":"https:\/\/api.w.org\/{rel}","templated":true}]}}