{"id":93597,"date":"2019-07-11T13:54:40","date_gmt":"2019-07-11T13:54:40","guid":{"rendered":"https:\/\/www.3p-gmbh.de\/produkt\/systeme-de-filtration-logotec-cms-plate-pour-ctp\/"},"modified":"2019-07-11T13:54:40","modified_gmt":"2019-07-11T13:54:40","slug":"systeme-de-filtration-pour-le-developpement-sect","status":"publish","type":"product","link":"https:\/\/www.3p-gmbh.de\/fr\/produkt\/systeme-de-filtration-pour-le-developpement-sect\/","title":{"rendered":"Syst\u00e8me de filtration Logotec CMS Plate pour CtP"},"content":{"rendered":"<p>Le syst\u00e8me de filtration de la section de d\u00e9veloppement sur les processeurs de plaques pour la technologie CtP et CtC nettoie en permanence la section de d\u00e9veloppement et permet ainsi d&rsquo;augmenter consid\u00e9rablement la disponibilit\u00e9 de la production (dur\u00e9e de vie) du processeur de plaques. L&rsquo;installation de nettoyage convient pour le traitement des plaques photopolym\u00e8res et thermiques, ainsi que pour les plaques conventionnelles.<\/p>\n<p>Pourquoi filtrer la section r\u00e9v\u00e9lateur ?<\/p>\n<ul>\n<li>pour un processus plus stable<\/li>\n<li>pour augmenter la disponibilit\u00e9 de la production<\/li>\n<li>pour obtenir une dur\u00e9e d&rsquo;utilisation plus longue du d\u00e9veloppeur de plaques<\/li>\n<li>pour moins d&rsquo;utilisation de produits chimiques<\/li>\n<li>pour une r\u00e9duction des efforts et des co\u00fbts d&rsquo;\u00e9limination<\/li>\n<\/ul>\n","protected":false},"excerpt":{"rendered":"<p>Le syst\u00e8me de filtration de la section de d\u00e9veloppement sur les processeurs de plaques pour la technologie CtP et CtC nettoie en permanence la section de d\u00e9veloppement et permet ainsi d&rsquo;augmenter consid\u00e9rablement la disponibilit\u00e9 de la production (dur\u00e9e de vie) du processeur de plaques. L&rsquo;installation de nettoyage convient pour le traitement des plaques photopolym\u00e8res et [&hellip;]<\/p>\n","protected":false},"featured_media":55235,"template":"","meta":[],"product_brand":[],"product_cat":[2995],"product_tag":[],"class_list":{"0":"post-93597","1":"product","2":"type-product","3":"status-publish","4":"has-post-thumbnail","6":"product_cat-traitement-des-plaques-dimpression-fr","7":"pa_baujahr-143","8":"pa_hersteller-logotec","9":"pa_typ-cms-plate","11":"first","12":"instock","13":"sold-individually","14":"taxable","15":"shipping-taxable","16":"purchasable","17":"product-type-simple"},"jetpack_sharing_enabled":true,"_links":{"self":[{"href":"https:\/\/www.3p-gmbh.de\/fr\/wp-json\/wp\/v2\/product\/93597","targetHints":{"allow":["GET"]}}],"collection":[{"href":"https:\/\/www.3p-gmbh.de\/fr\/wp-json\/wp\/v2\/product"}],"about":[{"href":"https:\/\/www.3p-gmbh.de\/fr\/wp-json\/wp\/v2\/types\/product"}],"wp:featuredmedia":[{"embeddable":true,"href":"https:\/\/www.3p-gmbh.de\/fr\/wp-json\/wp\/v2\/media\/55235"}],"wp:attachment":[{"href":"https:\/\/www.3p-gmbh.de\/fr\/wp-json\/wp\/v2\/media?parent=93597"}],"wp:term":[{"taxonomy":"product_brand","embeddable":true,"href":"https:\/\/www.3p-gmbh.de\/fr\/wp-json\/wp\/v2\/product_brand?post=93597"},{"taxonomy":"product_cat","embeddable":true,"href":"https:\/\/www.3p-gmbh.de\/fr\/wp-json\/wp\/v2\/product_cat?post=93597"},{"taxonomy":"product_tag","embeddable":true,"href":"https:\/\/www.3p-gmbh.de\/fr\/wp-json\/wp\/v2\/product_tag?post=93597"}],"curies":[{"name":"wp","href":"https:\/\/api.w.org\/{rel}","templated":true}]}}