{"id":93596,"date":"2019-07-11T13:54:40","date_gmt":"2019-07-11T13:54:40","guid":{"rendered":"https:\/\/www.3p-gmbh.de\/produkt\/grafoteam-pst-480-c-chariot-elevateur-a-plaques\/"},"modified":"2019-07-11T13:54:40","modified_gmt":"2019-07-11T13:54:40","slug":"chariot-elevateur-a-plateaux-2","status":"publish","type":"product","link":"https:\/\/www.3p-gmbh.de\/fr\/produkt\/chariot-elevateur-a-plateaux-2\/","title":{"rendered":"Grafoteam PST 480 C Chariot \u00e9l\u00e9vateur \u00e0 plaques"},"content":{"rendered":"<p>L&#8217;empileur de plaques se distingue par sa construction compacte et flexible et constitue la solution id\u00e9ale pour les processus de production automatis\u00e9s. Pour une s\u00e9curit\u00e9 maximale, le PST est \u00e9quip\u00e9 d&rsquo;un syst\u00e8me \u00e9lectronique de surcharge. Les erreurs sont signal\u00e9es par un signal sonore et visuel.<\/p>\n<ul>\n<li>Doigts de transport r\u00e9glables pour des tailles de plaques de min. 324 x 394 [mm] max. 1160 x 940  [mm]<\/li>\n<li>Le PST 48 dispose d&rsquo;une interface \u00e9lectronique pour diff\u00e9rentes configurations de flasheuses \u00e0 plaques<\/li>\n<li>Vitesse r\u00e9glable des tapis roulants<\/li>\n<li>Aimants pour un positionnement pr\u00e9cis du chariot \u00e0 panneaux<\/li>\n<li>Les bras de transport peuvent \u00eatre relev\u00e9s pour les travaux de maintenance sur la d\u00e9veloppeuse de plaques.<\/li>\n<\/ul>\n","protected":false},"excerpt":{"rendered":"<p>L&#8217;empileur de plaques se distingue par sa construction compacte et flexible et constitue la solution id\u00e9ale pour les processus de production automatis\u00e9s. Pour une s\u00e9curit\u00e9 maximale, le PST est \u00e9quip\u00e9 d&rsquo;un syst\u00e8me \u00e9lectronique de surcharge. Les erreurs sont signal\u00e9es par un signal sonore et visuel. Doigts de transport r\u00e9glables pour des tailles de plaques de [&hellip;]<\/p>\n","protected":false},"featured_media":55232,"template":"","meta":[],"product_brand":[],"product_cat":[2995],"product_tag":[],"class_list":{"0":"post-93596","1":"product","2":"type-product","3":"status-publish","4":"has-post-thumbnail","6":"product_cat-traitement-des-plaques-dimpression-fr","7":"pa_baujahr-326","8":"pa_hersteller-grafoteam","9":"pa_typ-pst-480-c","11":"first","12":"instock","13":"sold-individually","14":"taxable","15":"shipping-taxable","16":"purchasable","17":"product-type-simple"},"jetpack_sharing_enabled":true,"_links":{"self":[{"href":"https:\/\/www.3p-gmbh.de\/fr\/wp-json\/wp\/v2\/product\/93596","targetHints":{"allow":["GET"]}}],"collection":[{"href":"https:\/\/www.3p-gmbh.de\/fr\/wp-json\/wp\/v2\/product"}],"about":[{"href":"https:\/\/www.3p-gmbh.de\/fr\/wp-json\/wp\/v2\/types\/product"}],"wp:featuredmedia":[{"embeddable":true,"href":"https:\/\/www.3p-gmbh.de\/fr\/wp-json\/wp\/v2\/media\/55232"}],"wp:attachment":[{"href":"https:\/\/www.3p-gmbh.de\/fr\/wp-json\/wp\/v2\/media?parent=93596"}],"wp:term":[{"taxonomy":"product_brand","embeddable":true,"href":"https:\/\/www.3p-gmbh.de\/fr\/wp-json\/wp\/v2\/product_brand?post=93596"},{"taxonomy":"product_cat","embeddable":true,"href":"https:\/\/www.3p-gmbh.de\/fr\/wp-json\/wp\/v2\/product_cat?post=93596"},{"taxonomy":"product_tag","embeddable":true,"href":"https:\/\/www.3p-gmbh.de\/fr\/wp-json\/wp\/v2\/product_tag?post=93596"}],"curies":[{"name":"wp","href":"https:\/\/api.w.org\/{rel}","templated":true}]}}