{"id":93584,"date":"2019-07-11T13:54:40","date_gmt":"2019-07-11T13:54:40","guid":{"rendered":"https:\/\/www.3p-gmbh.de\/produkt\/appareil-de-mesure-des-plaques-dimpression-techkon-spectro-plate\/"},"modified":"2019-07-11T13:54:40","modified_gmt":"2019-07-11T13:54:40","slug":"appareil-de-mesure-des-plaques-de-pression","status":"publish","type":"product","link":"https:\/\/www.3p-gmbh.de\/fr\/produkt\/appareil-de-mesure-des-plaques-de-pression\/","title":{"rendered":"Appareil de mesure des plaques d&rsquo;impression Techkon Spectro-Plate"},"content":{"rendered":"<p>L&rsquo;appareil est disponible en version SpectroPlate Start ou Expert. SpectroPlate ne conna\u00eet aucune restriction concernant la forme ou la taille de la grille \u00e0 analyser. Qu&rsquo;il s&rsquo;agisse de trames FM, AM ou hybrides : gr\u00e2ce \u00e0 son syst\u00e8me optique pr\u00e9cis, \u00e0 la haute r\u00e9solution de son capteur d&rsquo;image et \u00e0 ses calculs graphiques sophistiqu\u00e9s, l&rsquo;appareil de mesure ma\u00eetrise l&rsquo;\u00e9valuation exacte de toute technologie de trame. L&rsquo;\u00e9clairage de l&rsquo;\u00e9chantillon \u00e0 large bande spectrale et l&rsquo;analyse dynamique des couleurs permettent de d\u00e9tecter de mani\u00e8re fiable les mat\u00e9riaux et les surfaces des plaques de diff\u00e9rentes couleurs et rev\u00eatements.<\/p>\n","protected":false},"excerpt":{"rendered":"<p>L&rsquo;appareil est disponible en version SpectroPlate Start ou Expert. SpectroPlate ne conna\u00eet aucune restriction concernant la forme ou la taille de la grille \u00e0 analyser. Qu&rsquo;il s&rsquo;agisse de trames FM, AM ou hybrides : gr\u00e2ce \u00e0 son syst\u00e8me optique pr\u00e9cis, \u00e0 la haute r\u00e9solution de son capteur d&rsquo;image et \u00e0 ses calculs graphiques sophistiqu\u00e9s, l&rsquo;appareil [&hellip;]<\/p>\n","protected":false},"featured_media":55240,"template":"","meta":[],"product_brand":[],"product_cat":[2930],"product_tag":[],"class_list":{"0":"post-93584","1":"product","2":"type-product","3":"status-publish","4":"has-post-thumbnail","6":"product_cat-instruments-de-mesure-et-assurance-qualite","7":"pa_hersteller-techkon","8":"pa_typ-spectroplate","10":"first","11":"instock","12":"sold-individually","13":"taxable","14":"shipping-taxable","15":"purchasable","16":"product-type-simple"},"jetpack_sharing_enabled":true,"_links":{"self":[{"href":"https:\/\/www.3p-gmbh.de\/fr\/wp-json\/wp\/v2\/product\/93584","targetHints":{"allow":["GET"]}}],"collection":[{"href":"https:\/\/www.3p-gmbh.de\/fr\/wp-json\/wp\/v2\/product"}],"about":[{"href":"https:\/\/www.3p-gmbh.de\/fr\/wp-json\/wp\/v2\/types\/product"}],"wp:featuredmedia":[{"embeddable":true,"href":"https:\/\/www.3p-gmbh.de\/fr\/wp-json\/wp\/v2\/media\/55240"}],"wp:attachment":[{"href":"https:\/\/www.3p-gmbh.de\/fr\/wp-json\/wp\/v2\/media?parent=93584"}],"wp:term":[{"taxonomy":"product_brand","embeddable":true,"href":"https:\/\/www.3p-gmbh.de\/fr\/wp-json\/wp\/v2\/product_brand?post=93584"},{"taxonomy":"product_cat","embeddable":true,"href":"https:\/\/www.3p-gmbh.de\/fr\/wp-json\/wp\/v2\/product_cat?post=93584"},{"taxonomy":"product_tag","embeddable":true,"href":"https:\/\/www.3p-gmbh.de\/fr\/wp-json\/wp\/v2\/product_tag?post=93584"}],"curies":[{"name":"wp","href":"https:\/\/api.w.org\/{rel}","templated":true}]}}