{"id":93569,"date":"2019-07-11T13:54:47","date_gmt":"2019-07-11T13:54:47","guid":{"rendered":"https:\/\/www.3p-gmbh.de\/produkt\/hachette-technografica-table-dessuyage-en-ligne-pour-plaques-dimpression\/"},"modified":"2019-07-11T13:54:47","modified_gmt":"2019-07-11T13:54:47","slug":"ligne-de-plaques-dimpression-table-intermediaire","status":"publish","type":"product","link":"https:\/\/www.3p-gmbh.de\/fr\/produkt\/ligne-de-plaques-dimpression-table-intermediaire\/","title":{"rendered":"Hachette \/ Technografica Table d&rsquo;essuyage en ligne pour plaques d&rsquo;impression"},"content":{"rendered":"<ul>\n<li>table de convoyeur d&rsquo;angle motoris\u00e9e Beil TSR 1500-L 1800<\/li>\n<li>Largeur d&rsquo;entr\u00e9e 1500 mm<\/li>\n<li>sortie \u00e0 droite ou \u00e0 gauche environ 1800 mm<\/li>\n<li>table interm\u00e9diaire entra\u00een\u00e9e largeur d&rsquo;entr\u00e9e 1500mm<\/li>\n<li>Hache TSR 1200-L 1500<\/li>\n<\/ul>\n","protected":false},"excerpt":{"rendered":"<p>table de convoyeur d&rsquo;angle motoris\u00e9e Beil TSR 1500-L 1800 Largeur d&rsquo;entr\u00e9e 1500 mm sortie \u00e0 droite ou \u00e0 gauche environ 1800 mm table interm\u00e9diaire entra\u00een\u00e9e largeur d&rsquo;entr\u00e9e 1500mm Hache TSR 1200-L 1500<\/p>\n","protected":false},"featured_media":55247,"template":"","meta":[],"product_brand":[],"product_cat":[2995],"product_tag":[],"class_list":{"0":"post-93569","1":"product","2":"type-product","3":"status-publish","4":"has-post-thumbnail","6":"product_cat-traitement-des-plaques-dimpression-fr","7":"pa_baujahr-205","8":"pa_hersteller-beil-nela-technografica","9":"pa_typ-tsr-1500-l-1800","11":"first","12":"instock","13":"sold-individually","14":"taxable","15":"shipping-taxable","16":"purchasable","17":"product-type-simple"},"jetpack_sharing_enabled":true,"_links":{"self":[{"href":"https:\/\/www.3p-gmbh.de\/fr\/wp-json\/wp\/v2\/product\/93569","targetHints":{"allow":["GET"]}}],"collection":[{"href":"https:\/\/www.3p-gmbh.de\/fr\/wp-json\/wp\/v2\/product"}],"about":[{"href":"https:\/\/www.3p-gmbh.de\/fr\/wp-json\/wp\/v2\/types\/product"}],"wp:featuredmedia":[{"embeddable":true,"href":"https:\/\/www.3p-gmbh.de\/fr\/wp-json\/wp\/v2\/media\/55247"}],"wp:attachment":[{"href":"https:\/\/www.3p-gmbh.de\/fr\/wp-json\/wp\/v2\/media?parent=93569"}],"wp:term":[{"taxonomy":"product_brand","embeddable":true,"href":"https:\/\/www.3p-gmbh.de\/fr\/wp-json\/wp\/v2\/product_brand?post=93569"},{"taxonomy":"product_cat","embeddable":true,"href":"https:\/\/www.3p-gmbh.de\/fr\/wp-json\/wp\/v2\/product_cat?post=93569"},{"taxonomy":"product_tag","embeddable":true,"href":"https:\/\/www.3p-gmbh.de\/fr\/wp-json\/wp\/v2\/product_tag?post=93569"}],"curies":[{"name":"wp","href":"https:\/\/api.w.org\/{rel}","templated":true}]}}