{"id":93544,"date":"2019-07-11T13:54:54","date_gmt":"2019-07-11T13:54:54","guid":{"rendered":"https:\/\/www.3p-gmbh.de\/produkt\/krug-priester-ideal-5221-90-machine-a-decouper\/"},"modified":"2019-07-11T13:54:54","modified_gmt":"2019-07-11T13:54:54","slug":"coupeuse-electrique-de-piles","status":"publish","type":"product","link":"https:\/\/www.3p-gmbh.de\/fr\/produkt\/coupeuse-electrique-de-piles\/","title":{"rendered":"Krug &amp; Priester Ideal 5221-90 Machine \u00e0 d\u00e9couper"},"content":{"rendered":"<ul>\n<li>avec deux tables lat\u00e9rales<\/li>\n<li>affichage num\u00e9rique des mesures, indication des mesures en cm<\/li>\n<li>avec d\u00e9clenchement \u00e0 deux mains<\/li>\n<li>Indications de coupe<\/li>\n<li>Coupeuse de piles avec largeur de coupe de 520 mm, \u00e9paisseur : 80 mm<\/li>\n<li>max. Distance entre la selle et la lame : 520mm<\/li>\n<li>pressage \u00e9lectrique et pressage\/d\u00e9coupage<\/li>\n<li>interrupteur principal verrouillable et cl\u00e9<\/li>\n<li>but\u00e9e arri\u00e8re avec manivelle pour un r\u00e9glage fin<\/li>\n<\/ul>\n","protected":false},"excerpt":{"rendered":"<p>avec deux tables lat\u00e9rales affichage num\u00e9rique des mesures, indication des mesures en cm avec d\u00e9clenchement \u00e0 deux mains Indications de coupe Coupeuse de piles avec largeur de coupe de 520 mm, \u00e9paisseur : 80 mm max. Distance entre la selle et la lame : 520mm pressage \u00e9lectrique et pressage\/d\u00e9coupage interrupteur principal verrouillable et cl\u00e9 but\u00e9e [&hellip;]<\/p>\n","protected":false},"featured_media":55272,"template":"","meta":[],"product_brand":[],"product_cat":[3016],"product_tag":[],"class_list":{"0":"post-93544","1":"product","2":"type-product","3":"status-publish","4":"has-post-thumbnail","6":"product_cat-machines-de-decoupe","7":"pa_baujahr-196","8":"pa_hersteller-krug-priester","9":"pa_typ-ideal-5221-90","11":"first","12":"instock","13":"sold-individually","14":"taxable","15":"shipping-taxable","16":"purchasable","17":"product-type-simple"},"jetpack_sharing_enabled":true,"_links":{"self":[{"href":"https:\/\/www.3p-gmbh.de\/fr\/wp-json\/wp\/v2\/product\/93544","targetHints":{"allow":["GET"]}}],"collection":[{"href":"https:\/\/www.3p-gmbh.de\/fr\/wp-json\/wp\/v2\/product"}],"about":[{"href":"https:\/\/www.3p-gmbh.de\/fr\/wp-json\/wp\/v2\/types\/product"}],"wp:featuredmedia":[{"embeddable":true,"href":"https:\/\/www.3p-gmbh.de\/fr\/wp-json\/wp\/v2\/media\/55272"}],"wp:attachment":[{"href":"https:\/\/www.3p-gmbh.de\/fr\/wp-json\/wp\/v2\/media?parent=93544"}],"wp:term":[{"taxonomy":"product_brand","embeddable":true,"href":"https:\/\/www.3p-gmbh.de\/fr\/wp-json\/wp\/v2\/product_brand?post=93544"},{"taxonomy":"product_cat","embeddable":true,"href":"https:\/\/www.3p-gmbh.de\/fr\/wp-json\/wp\/v2\/product_cat?post=93544"},{"taxonomy":"product_tag","embeddable":true,"href":"https:\/\/www.3p-gmbh.de\/fr\/wp-json\/wp\/v2\/product_tag?post=93544"}],"curies":[{"name":"wp","href":"https:\/\/api.w.org\/{rel}","templated":true}]}}