{"id":93539,"date":"2019-07-11T13:54:54","date_gmt":"2019-07-11T13:54:54","guid":{"rendered":"https:\/\/www.3p-gmbh.de\/produkt\/polar-mohr-tr-130-el-4-transomat-depileur\/"},"modified":"2019-07-11T13:54:54","modified_gmt":"2019-07-11T13:54:54","slug":"depileur","status":"publish","type":"product","link":"https:\/\/www.3p-gmbh.de\/fr\/produkt\/depileur\/","title":{"rendered":"Polar Mohr TR 130 EL-4 Transomat &#8211; D\u00e9pileur"},"content":{"rendered":"<p>Comme alternative (\u00e0 gauche) \u00e0 l&rsquo;\u00e9l\u00e9vateur de pile, il est possible d&rsquo;utiliser des transomats pour le d\u00e9chargement d&rsquo;une d\u00e9coupeuse rapide. Le Transomat d\u00e9pose automatiquement les rames divis\u00e9es et non divis\u00e9es sur des palettes, tandis que la d\u00e9coupe se poursuit simultan\u00e9ment. Cela permet de r\u00e9duire les co\u00fbts de production de 25 \u00e0 70%, selon le programme de d\u00e9coupe. Gr\u00e2ce \u00e0 la pointe de la palette, le Transomat obtient une pr\u00e9cision des bords particuli\u00e8rement \u00e9lev\u00e9e.<\/p>\n<p>Avantages :<\/p>\n<ul>\n<li>Augmentation de la productivit\u00e9 : empilage en m\u00eame temps que la d\u00e9coupe<\/li>\n<li>Am\u00e9lioration de la qualit\u00e9 : les piles dont les bords sont particuli\u00e8rement pr\u00e9cis peuvent \u00eatre trait\u00e9es directement et plus rapidement.<\/li>\n<\/ul>\n","protected":false},"excerpt":{"rendered":"<p>Comme alternative (\u00e0 gauche) \u00e0 l&rsquo;\u00e9l\u00e9vateur de pile, il est possible d&rsquo;utiliser des transomats pour le d\u00e9chargement d&rsquo;une d\u00e9coupeuse rapide. Le Transomat d\u00e9pose automatiquement les rames divis\u00e9es et non divis\u00e9es sur des palettes, tandis que la d\u00e9coupe se poursuit simultan\u00e9ment. Cela permet de r\u00e9duire les co\u00fbts de production de 25 \u00e0 70%, selon le programme [&hellip;]<\/p>\n","protected":false},"featured_media":55276,"template":"","meta":[],"product_brand":[],"product_cat":[3016],"product_tag":[],"class_list":{"0":"post-93539","1":"product","2":"type-product","3":"status-publish","4":"has-post-thumbnail","6":"product_cat-machines-de-decoupe","7":"pa_baujahr-182","8":"pa_hersteller-polar-mohr","9":"pa_typ-transomat-tr-130-4-el","11":"first","12":"instock","13":"sold-individually","14":"taxable","15":"shipping-taxable","16":"purchasable","17":"product-type-simple"},"jetpack_sharing_enabled":true,"_links":{"self":[{"href":"https:\/\/www.3p-gmbh.de\/fr\/wp-json\/wp\/v2\/product\/93539","targetHints":{"allow":["GET"]}}],"collection":[{"href":"https:\/\/www.3p-gmbh.de\/fr\/wp-json\/wp\/v2\/product"}],"about":[{"href":"https:\/\/www.3p-gmbh.de\/fr\/wp-json\/wp\/v2\/types\/product"}],"wp:featuredmedia":[{"embeddable":true,"href":"https:\/\/www.3p-gmbh.de\/fr\/wp-json\/wp\/v2\/media\/55276"}],"wp:attachment":[{"href":"https:\/\/www.3p-gmbh.de\/fr\/wp-json\/wp\/v2\/media?parent=93539"}],"wp:term":[{"taxonomy":"product_brand","embeddable":true,"href":"https:\/\/www.3p-gmbh.de\/fr\/wp-json\/wp\/v2\/product_brand?post=93539"},{"taxonomy":"product_cat","embeddable":true,"href":"https:\/\/www.3p-gmbh.de\/fr\/wp-json\/wp\/v2\/product_cat?post=93539"},{"taxonomy":"product_tag","embeddable":true,"href":"https:\/\/www.3p-gmbh.de\/fr\/wp-json\/wp\/v2\/product_tag?post=93539"}],"curies":[{"name":"wp","href":"https:\/\/api.w.org\/{rel}","templated":true}]}}