{"id":93531,"date":"2019-07-11T13:54:54","date_gmt":"2019-07-11T13:54:54","guid":{"rendered":"https:\/\/www.3p-gmbh.de\/produkt\/krug-priester-eba-551-coupeuse-de-piles-hydraulique\/"},"modified":"2019-07-11T13:54:54","modified_gmt":"2019-07-11T13:54:54","slug":"coupeuse-de-piles-hydraulique","status":"publish","type":"product","link":"https:\/\/www.3p-gmbh.de\/fr\/produkt\/coupeuse-de-piles-hydraulique\/","title":{"rendered":"Krug &amp; Priester EBA 551 Coupeuse de piles hydraulique"},"content":{"rendered":"<ul>\n<li>avec tables lat\u00e9rales et barri\u00e8res lumineuses<\/li>\n<li>entra\u00eenement \u00e9lectrom\u00e9canique des lames<\/li>\n<li>entra\u00eenement hydraulique pour les barres de pressage<\/li>\n<li>pression de compression r\u00e9glable en continu (min. 200 daN, max. 1100 daN) avec affichage par manom\u00e8tre<\/li>\n<li>P\u00e9dale pour la pr\u00e9-pression ou en tant qu&rsquo;indicateur de coupe<\/li>\n<li>Couverture de la barre de compression<\/li>\n<li>but\u00e9e arri\u00e8re \u00e0 commande \u00e9lectrique avec commande de programme professionnelle<\/li>\n<li>volant \u00e9lectronique avec vitesse r\u00e9glable en continu pour un r\u00e9glage manuel fin de la but\u00e9e arri\u00e8re<\/li>\n<li>lecteur optique de coupe avec diodes \u00e9lectroluminescentes (LED) puissantes<\/li>\n<li>Barre de pressage guid\u00e9e des deux c\u00f4t\u00e9s pour une pression de pressage uniforme<\/li>\n<li>Broche de but\u00e9e arri\u00e8re de pr\u00e9cision<\/li>\n<li>r\u00e2teau de but\u00e9e arri\u00e8re r\u00e9glable \u00e0 pas \u00e9troit (32 mm) et patins en plastique<\/li>\n<li>deux but\u00e9es lat\u00e9rales sur la table avant et deux sur la table arri\u00e8re<\/li>\n<li>Support de lame en acier massif et guides de lame r\u00e9ajustables<\/li>\n<li>Dispositif de s\u00e9curit\u00e9 pivotant contr\u00f4l\u00e9 \u00e9lectroniquement sur la table avant<\/li>\n<li>couvercle de s\u00e9curit\u00e9 transparent sur la table arri\u00e8re<\/li>\n<li>interrupteur principal et serrure de s\u00e9curit\u00e9 avec cl\u00e9<\/li>\n<li>D\u00e9clenchement de la coupe \u00e0 deux mains avec verrouillage de la r\u00e9p\u00e9tition et contr\u00f4le de la simultan\u00e9it\u00e9<\/li>\n<li>longueur de coupe : 520 mm<\/li>\n<li>max. Hauteur de coupe : 80 mm<\/li>\n<li>coupe r\u00e9siduelle : 22 mm<\/li>\n<li>Coupe r\u00e9siduelle avec recouvrement de la barre de compression : 90 mm<\/li>\n<li>profondeur d&rsquo;insertion : 520 mm<\/li>\n<\/ul>\n","protected":false},"excerpt":{"rendered":"<p>avec tables lat\u00e9rales et barri\u00e8res lumineuses entra\u00eenement \u00e9lectrom\u00e9canique des lames entra\u00eenement hydraulique pour les barres de pressage pression de compression r\u00e9glable en continu (min. 200 daN, max. 1100 daN) avec affichage par manom\u00e8tre P\u00e9dale pour la pr\u00e9-pression ou en tant qu&rsquo;indicateur de coupe Couverture de la barre de compression but\u00e9e arri\u00e8re \u00e0 commande \u00e9lectrique avec [&hellip;]<\/p>\n","protected":false},"featured_media":55289,"template":"","meta":[],"product_brand":[],"product_cat":[3016],"product_tag":[],"class_list":{"0":"post-93531","1":"product","2":"type-product","3":"status-publish","4":"has-post-thumbnail","6":"product_cat-machines-de-decoupe","7":"pa_baujahr-182","8":"pa_hersteller-krug-priester","9":"pa_typ-eba-551","11":"first","12":"instock","13":"sold-individually","14":"taxable","15":"shipping-taxable","16":"purchasable","17":"product-type-simple"},"jetpack_sharing_enabled":true,"_links":{"self":[{"href":"https:\/\/www.3p-gmbh.de\/fr\/wp-json\/wp\/v2\/product\/93531","targetHints":{"allow":["GET"]}}],"collection":[{"href":"https:\/\/www.3p-gmbh.de\/fr\/wp-json\/wp\/v2\/product"}],"about":[{"href":"https:\/\/www.3p-gmbh.de\/fr\/wp-json\/wp\/v2\/types\/product"}],"wp:featuredmedia":[{"embeddable":true,"href":"https:\/\/www.3p-gmbh.de\/fr\/wp-json\/wp\/v2\/media\/55289"}],"wp:attachment":[{"href":"https:\/\/www.3p-gmbh.de\/fr\/wp-json\/wp\/v2\/media?parent=93531"}],"wp:term":[{"taxonomy":"product_brand","embeddable":true,"href":"https:\/\/www.3p-gmbh.de\/fr\/wp-json\/wp\/v2\/product_brand?post=93531"},{"taxonomy":"product_cat","embeddable":true,"href":"https:\/\/www.3p-gmbh.de\/fr\/wp-json\/wp\/v2\/product_cat?post=93531"},{"taxonomy":"product_tag","embeddable":true,"href":"https:\/\/www.3p-gmbh.de\/fr\/wp-json\/wp\/v2\/product_tag?post=93531"}],"curies":[{"name":"wp","href":"https:\/\/api.w.org\/{rel}","templated":true}]}}