{"id":93517,"date":"2019-07-11T13:54:54","date_gmt":"2019-07-11T13:54:54","guid":{"rendered":"https:\/\/www.3p-gmbh.de\/produkt\/ligne-de-coupe-polar-mohr-137-em-mon\/"},"modified":"2019-07-11T13:54:54","modified_gmt":"2019-07-11T13:54:54","slug":"grande-ligne-de-coupe","status":"publish","type":"product","link":"https:\/\/www.3p-gmbh.de\/fr\/produkt\/grande-ligne-de-coupe\/","title":{"rendered":"Ligne de coupe Polar Mohr 137 EM-MON"},"content":{"rendered":"<ul>\n<li>El\u00e9vateur \u00e0 fourche Polar BFA 1000-G-3 avec ventilation des couches sup\u00e9rieures<\/li>\n<li>Vibreur Polar RAB avec rouleau d&rsquo;\u00e9talement \u00e0 air<\/li>\n<li>Chargeur de table arri\u00e8re Transomat Polar (le mat\u00e9riau \u00e0 d\u00e9couper est amen\u00e9 \u00e0 une hauteur de travail optimale par un \u00e9l\u00e9vateur de chargement, plac\u00e9 par l&rsquo;op\u00e9rateur dans le vibreur, secou\u00e9 et ensuite transport\u00e9 par le syst\u00e8me de pr\u00e9hension Autotrans sur la table arri\u00e8re de la d\u00e9coupeuse rapide)<\/li>\n<li>Trancheur rapide Polar 137 EM-MON, largeur d&rsquo;insertion 137cm<\/li>\n<li>D\u00e9pileur Transomat Polar TR 1EL-145<\/li>\n<\/ul>\n","protected":false},"excerpt":{"rendered":"<p>El\u00e9vateur \u00e0 fourche Polar BFA 1000-G-3 avec ventilation des couches sup\u00e9rieures Vibreur Polar RAB avec rouleau d&rsquo;\u00e9talement \u00e0 air Chargeur de table arri\u00e8re Transomat Polar (le mat\u00e9riau \u00e0 d\u00e9couper est amen\u00e9 \u00e0 une hauteur de travail optimale par un \u00e9l\u00e9vateur de chargement, plac\u00e9 par l&rsquo;op\u00e9rateur dans le vibreur, secou\u00e9 et ensuite transport\u00e9 par le syst\u00e8me [&hellip;]<\/p>\n","protected":false},"featured_media":55292,"template":"","meta":[],"product_brand":[],"product_cat":[3016],"product_tag":[],"class_list":{"0":"post-93517","1":"product","2":"type-product","3":"status-publish","4":"has-post-thumbnail","6":"product_cat-machines-de-decoupe","7":"pa_baujahr-155","8":"pa_hersteller-polar-mohr","9":"pa_typ-polar-137-em-mon","11":"first","12":"instock","13":"sold-individually","14":"taxable","15":"shipping-taxable","16":"purchasable","17":"product-type-simple"},"jetpack_sharing_enabled":true,"_links":{"self":[{"href":"https:\/\/www.3p-gmbh.de\/fr\/wp-json\/wp\/v2\/product\/93517","targetHints":{"allow":["GET"]}}],"collection":[{"href":"https:\/\/www.3p-gmbh.de\/fr\/wp-json\/wp\/v2\/product"}],"about":[{"href":"https:\/\/www.3p-gmbh.de\/fr\/wp-json\/wp\/v2\/types\/product"}],"wp:featuredmedia":[{"embeddable":true,"href":"https:\/\/www.3p-gmbh.de\/fr\/wp-json\/wp\/v2\/media\/55292"}],"wp:attachment":[{"href":"https:\/\/www.3p-gmbh.de\/fr\/wp-json\/wp\/v2\/media?parent=93517"}],"wp:term":[{"taxonomy":"product_brand","embeddable":true,"href":"https:\/\/www.3p-gmbh.de\/fr\/wp-json\/wp\/v2\/product_brand?post=93517"},{"taxonomy":"product_cat","embeddable":true,"href":"https:\/\/www.3p-gmbh.de\/fr\/wp-json\/wp\/v2\/product_cat?post=93517"},{"taxonomy":"product_tag","embeddable":true,"href":"https:\/\/www.3p-gmbh.de\/fr\/wp-json\/wp\/v2\/product_tag?post=93517"}],"curies":[{"name":"wp","href":"https:\/\/api.w.org\/{rel}","templated":true}]}}