{"id":93511,"date":"2019-07-11T13:54:54","date_gmt":"2019-07-11T13:54:54","guid":{"rendered":"https:\/\/www.3p-gmbh.de\/produkt\/segments-de-table-a-air-polar-mohr\/"},"modified":"2019-07-11T13:54:54","modified_gmt":"2019-07-11T13:54:54","slug":"segments-de-table-a-air","status":"publish","type":"product","link":"https:\/\/www.3p-gmbh.de\/fr\/produkt\/segments-de-table-a-air\/","title":{"rendered":"Segments de table \u00e0 air Polar Mohr"},"content":{"rendered":"<p>Diff\u00e9rentes variantes disponibles :<\/p>\n<p>1 segment de table \u00e0 air Polar Mohr 100&#215;100 cm (sans compresseur)<br \/>\nsurface en acier inoxydable nickel\u00e9<\/p>\n<p>1 segment de table \u00e0 air Polar Mohr 25&#215;100 cm (sans compresseur)<br \/>\nsurface en acier inoxydable nickel\u00e9<\/p>\n<p>1 segment de table \u00e0 air Polar Mohr 75&#215;100 cm (sans compresseur)<br \/>\nSurface Resophal<\/p>\n<p>1 segment de table \u00e0 air Polar Mohr 75x75cm (sans compresseur)<br \/>\nSurface Resophal<\/p>\n","protected":false},"excerpt":{"rendered":"<p>Diff\u00e9rentes variantes disponibles : 1 segment de table \u00e0 air Polar Mohr 100&#215;100 cm (sans compresseur) surface en acier inoxydable nickel\u00e9 1 segment de table \u00e0 air Polar Mohr 25&#215;100 cm (sans compresseur) surface en acier inoxydable nickel\u00e9 1 segment de table \u00e0 air Polar Mohr 75&#215;100 cm (sans compresseur) Surface Resophal 1 segment de [&hellip;]<\/p>\n","protected":false},"featured_media":55307,"template":"","meta":[],"product_brand":[],"product_cat":[3016],"product_tag":[],"class_list":{"0":"post-93511","1":"product","2":"type-product","3":"status-publish","4":"has-post-thumbnail","6":"product_cat-machines-de-decoupe","7":"pa_baujahr-205","8":"pa_hersteller-polar-mohr-hofheim","9":"pa_typ-luftbetttisch","11":"first","12":"instock","13":"sold-individually","14":"taxable","15":"shipping-taxable","16":"purchasable","17":"product-type-simple"},"jetpack_sharing_enabled":true,"_links":{"self":[{"href":"https:\/\/www.3p-gmbh.de\/fr\/wp-json\/wp\/v2\/product\/93511","targetHints":{"allow":["GET"]}}],"collection":[{"href":"https:\/\/www.3p-gmbh.de\/fr\/wp-json\/wp\/v2\/product"}],"about":[{"href":"https:\/\/www.3p-gmbh.de\/fr\/wp-json\/wp\/v2\/types\/product"}],"wp:featuredmedia":[{"embeddable":true,"href":"https:\/\/www.3p-gmbh.de\/fr\/wp-json\/wp\/v2\/media\/55307"}],"wp:attachment":[{"href":"https:\/\/www.3p-gmbh.de\/fr\/wp-json\/wp\/v2\/media?parent=93511"}],"wp:term":[{"taxonomy":"product_brand","embeddable":true,"href":"https:\/\/www.3p-gmbh.de\/fr\/wp-json\/wp\/v2\/product_brand?post=93511"},{"taxonomy":"product_cat","embeddable":true,"href":"https:\/\/www.3p-gmbh.de\/fr\/wp-json\/wp\/v2\/product_cat?post=93511"},{"taxonomy":"product_tag","embeddable":true,"href":"https:\/\/www.3p-gmbh.de\/fr\/wp-json\/wp\/v2\/product_tag?post=93511"}],"curies":[{"name":"wp","href":"https:\/\/api.w.org\/{rel}","templated":true}]}}