{"id":93503,"date":"2019-07-11T13:54:54","date_gmt":"2019-07-11T13:54:54","guid":{"rendered":"https:\/\/www.3p-gmbh.de\/produkt\/ligne-de-neige-demi-format-polar-mohr-92-ed\/"},"modified":"2019-07-11T13:54:54","modified_gmt":"2019-07-11T13:54:54","slug":"ligne-de-coupe-demi-format","status":"publish","type":"product","link":"https:\/\/www.3p-gmbh.de\/fr\/produkt\/ligne-de-coupe-demi-format\/","title":{"rendered":"Ligne de neige demi-format Polar Mohr 92 ED"},"content":{"rendered":"<p>Cutter rapide Polar 92 ED<\/p>\n<ul>\n<li>Ann\u00e9e de construction 2001<\/li>\n<li>Largeur de coupe : 92 cm<\/li>\n<li>ED Contr\u00f4le du programme<\/li>\n<li>Barri\u00e8re photo\u00e9lectrique, table \u00e0 air chrom\u00e9e<\/li>\n<li>2 tables lat\u00e9rales \u00e0 air Resophal 75x100cm avec coins de transfert<\/li>\n<li>Couverture de la table arri\u00e8re<\/li>\n<\/ul>\n<p>Machine automatique \u00e0 secouer Polar RA-2 avec rouleau d&rsquo;\u00e9jection \u00e0 air et but\u00e9es pneumatiques \u00e0 clapet<\/p>\n<ul>\n<li>Ann\u00e9e de construction 2000<\/li>\n<li>Surface de table plaqu\u00e9e en acier inoxydable 72 x 87 cm<\/li>\n<li>Hauteur de couche min. 30 mm<\/li>\n<li>Hauteur de couche max. 165 mm<\/li>\n<li>hauteur de table 860 &#8211; 950 mm<\/li>\n<li>Consommation d&rsquo;air comprim\u00e9 \u00e0 6 &#8211; 8 bar env. 2L\/min<\/li>\n<\/ul>\n<p>En option : \u00e9l\u00e9vateur de pile Polar Mohr LW 450<\/p>\n<ul>\n<li>Baignoire (dimensions int\u00e9rieures) 62 x 90 cm<\/li>\n<li>course jusqu&rsquo;\u00e0 85 cm<\/li>\n<li>hauteur (\u00e0 la course max.) 150 cm<\/li>\n<li>Capacit\u00e9 de charge max. 450 kg<\/li>\n<\/ul>\n","protected":false},"excerpt":{"rendered":"<p>Cutter rapide Polar 92 ED Ann\u00e9e de construction 2001 Largeur de coupe : 92 cm ED Contr\u00f4le du programme Barri\u00e8re photo\u00e9lectrique, table \u00e0 air chrom\u00e9e 2 tables lat\u00e9rales \u00e0 air Resophal 75x100cm avec coins de transfert Couverture de la table arri\u00e8re Machine automatique \u00e0 secouer Polar RA-2 avec rouleau d&rsquo;\u00e9jection \u00e0 air et but\u00e9es pneumatiques [&hellip;]<\/p>\n","protected":false},"featured_media":55314,"template":"","meta":[],"product_brand":[],"product_cat":[3016],"product_tag":[],"class_list":{"0":"post-93503","1":"product","2":"type-product","3":"status-publish","4":"has-post-thumbnail","6":"product_cat-machines-de-decoupe","7":"pa_baujahr-153","8":"pa_hersteller-polar-mohr","9":"pa_typ-polar-92-ed-mit-ruettler-ra-2-und-lift","11":"first","12":"instock","13":"sold-individually","14":"taxable","15":"shipping-taxable","16":"purchasable","17":"product-type-simple"},"jetpack_sharing_enabled":true,"_links":{"self":[{"href":"https:\/\/www.3p-gmbh.de\/fr\/wp-json\/wp\/v2\/product\/93503","targetHints":{"allow":["GET"]}}],"collection":[{"href":"https:\/\/www.3p-gmbh.de\/fr\/wp-json\/wp\/v2\/product"}],"about":[{"href":"https:\/\/www.3p-gmbh.de\/fr\/wp-json\/wp\/v2\/types\/product"}],"wp:featuredmedia":[{"embeddable":true,"href":"https:\/\/www.3p-gmbh.de\/fr\/wp-json\/wp\/v2\/media\/55314"}],"wp:attachment":[{"href":"https:\/\/www.3p-gmbh.de\/fr\/wp-json\/wp\/v2\/media?parent=93503"}],"wp:term":[{"taxonomy":"product_brand","embeddable":true,"href":"https:\/\/www.3p-gmbh.de\/fr\/wp-json\/wp\/v2\/product_brand?post=93503"},{"taxonomy":"product_cat","embeddable":true,"href":"https:\/\/www.3p-gmbh.de\/fr\/wp-json\/wp\/v2\/product_cat?post=93503"},{"taxonomy":"product_tag","embeddable":true,"href":"https:\/\/www.3p-gmbh.de\/fr\/wp-json\/wp\/v2\/product_tag?post=93503"}],"curies":[{"name":"wp","href":"https:\/\/api.w.org\/{rel}","templated":true}]}}