{"id":93501,"date":"2019-07-11T13:54:54","date_gmt":"2019-07-11T13:54:54","guid":{"rendered":"https:\/\/www.3p-gmbh.de\/produkt\/coupeuse-polar-mohr-66\/"},"modified":"2019-07-11T13:54:54","modified_gmt":"2019-07-11T13:54:54","slug":"machine-a-decouper-4","status":"publish","type":"product","link":"https:\/\/www.3p-gmbh.de\/fr\/produkt\/machine-a-decouper-4\/","title":{"rendered":"Coupeuse Polar Mohr 66"},"content":{"rendered":"<ul>\n<li>Longueur de coupe 67 cm<\/li>\n<li>hauteur de l&rsquo;insert 8 cm<\/li>\n<li>profondeur d&rsquo;insertion 67 cm<\/li>\n<li>M\u00e9moire de programmes 99 programmes<\/li>\n<\/ul>\n<p>Toutes les couches de coupe jusqu&rsquo;\u00e0 la hauteur d&rsquo;utilisation totale de huit centim\u00e8tres peuvent \u00eatre facilement tourn\u00e9es sur la table avant et plac\u00e9es sur la surface de table ferm\u00e9e et r\u00e9sistante \u00e0 la corrosion pour la coupe correspondante. Gr\u00e2ce \u00e0 sa simplicit\u00e9 d&rsquo;utilisation, le Polar 66 peut \u00eatre utilis\u00e9 en tr\u00e8s peu de temps. L&rsquo;indicateur optique de coupe montre exactement o\u00f9 la coupe sera effectu\u00e9e. Vous pouvez cr\u00e9er par image d&rsquo;impression ou par rep\u00e8res de d\u00e9coupe. La finition se fait \u00e0 l&rsquo;aide d&rsquo;un volant \u00e9lectronique. La coupe n&rsquo;est possible qu&rsquo;avec un d\u00e9clenchement de la coupe \u00e0 deux mains. Des barri\u00e8res lumineuses infrarouges et un habillage int\u00e9gral prot\u00e8gent en outre l&rsquo;op\u00e9rateur. La d\u00e9coupe programm\u00e9e \u00e9limine tous les r\u00e9glages manuels de la masse.<\/p>\n","protected":false},"excerpt":{"rendered":"<p>Longueur de coupe 67 cm hauteur de l&rsquo;insert 8 cm profondeur d&rsquo;insertion 67 cm M\u00e9moire de programmes 99 programmes Toutes les couches de coupe jusqu&rsquo;\u00e0 la hauteur d&rsquo;utilisation totale de huit centim\u00e8tres peuvent \u00eatre facilement tourn\u00e9es sur la table avant et plac\u00e9es sur la surface de table ferm\u00e9e et r\u00e9sistante \u00e0 la corrosion pour la [&hellip;]<\/p>\n","protected":false},"featured_media":55318,"template":"","meta":[],"product_brand":[],"product_cat":[3016],"product_tag":[],"class_list":{"0":"post-93501","1":"product","2":"type-product","3":"status-publish","4":"has-post-thumbnail","6":"product_cat-machines-de-decoupe","7":"pa_baujahr-145","8":"pa_hersteller-polar-mohr-hofheim","9":"pa_typ-polar-66","11":"first","12":"instock","13":"sold-individually","14":"taxable","15":"shipping-taxable","16":"purchasable","17":"product-type-simple"},"jetpack_sharing_enabled":true,"_links":{"self":[{"href":"https:\/\/www.3p-gmbh.de\/fr\/wp-json\/wp\/v2\/product\/93501","targetHints":{"allow":["GET"]}}],"collection":[{"href":"https:\/\/www.3p-gmbh.de\/fr\/wp-json\/wp\/v2\/product"}],"about":[{"href":"https:\/\/www.3p-gmbh.de\/fr\/wp-json\/wp\/v2\/types\/product"}],"wp:featuredmedia":[{"embeddable":true,"href":"https:\/\/www.3p-gmbh.de\/fr\/wp-json\/wp\/v2\/media\/55318"}],"wp:attachment":[{"href":"https:\/\/www.3p-gmbh.de\/fr\/wp-json\/wp\/v2\/media?parent=93501"}],"wp:term":[{"taxonomy":"product_brand","embeddable":true,"href":"https:\/\/www.3p-gmbh.de\/fr\/wp-json\/wp\/v2\/product_brand?post=93501"},{"taxonomy":"product_cat","embeddable":true,"href":"https:\/\/www.3p-gmbh.de\/fr\/wp-json\/wp\/v2\/product_cat?post=93501"},{"taxonomy":"product_tag","embeddable":true,"href":"https:\/\/www.3p-gmbh.de\/fr\/wp-json\/wp\/v2\/product_tag?post=93501"}],"curies":[{"name":"wp","href":"https:\/\/api.w.org\/{rel}","templated":true}]}}