{"id":93500,"date":"2019-07-11T13:54:54","date_gmt":"2019-07-11T13:54:54","guid":{"rendered":"https:\/\/www.3p-gmbh.de\/produkt\/baumann-ba-3-n-empileur\/"},"modified":"2019-07-11T13:54:54","modified_gmt":"2019-07-11T13:54:54","slug":"depileur-2","status":"publish","type":"product","link":"https:\/\/www.3p-gmbh.de\/fr\/produkt\/depileur-2\/","title":{"rendered":"Baumann BA-3 N Empileur"},"content":{"rendered":"<p>Le d\u00e9pileur peut \u00eatre install\u00e9 sur le c\u00f4t\u00e9 gauche de la machine, \u00e0 c\u00f4t\u00e9 de chaque marque de machine de d\u00e9coupe (par exemple Polar Mohr, Perfecta, Schneider Senator, Wohlenberg). La mani\u00e8re \u00e9conomique et sans effort d&#8217;empiler des poses simples ou multiples avec une grande pr\u00e9cision. La d\u00e9pose manuelle de produits non coup\u00e9s ou coup\u00e9s demande du temps et des efforts. Ce processus est automatis\u00e9, le mat\u00e9riel est repris au niveau de la table. La pile se trouve en dessous de la table. L&#8217;empilage se fait uniquement vers le bas &#8211; la hauteur d&#8217;empilage est de max. 1400 mm. La technique &#8211; en particulier le principe du r\u00e9glage automatique du format &#8211; les mat\u00e9riaux et la finition sont de grande qualit\u00e9. Tous les r\u00e9glages sont effectu\u00e9s via le pupitre de commande, qui est un affichage en texte clair.<\/p>\n<ul>\n<li>Image de la couche max. 800 x 1200 mm<\/li>\n<li>hauteur d&#8217;empilage 1100 mm<\/li>\n<li>Poids des couches 150 kg<\/li>\n<li>Hauteur de palette min. 130 mm<\/li>\n<\/ul>\n","protected":false},"excerpt":{"rendered":"<p>Le d\u00e9pileur peut \u00eatre install\u00e9 sur le c\u00f4t\u00e9 gauche de la machine, \u00e0 c\u00f4t\u00e9 de chaque marque de machine de d\u00e9coupe (par exemple Polar Mohr, Perfecta, Schneider Senator, Wohlenberg). La mani\u00e8re \u00e9conomique et sans effort d&#8217;empiler des poses simples ou multiples avec une grande pr\u00e9cision. La d\u00e9pose manuelle de produits non coup\u00e9s ou coup\u00e9s demande [&hellip;]<\/p>\n","protected":false},"featured_media":55320,"template":"","meta":[],"product_brand":[],"product_cat":[2977],"product_tag":[],"class_list":{"0":"post-93500","1":"product","2":"type-product","3":"status-publish","4":"has-post-thumbnail","6":"product_cat-elevateurs-de-piles-et-gerbeurs","7":"pa_baujahr-140","8":"pa_hersteller-baumann-maschinenbau","9":"pa_typ-ba-3-n","11":"first","12":"instock","13":"sold-individually","14":"taxable","15":"shipping-taxable","16":"purchasable","17":"product-type-simple"},"jetpack_sharing_enabled":true,"_links":{"self":[{"href":"https:\/\/www.3p-gmbh.de\/fr\/wp-json\/wp\/v2\/product\/93500","targetHints":{"allow":["GET"]}}],"collection":[{"href":"https:\/\/www.3p-gmbh.de\/fr\/wp-json\/wp\/v2\/product"}],"about":[{"href":"https:\/\/www.3p-gmbh.de\/fr\/wp-json\/wp\/v2\/types\/product"}],"wp:featuredmedia":[{"embeddable":true,"href":"https:\/\/www.3p-gmbh.de\/fr\/wp-json\/wp\/v2\/media\/55320"}],"wp:attachment":[{"href":"https:\/\/www.3p-gmbh.de\/fr\/wp-json\/wp\/v2\/media?parent=93500"}],"wp:term":[{"taxonomy":"product_brand","embeddable":true,"href":"https:\/\/www.3p-gmbh.de\/fr\/wp-json\/wp\/v2\/product_brand?post=93500"},{"taxonomy":"product_cat","embeddable":true,"href":"https:\/\/www.3p-gmbh.de\/fr\/wp-json\/wp\/v2\/product_cat?post=93500"},{"taxonomy":"product_tag","embeddable":true,"href":"https:\/\/www.3p-gmbh.de\/fr\/wp-json\/wp\/v2\/product_tag?post=93500"}],"curies":[{"name":"wp","href":"https:\/\/api.w.org\/{rel}","templated":true}]}}