{"id":93486,"date":"2019-07-11T13:54:22","date_gmt":"2019-07-11T13:54:22","guid":{"rendered":"https:\/\/www.3p-gmbh.de\/produkt\/scanner-a-plat-haut-de-gamme-fuji-lanovia-c-550\/"},"modified":"2019-07-11T13:54:22","modified_gmt":"2019-07-11T13:54:22","slug":"scanner-a-plat-haut-de-gamme","status":"publish","type":"product","link":"https:\/\/www.3p-gmbh.de\/fr\/produkt\/scanner-a-plat-haut-de-gamme\/","title":{"rendered":"Scanner \u00e0 plat haut de gamme Fuji Lanovia C-550"},"content":{"rendered":"<p>L&rsquo;appareil pr\u00e9sente les caract\u00e9ristiques suivantes :<\/p>\n<ul>\n<li>Outil de reprographie Copy-Dot pour le traitement des films de s\u00e9paration des couleurs existants<\/li>\n<li>Scanner \u00e0 plat avec t\u00eate de lecture mobile sur toute la zone de num\u00e9risation (vitre de num\u00e9risation fixe)<\/li>\n<li>CCD couleur trilin\u00e9aire 3 x 8000 pixels<\/li>\n<li>16 bits \/ couleur<\/li>\n<li>max. Densit\u00e9 3.9 max<\/li>\n<li>r\u00e9solution optique de 5000 dpi<\/li>\n<li>Zone de num\u00e9risation 350 x 470 mm<\/li>\n<li>Mod\u00e8les Transparence (pos., neg.), Vue de dessus, Diapositives, Objets 3D<\/li>\n<li>Plage de grossissement 20-3000<\/li>\n<li>formats de fichiers pris en charge : EPS, Tiff, RGB, BitmapPict, etc.<\/li>\n<\/ul>\n","protected":false},"excerpt":{"rendered":"<p>L&rsquo;appareil pr\u00e9sente les caract\u00e9ristiques suivantes : Outil de reprographie Copy-Dot pour le traitement des films de s\u00e9paration des couleurs existants Scanner \u00e0 plat avec t\u00eate de lecture mobile sur toute la zone de num\u00e9risation (vitre de num\u00e9risation fixe) CCD couleur trilin\u00e9aire 3 x 8000 pixels 16 bits \/ couleur max. Densit\u00e9 3.9 max r\u00e9solution optique [&hellip;]<\/p>\n","protected":false},"featured_media":54166,"template":"","meta":[],"product_brand":[],"product_cat":[3097],"product_tag":[],"class_list":{"0":"post-93486","1":"product","2":"type-product","3":"status-publish","4":"has-post-thumbnail","6":"product_cat-scanners-a-plat","7":"pa_baujahr-188","8":"pa_hersteller-fuji-lanovia","9":"pa_typ-c-550","11":"first","12":"instock","13":"sold-individually","14":"taxable","15":"shipping-taxable","16":"purchasable","17":"product-type-simple"},"jetpack_sharing_enabled":true,"_links":{"self":[{"href":"https:\/\/www.3p-gmbh.de\/fr\/wp-json\/wp\/v2\/product\/93486","targetHints":{"allow":["GET"]}}],"collection":[{"href":"https:\/\/www.3p-gmbh.de\/fr\/wp-json\/wp\/v2\/product"}],"about":[{"href":"https:\/\/www.3p-gmbh.de\/fr\/wp-json\/wp\/v2\/types\/product"}],"wp:featuredmedia":[{"embeddable":true,"href":"https:\/\/www.3p-gmbh.de\/fr\/wp-json\/wp\/v2\/media\/54166"}],"wp:attachment":[{"href":"https:\/\/www.3p-gmbh.de\/fr\/wp-json\/wp\/v2\/media?parent=93486"}],"wp:term":[{"taxonomy":"product_brand","embeddable":true,"href":"https:\/\/www.3p-gmbh.de\/fr\/wp-json\/wp\/v2\/product_brand?post=93486"},{"taxonomy":"product_cat","embeddable":true,"href":"https:\/\/www.3p-gmbh.de\/fr\/wp-json\/wp\/v2\/product_cat?post=93486"},{"taxonomy":"product_tag","embeddable":true,"href":"https:\/\/www.3p-gmbh.de\/fr\/wp-json\/wp\/v2\/product_tag?post=93486"}],"curies":[{"name":"wp","href":"https:\/\/api.w.org\/{rel}","templated":true}]}}