{"id":93482,"date":"2019-07-11T13:54:18","date_gmt":"2019-07-11T13:54:18","guid":{"rendered":"https:\/\/www.3p-gmbh.de\/produkt\/kodak-prinergy-workflow-version-5-1-2\/"},"modified":"2019-07-11T13:54:18","modified_gmt":"2019-07-11T13:54:18","slug":"prinergy-workflow-version-5-1-2","status":"publish","type":"product","link":"https:\/\/www.3p-gmbh.de\/fr\/produkt\/prinergy-workflow-version-5-1-2\/","title":{"rendered":"Kodak Prinergy Workflow version 5.1.2"},"content":{"rendered":"<ul>\n<li>avec option de sortie 8-up CtP<\/li>\n<li>pr\u00e9install\u00e9 sur du mat\u00e9riel certifi\u00e9 Dell<\/li>\n<li>Dongle avec informations sur la licence<\/li>\n<\/ul>\n","protected":false},"excerpt":{"rendered":"<p>avec option de sortie 8-up CtP pr\u00e9install\u00e9 sur du mat\u00e9riel certifi\u00e9 Dell Dongle avec informations sur la licence<\/p>\n","protected":false},"featured_media":55091,"template":"","meta":[],"product_brand":[],"product_cat":[3013],"product_tag":[],"class_list":{"0":"post-93482","1":"product","2":"type-product","3":"status-publish","4":"has-post-thumbnail","6":"product_cat-logiciel-de-prepresse","7":"pa_baujahr-137","8":"pa_hersteller-kodak","9":"pa_typ-prinergy-5-1-2","11":"first","12":"instock","13":"sold-individually","14":"taxable","15":"shipping-taxable","16":"purchasable","17":"product-type-simple"},"jetpack_sharing_enabled":true,"_links":{"self":[{"href":"https:\/\/www.3p-gmbh.de\/fr\/wp-json\/wp\/v2\/product\/93482","targetHints":{"allow":["GET"]}}],"collection":[{"href":"https:\/\/www.3p-gmbh.de\/fr\/wp-json\/wp\/v2\/product"}],"about":[{"href":"https:\/\/www.3p-gmbh.de\/fr\/wp-json\/wp\/v2\/types\/product"}],"wp:featuredmedia":[{"embeddable":true,"href":"https:\/\/www.3p-gmbh.de\/fr\/wp-json\/wp\/v2\/media\/55091"}],"wp:attachment":[{"href":"https:\/\/www.3p-gmbh.de\/fr\/wp-json\/wp\/v2\/media?parent=93482"}],"wp:term":[{"taxonomy":"product_brand","embeddable":true,"href":"https:\/\/www.3p-gmbh.de\/fr\/wp-json\/wp\/v2\/product_brand?post=93482"},{"taxonomy":"product_cat","embeddable":true,"href":"https:\/\/www.3p-gmbh.de\/fr\/wp-json\/wp\/v2\/product_cat?post=93482"},{"taxonomy":"product_tag","embeddable":true,"href":"https:\/\/www.3p-gmbh.de\/fr\/wp-json\/wp\/v2\/product_tag?post=93482"}],"curies":[{"name":"wp","href":"https:\/\/api.w.org\/{rel}","templated":true}]}}