{"id":93473,"date":"2019-07-11T13:54:22","date_gmt":"2019-07-11T13:54:22","guid":{"rendered":"https:\/\/www.3p-gmbh.de\/produkt\/scanner-a-plat-linotype-hell-topaz\/"},"modified":"2019-07-11T13:54:22","modified_gmt":"2019-07-11T13:54:22","slug":"scanner-a-plat","status":"publish","type":"product","link":"https:\/\/www.3p-gmbh.de\/fr\/produkt\/scanner-a-plat\/","title":{"rendered":"Scanner \u00e0 plat Linotype-Hell Topaz"},"content":{"rendered":"<ul>\n<li>avec le logiciel de num\u00e9risation LinoColor 6.0 pour Mac<\/li>\n<li>Ligne CCD couleur trilin\u00e9aire<\/li>\n<li>AutoScaling pour le calcul continu de l&rsquo;\u00e9chelle dans le scanner<\/li>\n<li>AutoSharpening pour des calculs optimaux et rapides dans le scanner<\/li>\n<li>1 plateau universel pour les originaux en consultation\/transparence, max. format 305x457mm<\/li>\n<li>Table lumineuse int\u00e9gr\u00e9e au scanner<\/li>\n<li>R\u00e8gles de montage pour l&rsquo;alignement exact des mod\u00e8les sur le porte-mod\u00e8les<\/li>\n<li>Format de l&rsquo;original max. 305x457mm pour la vue de dessus, 210x457mm pour la vue par transparence<\/li>\n<li>Types d&rsquo;originaux Vue de dessus et Vue de dessus, couleur et noir et blanc, demi-teintes et traits, positif et n\u00e9gatif, originaux 3 D jusqu&rsquo;\u00e0 max. 20 mm de hauteur<\/li>\n<li>Plage d&rsquo;\u00e9chelle : 20 &#8211; 2000<\/li>\n<li>Calcul de l&rsquo;\u00e9chelle En continu avec le mat\u00e9riel AutoScaling<\/li>\n<li>Calcul de la nettet\u00e9 Mat\u00e9riel AutoSharpening dans le scanner<\/li>\n<li>R\u00e9solution de num\u00e9risation max. : optique 3800 dpi, r\u00e9solution interpol\u00e9e 8150 dpi<\/li>\n<li>Plage de densit\u00e9 diff\u00e9rentiable 3,7 D, mesur\u00e9e sur la sortie film d&rsquo;un coin de gris<\/li>\n<li>Densit\u00e9 soluble max. 4.0 D, mesur\u00e9 sur la sortie film d&rsquo;un coin de gris<\/li>\n<li>Interface SCSI<\/li>\n<\/ul>\n","protected":false},"excerpt":{"rendered":"<p>avec le logiciel de num\u00e9risation LinoColor 6.0 pour Mac Ligne CCD couleur trilin\u00e9aire AutoScaling pour le calcul continu de l&rsquo;\u00e9chelle dans le scanner AutoSharpening pour des calculs optimaux et rapides dans le scanner 1 plateau universel pour les originaux en consultation\/transparence, max. format 305x457mm Table lumineuse int\u00e9gr\u00e9e au scanner R\u00e8gles de montage pour l&rsquo;alignement exact [&hellip;]<\/p>\n","protected":false},"featured_media":55099,"template":"","meta":[],"product_brand":[],"product_cat":[3097],"product_tag":[],"class_list":{"0":"post-93473","1":"product","2":"type-product","3":"status-publish","4":"has-post-thumbnail","6":"product_cat-scanners-a-plat","7":"pa_baujahr-194","8":"pa_hersteller-linotype-hell","9":"pa_typ-topaz-i","11":"first","12":"instock","13":"sold-individually","14":"taxable","15":"shipping-taxable","16":"purchasable","17":"product-type-simple"},"jetpack_sharing_enabled":true,"_links":{"self":[{"href":"https:\/\/www.3p-gmbh.de\/fr\/wp-json\/wp\/v2\/product\/93473","targetHints":{"allow":["GET"]}}],"collection":[{"href":"https:\/\/www.3p-gmbh.de\/fr\/wp-json\/wp\/v2\/product"}],"about":[{"href":"https:\/\/www.3p-gmbh.de\/fr\/wp-json\/wp\/v2\/types\/product"}],"wp:featuredmedia":[{"embeddable":true,"href":"https:\/\/www.3p-gmbh.de\/fr\/wp-json\/wp\/v2\/media\/55099"}],"wp:attachment":[{"href":"https:\/\/www.3p-gmbh.de\/fr\/wp-json\/wp\/v2\/media?parent=93473"}],"wp:term":[{"taxonomy":"product_brand","embeddable":true,"href":"https:\/\/www.3p-gmbh.de\/fr\/wp-json\/wp\/v2\/product_brand?post=93473"},{"taxonomy":"product_cat","embeddable":true,"href":"https:\/\/www.3p-gmbh.de\/fr\/wp-json\/wp\/v2\/product_cat?post=93473"},{"taxonomy":"product_tag","embeddable":true,"href":"https:\/\/www.3p-gmbh.de\/fr\/wp-json\/wp\/v2\/product_tag?post=93473"}],"curies":[{"name":"wp","href":"https:\/\/api.w.org\/{rel}","templated":true}]}}