{"id":93461,"date":"2019-07-11T13:54:22","date_gmt":"2019-07-11T13:54:22","guid":{"rendered":"https:\/\/www.3p-gmbh.de\/produkt\/fuji-scanner-a-tambour-crosfield-celsis-6200\/"},"modified":"2019-07-11T13:54:22","modified_gmt":"2019-07-11T13:54:22","slug":"scanner-a-tambour-2","status":"publish","type":"product","link":"https:\/\/www.3p-gmbh.de\/fr\/produkt\/scanner-a-tambour-2\/","title":{"rendered":"Fuji &#8211; Scanner \u00e0 tambour Crosfield Celsis 6200"},"content":{"rendered":"<ul>\n<li>Scanner \u00e0 tambour haute performance<\/li>\n<li>max. Format de l&rsquo;original 510 x 635 mm<\/li>\n<li>Densit\u00e9 max. 3.9<\/li>\n<li>grossissement 20-2000<\/li>\n<li>Source de lumi\u00e8re au x\u00e9non<\/li>\n<li>Balayage avec photomultiplicateur (3x)<\/li>\n<\/ul>\n","protected":false},"excerpt":{"rendered":"<p>Scanner \u00e0 tambour haute performance max. Format de l&rsquo;original 510 x 635 mm Densit\u00e9 max. 3.9 grossissement 20-2000 Source de lumi\u00e8re au x\u00e9non Balayage avec photomultiplicateur (3x)<\/p>\n","protected":false},"featured_media":55102,"template":"","meta":[],"product_brand":[],"product_cat":[3021],"product_tag":[],"class_list":{"0":"post-93461","1":"product","2":"type-product","3":"status-publish","4":"has-post-thumbnail","6":"product_cat-scanner-a-tambour","7":"pa_baujahr-209","8":"pa_hersteller-crosfield-fuji","9":"pa_typ-celsis-6200","11":"first","12":"instock","13":"sold-individually","14":"taxable","15":"shipping-taxable","16":"purchasable","17":"product-type-simple"},"jetpack_sharing_enabled":true,"_links":{"self":[{"href":"https:\/\/www.3p-gmbh.de\/fr\/wp-json\/wp\/v2\/product\/93461","targetHints":{"allow":["GET"]}}],"collection":[{"href":"https:\/\/www.3p-gmbh.de\/fr\/wp-json\/wp\/v2\/product"}],"about":[{"href":"https:\/\/www.3p-gmbh.de\/fr\/wp-json\/wp\/v2\/types\/product"}],"wp:featuredmedia":[{"embeddable":true,"href":"https:\/\/www.3p-gmbh.de\/fr\/wp-json\/wp\/v2\/media\/55102"}],"wp:attachment":[{"href":"https:\/\/www.3p-gmbh.de\/fr\/wp-json\/wp\/v2\/media?parent=93461"}],"wp:term":[{"taxonomy":"product_brand","embeddable":true,"href":"https:\/\/www.3p-gmbh.de\/fr\/wp-json\/wp\/v2\/product_brand?post=93461"},{"taxonomy":"product_cat","embeddable":true,"href":"https:\/\/www.3p-gmbh.de\/fr\/wp-json\/wp\/v2\/product_cat?post=93461"},{"taxonomy":"product_tag","embeddable":true,"href":"https:\/\/www.3p-gmbh.de\/fr\/wp-json\/wp\/v2\/product_tag?post=93461"}],"curies":[{"name":"wp","href":"https:\/\/api.w.org\/{rel}","templated":true}]}}