{"id":93454,"date":"2019-07-11T13:54:22","date_gmt":"2019-07-11T13:54:22","guid":{"rendered":"https:\/\/www.3p-gmbh.de\/produkt\/creo-scitex-eversmart-scanner-a-plat\/"},"modified":"2019-07-11T13:54:22","modified_gmt":"2019-07-11T13:54:22","slug":"scanner-a-plat-2-2","status":"publish","type":"product","link":"https:\/\/www.3p-gmbh.de\/fr\/produkt\/scanner-a-plat-2-2\/","title":{"rendered":"Creo-Scitex Eversmart scanner \u00e0 plat"},"content":{"rendered":"<ul>\n<li>Scanner \u00e0 plat avec t\u00eate de lecture mobile sur toute la zone de num\u00e9risation (vitre de num\u00e9risation fixe)<\/li>\n<li>CCD couleur trilin\u00e9aire 3 x 8000 pixels<\/li>\n<li>Pr\u00e9cision du motif 14 bits \/ pixel<\/li>\n<li>max. Densit\u00e9 4.0 max<\/li>\n<li>r\u00e9solution optique 3150 dpi<\/li>\n<li>Zone de num\u00e9risation 305 x 432 mm<\/li>\n<li>examen (positif, n\u00e9gatif), surveillance, diapositives<\/li>\n<li>max. \u00c9paisseur de l&rsquo;original par transparence 5 mm<\/li>\n<li>Agrandissement \u00e0 300 ppp 20-2700<\/li>\n<li>Niveaux de grossissement 0,1<\/li>\n<li>formats de fichiers pris en charge : Scitex CT, -LW, EPS, Tiff, Pict, etc.<\/li>\n<\/ul>\n","protected":false},"excerpt":{"rendered":"<p>Scanner \u00e0 plat avec t\u00eate de lecture mobile sur toute la zone de num\u00e9risation (vitre de num\u00e9risation fixe) CCD couleur trilin\u00e9aire 3 x 8000 pixels Pr\u00e9cision du motif 14 bits \/ pixel max. Densit\u00e9 4.0 max r\u00e9solution optique 3150 dpi Zone de num\u00e9risation 305 x 432 mm examen (positif, n\u00e9gatif), surveillance, diapositives max. \u00c9paisseur de [&hellip;]<\/p>\n","protected":false},"featured_media":55103,"template":"","meta":[],"product_brand":[],"product_cat":[3097],"product_tag":[],"class_list":{"0":"post-93454","1":"product","2":"type-product","3":"status-publish","4":"has-post-thumbnail","6":"product_cat-scanners-a-plat","7":"pa_baujahr-188","8":"pa_hersteller-creo-scitex","9":"pa_typ-eversmart-pro","11":"first","12":"instock","13":"sold-individually","14":"taxable","15":"shipping-taxable","16":"purchasable","17":"product-type-simple"},"jetpack_sharing_enabled":true,"_links":{"self":[{"href":"https:\/\/www.3p-gmbh.de\/fr\/wp-json\/wp\/v2\/product\/93454","targetHints":{"allow":["GET"]}}],"collection":[{"href":"https:\/\/www.3p-gmbh.de\/fr\/wp-json\/wp\/v2\/product"}],"about":[{"href":"https:\/\/www.3p-gmbh.de\/fr\/wp-json\/wp\/v2\/types\/product"}],"wp:featuredmedia":[{"embeddable":true,"href":"https:\/\/www.3p-gmbh.de\/fr\/wp-json\/wp\/v2\/media\/55103"}],"wp:attachment":[{"href":"https:\/\/www.3p-gmbh.de\/fr\/wp-json\/wp\/v2\/media?parent=93454"}],"wp:term":[{"taxonomy":"product_brand","embeddable":true,"href":"https:\/\/www.3p-gmbh.de\/fr\/wp-json\/wp\/v2\/product_brand?post=93454"},{"taxonomy":"product_cat","embeddable":true,"href":"https:\/\/www.3p-gmbh.de\/fr\/wp-json\/wp\/v2\/product_cat?post=93454"},{"taxonomy":"product_tag","embeddable":true,"href":"https:\/\/www.3p-gmbh.de\/fr\/wp-json\/wp\/v2\/product_tag?post=93454"}],"curies":[{"name":"wp","href":"https:\/\/api.w.org\/{rel}","templated":true}]}}