{"id":93452,"date":"2019-07-11T13:54:22","date_gmt":"2019-07-11T13:54:22","guid":{"rendered":"https:\/\/www.3p-gmbh.de\/produkt\/heidelberg-nexscan-f-4200-scanner-a-plat\/"},"modified":"2019-07-11T13:54:22","modified_gmt":"2019-07-11T13:54:22","slug":"scanner-a-plat-3","status":"publish","type":"product","link":"https:\/\/www.3p-gmbh.de\/fr\/produkt\/scanner-a-plat-3\/","title":{"rendered":"Heidelberg Nexscan F 4200 Scanner \u00e0 plat"},"content":{"rendered":"<ul>\n<li>Mod\u00e8le 3270-1<\/li>\n<li>unit\u00e9 de balayage mont\u00e9e verticalement (sans renvoi de miroir)<\/li>\n<li>technologie CCD double (CCD trilin\u00e9aire avec 3 x 8000 pixels, deuxi\u00e8me CCD avec 12.000 pixels pour la r\u00e9-digitalisation)<\/li>\n<li>max. Format de l&rsquo;original 315 x 457 mm<\/li>\n<li>r\u00e9solution optique max. 5080 ppp<\/li>\n<li>r\u00e9solution interpol\u00e9e max. 11800 ppp<\/li>\n<li>Types d&rsquo;originaux Vue de dessus, Vue de dessus, Positif, N\u00e9gatif, Couleur, N&amp;B<\/li>\n<li>max. Densit\u00e9 4.0<\/li>\n<li>avec le logiciel NewColor<\/li>\n<\/ul>\n","protected":false},"excerpt":{"rendered":"<p>Mod\u00e8le 3270-1 unit\u00e9 de balayage mont\u00e9e verticalement (sans renvoi de miroir) technologie CCD double (CCD trilin\u00e9aire avec 3 x 8000 pixels, deuxi\u00e8me CCD avec 12.000 pixels pour la r\u00e9-digitalisation) max. Format de l&rsquo;original 315 x 457 mm r\u00e9solution optique max. 5080 ppp r\u00e9solution interpol\u00e9e max. 11800 ppp Types d&rsquo;originaux Vue de dessus, Vue de dessus, [&hellip;]<\/p>\n","protected":false},"featured_media":55106,"template":"","meta":[],"product_brand":[],"product_cat":[3097],"product_tag":[],"class_list":{"0":"post-93452","1":"product","2":"type-product","3":"status-publish","4":"has-post-thumbnail","6":"product_cat-scanners-a-plat","7":"pa_baujahr-130","8":"pa_hersteller-heidelberg","9":"pa_typ-nexscan-f-4200","11":"first","12":"instock","13":"sold-individually","14":"taxable","15":"shipping-taxable","16":"purchasable","17":"product-type-simple"},"jetpack_sharing_enabled":true,"_links":{"self":[{"href":"https:\/\/www.3p-gmbh.de\/fr\/wp-json\/wp\/v2\/product\/93452","targetHints":{"allow":["GET"]}}],"collection":[{"href":"https:\/\/www.3p-gmbh.de\/fr\/wp-json\/wp\/v2\/product"}],"about":[{"href":"https:\/\/www.3p-gmbh.de\/fr\/wp-json\/wp\/v2\/types\/product"}],"wp:featuredmedia":[{"embeddable":true,"href":"https:\/\/www.3p-gmbh.de\/fr\/wp-json\/wp\/v2\/media\/55106"}],"wp:attachment":[{"href":"https:\/\/www.3p-gmbh.de\/fr\/wp-json\/wp\/v2\/media?parent=93452"}],"wp:term":[{"taxonomy":"product_brand","embeddable":true,"href":"https:\/\/www.3p-gmbh.de\/fr\/wp-json\/wp\/v2\/product_brand?post=93452"},{"taxonomy":"product_cat","embeddable":true,"href":"https:\/\/www.3p-gmbh.de\/fr\/wp-json\/wp\/v2\/product_cat?post=93452"},{"taxonomy":"product_tag","embeddable":true,"href":"https:\/\/www.3p-gmbh.de\/fr\/wp-json\/wp\/v2\/product_tag?post=93452"}],"curies":[{"name":"wp","href":"https:\/\/api.w.org\/{rel}","templated":true}]}}