{"id":93439,"date":"2019-07-11T13:54:26","date_gmt":"2019-07-11T13:54:26","guid":{"rendered":"https:\/\/www.3p-gmbh.de\/produkt\/techkon-dms-910-digital-microscope\/"},"modified":"2019-07-11T13:54:26","modified_gmt":"2019-07-11T13:54:26","slug":"microscope-numerique","status":"publish","type":"product","link":"https:\/\/www.3p-gmbh.de\/fr\/produkt\/microscope-numerique\/","title":{"rendered":"Techkon DMS 910 Digital MicroScope"},"content":{"rendered":"<p>Ce densitom\u00e8tre pour plaques d&rsquo;impression est indispensable dans le domaine de l&rsquo;impression offset pour l&rsquo;\u00e9valuation de la copie des plaques, mais surtout pour le calibrage de l&rsquo;exposition des plaques d&rsquo;impression CTP. Livr\u00e9 avec mallette de transport, chiffon de nettoyage, c\u00e2ble de connexion USB pour le raccordement au PC, logiciel DMS Pro. L&rsquo;appareil sert \u00e0 d\u00e9terminer avec pr\u00e9cision la couverture de surface, l&rsquo;ouverture de trame et l&rsquo;angle de trame sur les plaques d&rsquo;impression, les films et les impressions. Il peut \u00eatre utilis\u00e9 de mani\u00e8re universelle pour diff\u00e9rents types de plaques d&rsquo;impression et de proc\u00e9d\u00e9s de tramage (\u00e9galement tramage FM).<\/p>\n","protected":false},"excerpt":{"rendered":"<p>Ce densitom\u00e8tre pour plaques d&rsquo;impression est indispensable dans le domaine de l&rsquo;impression offset pour l&rsquo;\u00e9valuation de la copie des plaques, mais surtout pour le calibrage de l&rsquo;exposition des plaques d&rsquo;impression CTP. Livr\u00e9 avec mallette de transport, chiffon de nettoyage, c\u00e2ble de connexion USB pour le raccordement au PC, logiciel DMS Pro. L&rsquo;appareil sert \u00e0 d\u00e9terminer [&hellip;]<\/p>\n","protected":false},"featured_media":55115,"template":"","meta":[],"product_brand":[],"product_cat":[2930],"product_tag":[],"class_list":{"0":"post-93439","1":"product","2":"type-product","3":"status-publish","4":"has-post-thumbnail","6":"product_cat-instruments-de-mesure-et-assurance-qualite","7":"pa_baujahr-198","8":"pa_hersteller-techkon","9":"pa_typ-dms-910","11":"first","12":"instock","13":"sold-individually","14":"taxable","15":"shipping-taxable","16":"purchasable","17":"product-type-simple"},"jetpack_sharing_enabled":true,"_links":{"self":[{"href":"https:\/\/www.3p-gmbh.de\/fr\/wp-json\/wp\/v2\/product\/93439","targetHints":{"allow":["GET"]}}],"collection":[{"href":"https:\/\/www.3p-gmbh.de\/fr\/wp-json\/wp\/v2\/product"}],"about":[{"href":"https:\/\/www.3p-gmbh.de\/fr\/wp-json\/wp\/v2\/types\/product"}],"wp:featuredmedia":[{"embeddable":true,"href":"https:\/\/www.3p-gmbh.de\/fr\/wp-json\/wp\/v2\/media\/55115"}],"wp:attachment":[{"href":"https:\/\/www.3p-gmbh.de\/fr\/wp-json\/wp\/v2\/media?parent=93439"}],"wp:term":[{"taxonomy":"product_brand","embeddable":true,"href":"https:\/\/www.3p-gmbh.de\/fr\/wp-json\/wp\/v2\/product_brand?post=93439"},{"taxonomy":"product_cat","embeddable":true,"href":"https:\/\/www.3p-gmbh.de\/fr\/wp-json\/wp\/v2\/product_cat?post=93439"},{"taxonomy":"product_tag","embeddable":true,"href":"https:\/\/www.3p-gmbh.de\/fr\/wp-json\/wp\/v2\/product_tag?post=93439"}],"curies":[{"name":"wp","href":"https:\/\/api.w.org\/{rel}","templated":true}]}}