{"id":93431,"date":"2019-07-11T13:54:26","date_gmt":"2019-07-11T13:54:26","guid":{"rendered":"https:\/\/www.3p-gmbh.de\/produkt\/spectralphotometre-gretag-macbeth-spectrolino-spectroscan\/"},"modified":"2019-07-11T13:54:26","modified_gmt":"2019-07-11T13:54:26","slug":"spectralfotometre","status":"publish","type":"product","link":"https:\/\/www.3p-gmbh.de\/fr\/produkt\/spectralfotometre\/","title":{"rendered":"Spectralphotom\u00e8tre Gretag Macbeth Spectrolino\/Spectroscan"},"content":{"rendered":"<p>Le spectrophotom\u00e8tre Spectrolino est l&rsquo;instrument de mesure pr\u00e9cis pour tous les domaines de l&rsquo;industrie de l&rsquo;impression : r\u00e9mission, transmission et \u00e9mission ! Ainsi, les \u00e9chantillons de couleur et de papier, les diapositives, les colorcharts et les moniteurs peuvent toujours \u00eatre mesur\u00e9s rapidement, en toute s\u00e9curit\u00e9 et avec une pr\u00e9cision absolue. Cet appareil de mesure pratique vous permet d&rsquo;obtenir de grandes performances avec un minimum d&rsquo;efforts : une qualit\u00e9 continue, de la r\u00e9ception de la commande \u00e0 la livraison du produit final imprim\u00e9.<\/p>\n<p>Le Spectrolino est reli\u00e9 \u00e0 un PC ou \u00e0 un Apple Macintosh via l&rsquo;interface RS 232C int\u00e9gr\u00e9e, ce qui permet d&rsquo;afficher et de traiter les donn\u00e9es mesur\u00e9es directement sur l&rsquo;ordinateur. Gr\u00e2ce au syst\u00e8me optique en anneau, la mesure est tout aussi fiable, m\u00eame sous diff\u00e9rents angles. Pour la mesure des \u00e9missions, le Spectrolino est fix\u00e9 \u00e0 l&rsquo;\u00e9cran de mani\u00e8re s\u00fbre et d\u00e9licate \u00e0 l&rsquo;aide du support fourni.<\/p>\n<p>La table de mesure x\/y SpectroScan transforme le Spectrolino en une station de travail enti\u00e8rement automatique pour la mesure des color charts. Des diaphragmes de mesure de 1 \u00e0 3 mm permettent de mesurer les mod\u00e8les de contr\u00f4le sans erreur et avec pr\u00e9cision. En outre, il est \u00e9galement possible de mesurer des mod\u00e8les transparents. Le papier est maintenu par une charge \u00e9lectrostatique, apr\u00e8s avoir d\u00e9fini trois coins, l&rsquo;appareil mesure automatiquement l&rsquo;ensemble de la charte. C&rsquo;est surtout dans la cr\u00e9ation de CRT (Color Rendering Tables) et de profils ICC (International Color Consortium) que l&rsquo;\u00e9quipe compos\u00e9e du photom\u00e8tre et de la table de mesure fournit un travail imposant.<\/p>\n<ul>\n<li>Interface : RS 232 s\u00e9rie, 110 \u00e0 57 600 bauds<\/li>\n<li>Prise de donn\u00e9es : Mini-DIN femelle<\/li>\n<li>Alimentation \u00e9lectrique : 90 \u00e0 270 V AC, 47 \u00e0 63 Hz<\/li>\n<li>Consommation : 100 V AC 2A, 220 V AC 1A<\/li>\n<li>Dimensions : largeur 430 mm, profondeur 530 mm<\/li>\n<li>hauteur : 150 mm<\/li>\n<li>poids : 7,5 kg<\/li>\n<li>\u00c9paisseur du mat\u00e9riau des mod\u00e8les : R\u00e9mission max. 1,5mm, transmission max. 0,25 mm<\/li>\n<li>pr\u00e9cision de positionnement : +\/- 0,25mm<\/li>\n<li>Plage de d\u00e9placement : max. 240 x 310 mm<\/li>\n<li>Mesure spectrale via un r\u00e9seau de diffraction holographique<\/li>\n<li>Plage de mesure spectrale : 380 \u00e0 730 nm<\/li>\n<li>R\u00e9solution physique : 10 nm<\/li>\n<li>Modes de mesure : r\u00e9mission, \u00e9mission, transmission<\/li>\n<li>Interface : RS 232 s\u00e9rie, 110 \u00e0 57 600 bauds<\/li>\n<li>Prise de donn\u00e9es : Mini-DIN femelle<\/li>\n<li>Alimentation : par c\u00e2ble de donn\u00e9es et adaptateur secteur<\/li>\n<\/ul>\n","protected":false},"excerpt":{"rendered":"<p>Le spectrophotom\u00e8tre Spectrolino est l&rsquo;instrument de mesure pr\u00e9cis pour tous les domaines de l&rsquo;industrie de l&rsquo;impression : r\u00e9mission, transmission et \u00e9mission ! Ainsi, les \u00e9chantillons de couleur et de papier, les diapositives, les colorcharts et les moniteurs peuvent toujours \u00eatre mesur\u00e9s rapidement, en toute s\u00e9curit\u00e9 et avec une pr\u00e9cision absolue. Cet appareil de mesure pratique [&hellip;]<\/p>\n","protected":false},"featured_media":55124,"template":"","meta":[],"product_brand":[],"product_cat":[2930],"product_tag":[],"class_list":{"0":"post-93431","1":"product","2":"type-product","3":"status-publish","4":"has-post-thumbnail","6":"product_cat-instruments-de-mesure-et-assurance-qualite","7":"pa_baujahr-140","8":"pa_hersteller-gretag-macbeth","9":"pa_typ-spectroscan-mit-spectrolino","11":"first","12":"instock","13":"sold-individually","14":"taxable","15":"shipping-taxable","16":"purchasable","17":"product-type-simple"},"jetpack_sharing_enabled":true,"_links":{"self":[{"href":"https:\/\/www.3p-gmbh.de\/fr\/wp-json\/wp\/v2\/product\/93431","targetHints":{"allow":["GET"]}}],"collection":[{"href":"https:\/\/www.3p-gmbh.de\/fr\/wp-json\/wp\/v2\/product"}],"about":[{"href":"https:\/\/www.3p-gmbh.de\/fr\/wp-json\/wp\/v2\/types\/product"}],"wp:featuredmedia":[{"embeddable":true,"href":"https:\/\/www.3p-gmbh.de\/fr\/wp-json\/wp\/v2\/media\/55124"}],"wp:attachment":[{"href":"https:\/\/www.3p-gmbh.de\/fr\/wp-json\/wp\/v2\/media?parent=93431"}],"wp:term":[{"taxonomy":"product_brand","embeddable":true,"href":"https:\/\/www.3p-gmbh.de\/fr\/wp-json\/wp\/v2\/product_brand?post=93431"},{"taxonomy":"product_cat","embeddable":true,"href":"https:\/\/www.3p-gmbh.de\/fr\/wp-json\/wp\/v2\/product_cat?post=93431"},{"taxonomy":"product_tag","embeddable":true,"href":"https:\/\/www.3p-gmbh.de\/fr\/wp-json\/wp\/v2\/product_tag?post=93431"}],"curies":[{"name":"wp","href":"https:\/\/api.w.org\/{rel}","templated":true}]}}