{"id":93423,"date":"2019-07-11T13:54:29","date_gmt":"2019-07-11T13:54:29","guid":{"rendered":"https:\/\/www.3p-gmbh.de\/produkt\/gretag-macbeth-profilemaker-logiciel-de-profilage-icc\/"},"modified":"2019-07-11T13:54:29","modified_gmt":"2019-07-11T13:54:29","slug":"logiciel-de-profilage-icc","status":"publish","type":"product","link":"https:\/\/www.3p-gmbh.de\/fr\/produkt\/logiciel-de-profilage-icc\/","title":{"rendered":"Gretag Macbeth ProfileMaker logiciel de profilage ICC"},"content":{"rendered":"<p>ProfileMaker Professional est un ensemble complet de programmes permettant de cr\u00e9er des profils ICC pour les p\u00e9riph\u00e9riques d&rsquo;entr\u00e9e et de sortie. Il prend \u00e9galement en charge les processus multicolores jusqu&rsquo;\u00e0 10 couleurs unies. En outre, les modules correspondants du programme vous permettent de comparer et de calculer la moyenne des fichiers de mesure, d&rsquo;\u00e9diter des profils ICC, de convertir les couleurs PANTONE en couleurs d&rsquo;appareil, d&rsquo;\u00e9crire et de lire des fichiers CxF et bien plus encore.<\/p>\n<ul>\n<li>Entr\u00e9e ProfileMaker<\/li>\n<li>Cr\u00e9ation de profils ICC pour scanners, y compris Carte de test d&rsquo;\u00e9piscopie, de diascopie et de diapositives avec fichiers de r\u00e9f\u00e9rence (chartes IT8)<\/li>\n<li>Moniteur ProfileMaker<\/li>\n<li>Cr\u00e9ation de profils ICC pour les moniteurs CRT et LCD<\/li>\n<li>Calibrage des moniteurs<\/li>\n<li>Sortie de ProfileMaker<\/li>\n<li>Cr\u00e9ation de profils ICC pour les processus d&rsquo;impression RVB, CMJN et 6 couleurs<\/li>\n<\/ul>\n","protected":false},"excerpt":{"rendered":"<p>ProfileMaker Professional est un ensemble complet de programmes permettant de cr\u00e9er des profils ICC pour les p\u00e9riph\u00e9riques d&rsquo;entr\u00e9e et de sortie. Il prend \u00e9galement en charge les processus multicolores jusqu&rsquo;\u00e0 10 couleurs unies. En outre, les modules correspondants du programme vous permettent de comparer et de calculer la moyenne des fichiers de mesure, d&rsquo;\u00e9diter des [&hellip;]<\/p>\n","protected":false},"featured_media":55131,"template":"","meta":[],"product_brand":[],"product_cat":[3013],"product_tag":[],"class_list":{"0":"post-93423","1":"product","2":"type-product","3":"status-publish","4":"has-post-thumbnail","6":"product_cat-logiciel-de-prepresse","7":"pa_baujahr-326","8":"pa_hersteller-gretag-macbeth","9":"pa_typ-profilemaker-publish-pro-version-5-1","11":"first","12":"instock","13":"sold-individually","14":"taxable","15":"shipping-taxable","16":"purchasable","17":"product-type-simple"},"jetpack_sharing_enabled":true,"_links":{"self":[{"href":"https:\/\/www.3p-gmbh.de\/fr\/wp-json\/wp\/v2\/product\/93423","targetHints":{"allow":["GET"]}}],"collection":[{"href":"https:\/\/www.3p-gmbh.de\/fr\/wp-json\/wp\/v2\/product"}],"about":[{"href":"https:\/\/www.3p-gmbh.de\/fr\/wp-json\/wp\/v2\/types\/product"}],"wp:featuredmedia":[{"embeddable":true,"href":"https:\/\/www.3p-gmbh.de\/fr\/wp-json\/wp\/v2\/media\/55131"}],"wp:attachment":[{"href":"https:\/\/www.3p-gmbh.de\/fr\/wp-json\/wp\/v2\/media?parent=93423"}],"wp:term":[{"taxonomy":"product_brand","embeddable":true,"href":"https:\/\/www.3p-gmbh.de\/fr\/wp-json\/wp\/v2\/product_brand?post=93423"},{"taxonomy":"product_cat","embeddable":true,"href":"https:\/\/www.3p-gmbh.de\/fr\/wp-json\/wp\/v2\/product_cat?post=93423"},{"taxonomy":"product_tag","embeddable":true,"href":"https:\/\/www.3p-gmbh.de\/fr\/wp-json\/wp\/v2\/product_tag?post=93423"}],"curies":[{"name":"wp","href":"https:\/\/api.w.org\/{rel}","templated":true}]}}