{"id":93414,"date":"2019-07-11T13:54:29","date_gmt":"2019-07-11T13:54:29","guid":{"rendered":"https:\/\/www.3p-gmbh.de\/produkt\/flux-de-travail-prinect-prepress-manager-de-heidelberg\/"},"modified":"2019-07-11T13:54:29","modified_gmt":"2019-07-11T13:54:29","slug":"systeme-de-flux-de-travail-prepresse","status":"publish","type":"product","link":"https:\/\/www.3p-gmbh.de\/fr\/produkt\/systeme-de-flux-de-travail-prepresse\/","title":{"rendered":"Flux de travail Prinect PrePress Manager de Heidelberg"},"content":{"rendered":"<ul>\n<li>syst\u00e8me de flux de travail pr\u00e9presse enti\u00e8rement automatis\u00e9 et bas\u00e9 sur JDF, avec des outils de contr\u00f4le et d&rsquo;optimisation des donn\u00e9es PDF fournies, y compris la gestion des couleurs et le trapping, ainsi qu&rsquo;une int\u00e9gration parfaite avec Prinect Signa Station<\/li>\n<li>avec PDF Print Engine PSS 4.0-75 IOP<\/li>\n<li>avec PDF Imposer<\/li>\n<li>avec Prepress Manager 4.0 EN<\/li>\n<li>avec le serveur de licences Prinect<\/li>\n<\/ul>\n","protected":false},"excerpt":{"rendered":"<p>syst\u00e8me de flux de travail pr\u00e9presse enti\u00e8rement automatis\u00e9 et bas\u00e9 sur JDF, avec des outils de contr\u00f4le et d&rsquo;optimisation des donn\u00e9es PDF fournies, y compris la gestion des couleurs et le trapping, ainsi qu&rsquo;une int\u00e9gration parfaite avec Prinect Signa Station avec PDF Print Engine PSS 4.0-75 IOP avec PDF Imposer avec Prepress Manager 4.0 EN [&hellip;]<\/p>\n","protected":false},"featured_media":55132,"template":"","meta":[],"product_brand":[],"product_cat":[3013],"product_tag":[],"class_list":{"0":"post-93414","1":"product","2":"type-product","3":"status-publish","4":"has-post-thumbnail","6":"product_cat-logiciel-de-prepresse","7":"pa_baujahr-326","8":"pa_hersteller-heidelberg","9":"pa_typ-prinect-pre-press-manager-m","11":"first","12":"instock","13":"sold-individually","14":"taxable","15":"shipping-taxable","16":"purchasable","17":"product-type-simple"},"jetpack_sharing_enabled":true,"_links":{"self":[{"href":"https:\/\/www.3p-gmbh.de\/fr\/wp-json\/wp\/v2\/product\/93414","targetHints":{"allow":["GET"]}}],"collection":[{"href":"https:\/\/www.3p-gmbh.de\/fr\/wp-json\/wp\/v2\/product"}],"about":[{"href":"https:\/\/www.3p-gmbh.de\/fr\/wp-json\/wp\/v2\/types\/product"}],"wp:featuredmedia":[{"embeddable":true,"href":"https:\/\/www.3p-gmbh.de\/fr\/wp-json\/wp\/v2\/media\/55132"}],"wp:attachment":[{"href":"https:\/\/www.3p-gmbh.de\/fr\/wp-json\/wp\/v2\/media?parent=93414"}],"wp:term":[{"taxonomy":"product_brand","embeddable":true,"href":"https:\/\/www.3p-gmbh.de\/fr\/wp-json\/wp\/v2\/product_brand?post=93414"},{"taxonomy":"product_cat","embeddable":true,"href":"https:\/\/www.3p-gmbh.de\/fr\/wp-json\/wp\/v2\/product_cat?post=93414"},{"taxonomy":"product_tag","embeddable":true,"href":"https:\/\/www.3p-gmbh.de\/fr\/wp-json\/wp\/v2\/product_tag?post=93414"}],"curies":[{"name":"wp","href":"https:\/\/api.w.org\/{rel}","templated":true}]}}