{"id":93390,"date":"2019-07-11T13:54:29","date_gmt":"2019-07-11T13:54:29","guid":{"rendered":"https:\/\/www.3p-gmbh.de\/produkt\/heidelberg-prinect-pressroom-manager-10\/"},"modified":"2019-07-11T13:54:29","modified_gmt":"2019-07-11T13:54:29","slug":"heidelberg-prinect-pressroom-manager-10","status":"publish","type":"product","link":"https:\/\/www.3p-gmbh.de\/fr\/produkt\/heidelberg-prinect-pressroom-manager-10\/","title":{"rendered":"Heidelberg Prinect Pressroom Manager 10"},"content":{"rendered":"<p>Les composants Prinect suivants sont licenci\u00e9s sur la cl\u00e9 \u00e9lectronique du serveur de licences :<\/p>\n<ul>\n<li>Prinect Pressroom Manager 106 (contient alors l&rsquo;interface pr\u00e9-presse pour 8 pages)<\/li>\n<li>Prinect Integration Manager (y compris 1\u00d7 Prinect Cockpit) Version : 15.0<\/li>\n<\/ul>\n<p>L&rsquo;int\u00e9gration de toutes les \u00e9tapes du processus conf\u00e8re aux imprimeries des avantages concurrentiels d\u00e9cisifs. Le Prinect Pressroom Manager vous permet de relier intelligemment les informations existantes afin que les travaux d&rsquo;impression soient automatiquement disponibles au bon moment et sur la bonne presse. Le Prinect Pressroom Manager met toutes les donn\u00e9es \u00e0 disposition sur des Prinect Cockpits clairs ainsi que sur le poste de commande des machines d&rsquo;impression. Ils permettent \u00e0 l&rsquo;imprimeur de relever plus facilement ses d\u00e9fis quotidiens, par exemple gr\u00e2ce aux possibilit\u00e9s de s\u00e9lection pour un gain de temps dans le traitement des commandes.<\/p>\n<p>Livr\u00e9 avec un dongle USB et une cl\u00e9 de d\u00e9verrouillage. Le CD du logiciel original correspondant doit ensuite \u00eatre command\u00e9 aupr\u00e8s du support Heidelberg.<\/p>\n","protected":false},"excerpt":{"rendered":"<p>Les composants Prinect suivants sont licenci\u00e9s sur la cl\u00e9 \u00e9lectronique du serveur de licences : Prinect Pressroom Manager 106 (contient alors l&rsquo;interface pr\u00e9-presse pour 8 pages) Prinect Integration Manager (y compris 1\u00d7 Prinect Cockpit) Version : 15.0 L&rsquo;int\u00e9gration de toutes les \u00e9tapes du processus conf\u00e8re aux imprimeries des avantages concurrentiels d\u00e9cisifs. Le Prinect Pressroom Manager [&hellip;]<\/p>\n","protected":false},"featured_media":57125,"template":"","meta":[],"product_brand":[],"product_cat":[3013],"product_tag":[],"class_list":{"0":"post-93390","1":"product","2":"type-product","3":"status-publish","4":"has-post-thumbnail","6":"product_cat-logiciel-de-prepresse","7":"pa_baujahr-711","8":"pa_hersteller-heideberger-druckmaschinen","9":"pa_typ-prinect-pressroom-manager-106","11":"first","12":"instock","13":"sold-individually","14":"taxable","15":"shipping-taxable","16":"purchasable","17":"product-type-simple"},"jetpack_sharing_enabled":true,"_links":{"self":[{"href":"https:\/\/www.3p-gmbh.de\/fr\/wp-json\/wp\/v2\/product\/93390","targetHints":{"allow":["GET"]}}],"collection":[{"href":"https:\/\/www.3p-gmbh.de\/fr\/wp-json\/wp\/v2\/product"}],"about":[{"href":"https:\/\/www.3p-gmbh.de\/fr\/wp-json\/wp\/v2\/types\/product"}],"wp:featuredmedia":[{"embeddable":true,"href":"https:\/\/www.3p-gmbh.de\/fr\/wp-json\/wp\/v2\/media\/57125"}],"wp:attachment":[{"href":"https:\/\/www.3p-gmbh.de\/fr\/wp-json\/wp\/v2\/media?parent=93390"}],"wp:term":[{"taxonomy":"product_brand","embeddable":true,"href":"https:\/\/www.3p-gmbh.de\/fr\/wp-json\/wp\/v2\/product_brand?post=93390"},{"taxonomy":"product_cat","embeddable":true,"href":"https:\/\/www.3p-gmbh.de\/fr\/wp-json\/wp\/v2\/product_cat?post=93390"},{"taxonomy":"product_tag","embeddable":true,"href":"https:\/\/www.3p-gmbh.de\/fr\/wp-json\/wp\/v2\/product_tag?post=93390"}],"curies":[{"name":"wp","href":"https:\/\/api.w.org\/{rel}","templated":true}]}}