{"id":93386,"date":"2019-07-11T13:54:32","date_gmt":"2019-07-11T13:54:32","guid":{"rendered":"https:\/\/www.3p-gmbh.de\/produkt\/pompe-a-regeneration-gorman-rupp\/"},"modified":"2019-07-11T13:54:32","modified_gmt":"2019-07-11T13:54:32","slug":"pompe-oscillante","status":"publish","type":"product","link":"https:\/\/www.3p-gmbh.de\/fr\/produkt\/pompe-oscillante\/","title":{"rendered":"Pompe \u00e0 r\u00e9g\u00e9n\u00e9ration Gorman Rupp"},"content":{"rendered":"<p>pompe volum\u00e9trique oscillante (pompe \u00e0 r\u00e9g\u00e9n\u00e9ration) pour machine \u00e0 d\u00e9velopper les films<\/p>\n","protected":false},"excerpt":{"rendered":"<p>pompe volum\u00e9trique oscillante (pompe \u00e0 r\u00e9g\u00e9n\u00e9ration) pour machine \u00e0 d\u00e9velopper les films<\/p>\n","protected":false},"featured_media":55148,"template":"","meta":[],"product_brand":[],"product_cat":[2936],"product_tag":[],"class_list":{"0":"post-93386","1":"product","2":"type-product","3":"status-publish","4":"has-post-thumbnail","6":"product_cat-systemes-dexposition-et-de-developpement-de-films","7":"pa_hersteller-gorman-rupp","8":"pa_typ-regeneratpumpe","10":"first","11":"instock","12":"sold-individually","13":"taxable","14":"shipping-taxable","15":"purchasable","16":"product-type-simple"},"jetpack_sharing_enabled":true,"_links":{"self":[{"href":"https:\/\/www.3p-gmbh.de\/fr\/wp-json\/wp\/v2\/product\/93386","targetHints":{"allow":["GET"]}}],"collection":[{"href":"https:\/\/www.3p-gmbh.de\/fr\/wp-json\/wp\/v2\/product"}],"about":[{"href":"https:\/\/www.3p-gmbh.de\/fr\/wp-json\/wp\/v2\/types\/product"}],"wp:featuredmedia":[{"embeddable":true,"href":"https:\/\/www.3p-gmbh.de\/fr\/wp-json\/wp\/v2\/media\/55148"}],"wp:attachment":[{"href":"https:\/\/www.3p-gmbh.de\/fr\/wp-json\/wp\/v2\/media?parent=93386"}],"wp:term":[{"taxonomy":"product_brand","embeddable":true,"href":"https:\/\/www.3p-gmbh.de\/fr\/wp-json\/wp\/v2\/product_brand?post=93386"},{"taxonomy":"product_cat","embeddable":true,"href":"https:\/\/www.3p-gmbh.de\/fr\/wp-json\/wp\/v2\/product_cat?post=93386"},{"taxonomy":"product_tag","embeddable":true,"href":"https:\/\/www.3p-gmbh.de\/fr\/wp-json\/wp\/v2\/product_tag?post=93386"}],"curies":[{"name":"wp","href":"https:\/\/api.w.org\/{rel}","templated":true}]}}