{"id":93361,"date":"2019-07-11T13:54:32","date_gmt":"2019-07-11T13:54:32","guid":{"rendered":"https:\/\/www.3p-gmbh.de\/produkt\/machines-de-developpement-de-films-glunz-jensen\/"},"modified":"2019-07-11T13:54:32","modified_gmt":"2019-07-11T13:54:32","slug":"machine-de-developpement-de-films-3","status":"publish","type":"product","link":"https:\/\/www.3p-gmbh.de\/fr\/produkt\/machine-de-developpement-de-films-3\/","title":{"rendered":"Machines de d\u00e9veloppement de films Glunz &amp; Jensen"},"content":{"rendered":"<ul>\n<li>disponible en permanence en stock, nettoy\u00e9 et test\u00e9 en atelier<\/li>\n<li>sur demande, avec les largeurs d&rsquo;entr\u00e9e suivantes : 400, 550, 720, 860, 950 et 1250 mm<\/li>\n<li>toutes les machines \u00e9galement avec des cassettes lumi\u00e8re du jour<\/li>\n<\/ul>\n","protected":false},"excerpt":{"rendered":"<p>disponible en permanence en stock, nettoy\u00e9 et test\u00e9 en atelier sur demande, avec les largeurs d&rsquo;entr\u00e9e suivantes : 400, 550, 720, 860, 950 et 1250 mm toutes les machines \u00e9galement avec des cassettes lumi\u00e8re du jour<\/p>\n","protected":false},"featured_media":55169,"template":"","meta":[],"product_brand":[],"product_cat":[2936],"product_tag":[],"class_list":{"0":"post-93361","1":"product","2":"type-product","3":"status-publish","4":"has-post-thumbnail","6":"product_cat-systemes-dexposition-et-de-developpement-de-films","7":"pa_hersteller-glunz-jensen","8":"pa_typ-multiline-400-550-720-860-950-1250","10":"first","11":"instock","12":"sold-individually","13":"taxable","14":"shipping-taxable","15":"purchasable","16":"product-type-simple"},"jetpack_sharing_enabled":true,"_links":{"self":[{"href":"https:\/\/www.3p-gmbh.de\/fr\/wp-json\/wp\/v2\/product\/93361","targetHints":{"allow":["GET"]}}],"collection":[{"href":"https:\/\/www.3p-gmbh.de\/fr\/wp-json\/wp\/v2\/product"}],"about":[{"href":"https:\/\/www.3p-gmbh.de\/fr\/wp-json\/wp\/v2\/types\/product"}],"wp:featuredmedia":[{"embeddable":true,"href":"https:\/\/www.3p-gmbh.de\/fr\/wp-json\/wp\/v2\/media\/55169"}],"wp:attachment":[{"href":"https:\/\/www.3p-gmbh.de\/fr\/wp-json\/wp\/v2\/media?parent=93361"}],"wp:term":[{"taxonomy":"product_brand","embeddable":true,"href":"https:\/\/www.3p-gmbh.de\/fr\/wp-json\/wp\/v2\/product_brand?post=93361"},{"taxonomy":"product_cat","embeddable":true,"href":"https:\/\/www.3p-gmbh.de\/fr\/wp-json\/wp\/v2\/product_cat?post=93361"},{"taxonomy":"product_tag","embeddable":true,"href":"https:\/\/www.3p-gmbh.de\/fr\/wp-json\/wp\/v2\/product_tag?post=93361"}],"curies":[{"name":"wp","href":"https:\/\/api.w.org\/{rel}","templated":true}]}}